{"id":11797,"date":"2023-02-07T11:05:52","date_gmt":"2023-02-07T11:05:52","guid":{"rendered":"https:\/\/karmod.com.ng\/?page_id=11797"},"modified":"2023-02-08T22:45:45","modified_gmt":"2023-02-08T22:45:45","slug":"our-products","status":"publish","type":"page","link":"https:\/\/karmod.com.ng\/fr\/our-products\/","title":{"rendered":"Nos produits"},"content":{"rendered":"<div data-elementor-type=\"wp-page\" data-elementor-id=\"11797\" class=\"elementor elementor-11797\" data-elementor-post-type=\"page\">\n\t\t\t\t\t\t<section class=\"elementor-section elementor-top-section elementor-element elementor-element-36af4e54 elementor-section-boxed elementor-section-height-default elementor-section-height-default\" data-id=\"36af4e54\" data-element_type=\"section\" data-e-type=\"section\">\n\t\t\t\t\t\t<div class=\"elementor-container elementor-column-gap-default\">\n\t\t\t\t\t<div class=\"elementor-column elementor-col-100 elementor-top-column elementor-element elementor-element-6581aa6f\" data-id=\"6581aa6f\" data-element_type=\"column\" data-e-type=\"column\">\n\t\t\t<div class=\"elementor-widget-wrap elementor-element-populated\">\n\t\t\t\t\t\t<div class=\"elementor-element elementor-element-1b4350c elementor-widget elementor-widget-heading\" data-id=\"1b4350c\" data-element_type=\"widget\" data-e-type=\"widget\" data-widget_type=\"heading.default\">\n\t\t\t\t<div class=\"elementor-widget-container\">\n\t\t\t\t\t<h2 class=\"elementor-heading-title elementor-size-default\">Categories<\/h2>\t\t\t\t<\/div>\n\t\t\t\t<\/div>\n\t\t\t\t\t<\/div>\n\t\t<\/div>\n\t\t\t\t\t<\/div>\n\t\t<\/section>\n\t\t\t\t<section class=\"elementor-section elementor-top-section elementor-element elementor-element-aa0df08 elementor-section-boxed elementor-section-height-default elementor-section-height-default\" data-id=\"aa0df08\" data-element_type=\"section\" data-e-type=\"section\">\n\t\t\t\t\t\t<div class=\"elementor-container elementor-column-gap-default\">\n\t\t\t\t\t<div class=\"elementor-column elementor-col-50 elementor-top-column elementor-element elementor-element-68702ac\" data-id=\"68702ac\" data-element_type=\"column\" data-e-type=\"column\">\n\t\t\t<div class=\"elementor-widget-wrap elementor-element-populated\">\n\t\t\t\t\t\t<section class=\"elementor-section elementor-inner-section elementor-element elementor-element-9ab2119 elementor-section-boxed elementor-section-height-default elementor-section-height-default\" data-id=\"9ab2119\" data-element_type=\"section\" data-e-type=\"section\">\n\t\t\t\t\t\t<div class=\"elementor-container elementor-column-gap-default\">\n\t\t\t\t\t<div class=\"elementor-column elementor-col-100 elementor-inner-column elementor-element elementor-element-f7881d6\" data-id=\"f7881d6\" data-element_type=\"column\" data-e-type=\"column\" data-settings=\"{&quot;background_background&quot;:&quot;classic&quot;}\">\n\t\t\t<div class=\"elementor-widget-wrap elementor-element-populated\">\n\t\t\t\t\t\t<div class=\"elementor-element elementor-element-8d64c70 elementor-widget elementor-widget-toggle\" data-id=\"8d64c70\" data-element_type=\"widget\" data-e-type=\"widget\" data-widget_type=\"toggle.default\">\n\t\t\t\t<div class=\"elementor-widget-container\">\n\t\t\t\t\t\t\t<div class=\"elementor-toggle\">\n\t\t\t\t\t\t\t<div class=\"elementor-toggle-item\">\n\t\t\t\t\t<div id=\"elementor-tab-title-1481\" class=\"elementor-tab-title\" data-tab=\"1\" role=\"button\" aria-controls=\"elementor-tab-content-1481\" aria-expanded=\"false\">\n\t\t\t\t\t\t\t\t\t\t\t\t<span class=\"elementor-toggle-icon elementor-toggle-icon-left\" aria-hidden=\"true\">\n\t\t\t\t\t\t\t\t\t\t\t\t\t\t\t<span class=\"elementor-toggle-icon-closed\"><i class=\"fas fa-caret-right\"><\/i><\/span>\n\t\t\t\t\t\t\t\t<span class=\"elementor-toggle-icon-opened\"><i class=\"elementor-toggle-icon-opened fas fa-caret-up\"><\/i><\/span>\n\t\t\t\t\t\t\t\t\t\t\t\t\t<\/span>\n\t\t\t\t\t\t\t\t\t\t\t\t<a class=\"elementor-toggle-title\" tabindex=\"0\">R\u00e9cipient<\/a>\n\t\t\t\t\t<\/div>\n\n\t\t\t\t\t<div id=\"elementor-tab-content-1481\" class=\"elementor-tab-content elementor-clearfix\" data-tab=\"1\" role=\"region\" aria-labelledby=\"elementor-tab-title-1481\"><p><span style=\"color: #ffffff;\"><a style=\"color: #ffffff;\" href=\"https:\/\/karmod.com.ng\/fr\/container-categories\/flat-pack-container\/\" target=\"_blank\" rel=\"noopener\">Flat Pack Container<\/a><\/span><\/p><p><span style=\"color: #ffffff;\"><a style=\"color: #ffffff;\" href=\"https:\/\/karmod.com.ng\/fr\/container-categories\/city-containers\/\" target=\"_blank\" rel=\"noopener\">Conteneurs de ville<\/a><\/span><\/p><p><span style=\"color: #ffffff;\"><a style=\"color: #ffffff;\" href=\"https:\/\/karmod.com.ng\/fr\/container-categories\/container-accommodation-and-hotels-designs\/\" target=\"_blank\" rel=\"noopener\">Container Accommodation and Hotels Designs<\/a><\/span><\/p><p><span style=\"color: #ffffff;\"><a style=\"color: #ffffff;\" href=\"https:\/\/karmod.com.ng\/fr\/container-categories\/container-homes\/\" target=\"_blank\" rel=\"noopener\">Maisons de conteneurs<\/a><\/span><\/p><p><span style=\"color: #ffffff;\"><a style=\"color: #ffffff;\" href=\"https:\/\/karmod.com.ng\/fr\/container-categories\/container-offices\/\" target=\"_blank\" rel=\"noopener\">Container Offices<\/a><\/span><\/p><p><span style=\"color: #ffffff;\"><a style=\"color: #ffffff;\" href=\"https:\/\/karmod.com.ng\/fr\/container-categories\/container-restaurants\/\" target=\"_blank\" rel=\"noopener\">Container Restaurants<\/a><\/span><\/p><p><span style=\"color: #ffffff;\"><a style=\"color: #ffffff;\" href=\"https:\/\/karmod.com.ng\/fr\/container-categories\/custom-container\/\" target=\"_blank\" rel=\"noopener\">Custom Container<\/a><\/span><\/p><p><span style=\"color: #ffffff;\"><a style=\"color: #ffffff;\" href=\"https:\/\/karmod.com.ng\/fr\/container-categories\/flat-pack-container\/\" target=\"_blank\" rel=\"noopener\">Modular Container Buildings<\/a><\/span><\/p><p><span style=\"color: #ffffff;\"><a style=\"color: #ffffff;\" href=\"https:\/\/karmod.com.ng\/fr\/container-categories\/temporary-refugee-camps\/\" target=\"_blank\" rel=\"noopener\">Camps de r\u00e9fugi\u00e9s temporaires<\/a><\/span><\/p><p><span style=\"color: #ffffff;\"><a style=\"color: #ffffff;\" href=\"https:\/\/karmod.com.ng\/fr\/container-categories\/wc-and-shower-sanitary-containers\/\" target=\"_blank\" rel=\"noopener\">WC and Shower \u2013 Sanitary Containers<\/a><\/span><\/p><\/div>\n\t\t\t\t<\/div>\n\t\t\t\t\t\t\t<div class=\"elementor-toggle-item\">\n\t\t\t\t\t<div id=\"elementor-tab-title-1482\" class=\"elementor-tab-title\" data-tab=\"2\" role=\"button\" aria-controls=\"elementor-tab-content-1482\" aria-expanded=\"false\">\n\t\t\t\t\t\t\t\t\t\t\t\t<span class=\"elementor-toggle-icon elementor-toggle-icon-left\" aria-hidden=\"true\">\n\t\t\t\t\t\t\t\t\t\t\t\t\t\t\t<span class=\"elementor-toggle-icon-closed\"><i class=\"fas fa-caret-right\"><\/i><\/span>\n\t\t\t\t\t\t\t\t<span class=\"elementor-toggle-icon-opened\"><i class=\"elementor-toggle-icon-opened fas fa-caret-up\"><\/i><\/span>\n\t\t\t\t\t\t\t\t\t\t\t\t\t<\/span>\n\t\t\t\t\t\t\t\t\t\t\t\t<a class=\"elementor-toggle-title\" tabindex=\"0\">Cabines Modulaires<\/a>\n\t\t\t\t\t<\/div>\n\n\t\t\t\t\t<div id=\"elementor-tab-content-1482\" class=\"elementor-tab-content elementor-clearfix\" data-tab=\"2\" role=\"region\" aria-labelledby=\"elementor-tab-title-1482\"><p><span style=\"color: #ffffff;\"><a style=\"color: #ffffff;\" href=\"https:\/\/karmod.com.ng\/fr\/modular-cabin-categories\/bullet-resistant-guard-booths\/\" target=\"_blank\" rel=\"noopener\">Bullet Resistant Guard Booths<\/a><\/span><\/p><p><span style=\"color: #ffffff;\"><a style=\"color: #ffffff;\" href=\"https:\/\/karmod.com.ng\/fr\/modular-cabin-categories\/modern-container-homes\/\" target=\"_blank\" rel=\"noopener\">modern Container Homes<\/a><\/span><\/p><p><span style=\"color: #ffffff;\"><a style=\"color: #ffffff;\" href=\"https:\/\/karmod.com.ng\/fr\/modular-cabin-categories\/modular-kiosk-types\/\" target=\"_blank\" rel=\"noopener\">modular Kiosk Types<\/a><\/span><\/p><p><span style=\"color: #ffffff;\"><a style=\"color: #ffffff;\" href=\"https:\/\/karmod.com.ng\/fr\/modular-cabin-categories\/portable-cabins\/\" target=\"_blank\" rel=\"noopener\">Cabines portables<\/a><\/span><\/p><p><span style=\"color: #ffffff;\"><a style=\"color: #ffffff;\" href=\"https:\/\/karmod.com.ng\/fr\/modular-cabin-categories\/portable-toilets-and-showers\/\" target=\"_blank\" rel=\"noopener\">Toilettes et douches portatives<\/a><\/span><\/p><p><span style=\"color: #ffffff;\"><a style=\"color: #ffffff;\" href=\"https:\/\/karmod.com.ng\/fr\/modular-cabin-categories\/security-huts\/\" target=\"_blank\" rel=\"noopener\">Security Huts<\/a><\/span><\/p><p><span style=\"color: #ffffff;\"><a style=\"color: #ffffff;\" href=\"https:\/\/karmod.com.ng\/fr\/modular-cabin-categories\/security-kiosks-gatehouses\/\" target=\"_blank\" rel=\"noopener\">Security Kiosks Gatehouses<\/a><\/span><\/p><\/div>\n\t\t\t\t<\/div>\n\t\t\t\t\t\t\t<div class=\"elementor-toggle-item\">\n\t\t\t\t\t<div id=\"elementor-tab-title-1483\" class=\"elementor-tab-title\" data-tab=\"3\" role=\"button\" aria-controls=\"elementor-tab-content-1483\" aria-expanded=\"false\">\n\t\t\t\t\t\t\t\t\t\t\t\t<span class=\"elementor-toggle-icon elementor-toggle-icon-left\" aria-hidden=\"true\">\n\t\t\t\t\t\t\t\t\t\t\t\t\t\t\t<span class=\"elementor-toggle-icon-closed\"><i class=\"fas fa-caret-right\"><\/i><\/span>\n\t\t\t\t\t\t\t\t<span class=\"elementor-toggle-icon-opened\"><i class=\"elementor-toggle-icon-opened fas fa-caret-up\"><\/i><\/span>\n\t\t\t\t\t\t\t\t\t\t\t\t\t<\/span>\n\t\t\t\t\t\t\t\t\t\t\t\t<a class=\"elementor-toggle-title\" tabindex=\"0\">Maisons pr\u00e9fabriqu\u00e9es<\/a>\n\t\t\t\t\t<\/div>\n\n\t\t\t\t\t<div id=\"elementor-tab-content-1483\" class=\"elementor-tab-content elementor-clearfix\" data-tab=\"3\" role=\"region\" aria-labelledby=\"elementor-tab-title-1483\"><p>Coming soon<\/p><\/div>\n\t\t\t\t<\/div>\n\t\t\t\t\t\t\t<div class=\"elementor-toggle-item\">\n\t\t\t\t\t<div id=\"elementor-tab-title-1484\" class=\"elementor-tab-title\" data-tab=\"4\" role=\"button\" aria-controls=\"elementor-tab-content-1484\" aria-expanded=\"false\">\n\t\t\t\t\t\t\t\t\t\t\t\t<span class=\"elementor-toggle-icon elementor-toggle-icon-left\" aria-hidden=\"true\">\n\t\t\t\t\t\t\t\t\t\t\t\t\t\t\t<span class=\"elementor-toggle-icon-closed\"><i class=\"fas fa-caret-right\"><\/i><\/span>\n\t\t\t\t\t\t\t\t<span class=\"elementor-toggle-icon-opened\"><i class=\"elementor-toggle-icon-opened fas fa-caret-up\"><\/i><\/span>\n\t\t\t\t\t\t\t\t\t\t\t\t\t<\/span>\n\t\t\t\t\t\t\t\t\t\t\t\t<a class=\"elementor-toggle-title\" tabindex=\"0\">Maisons modulaires<\/a>\n\t\t\t\t\t<\/div>\n\n\t\t\t\t\t<div id=\"elementor-tab-content-1484\" class=\"elementor-tab-content elementor-clearfix\" data-tab=\"4\" role=\"region\" aria-labelledby=\"elementor-tab-title-1484\"><p><span style=\"color: #ffffff;\"><a style=\"color: #ffffff;\" href=\"https:\/\/karmod.com.ng\/fr\/modular-home-categories\/emergency-accommodation-units\/\" target=\"_blank\" rel=\"noopener\">Unit\u00e9s d&#039;h\u00e9bergement d&#039;urgence<\/a><\/span><\/p><p><span style=\"color: #ffffff;\"><a style=\"color: #ffffff;\" href=\"https:\/\/karmod.com.ng\/fr\/modular-home-categories\/low-cost-housing-projects\/\" target=\"_blank\" rel=\"noopener\">Low Cost Housing &amp; Projects<\/a><\/span><\/p><p><span style=\"color: #ffffff;\"><a style=\"color: #ffffff;\" href=\"https:\/\/karmod.com.ng\/fr\/modular-home-categories\/prefabricated-home-specifications\/\" target=\"_blank\" rel=\"noopener\">Sp\u00e9cifications des maisons pr\u00e9fabriqu\u00e9es<\/a><\/span><\/p><p><span style=\"color: #ffffff;\"><a style=\"color: #ffffff;\" href=\"https:\/\/karmod.com.ng\/fr\/modular-home-categories\/prefabricated-villas\/\" target=\"_blank\" rel=\"noopener\">Prefabricated Villas<\/a><\/span><\/p><p><span style=\"color: #ffffff;\"><a style=\"color: #ffffff;\" href=\"https:\/\/karmod.com.ng\/fr\/modular-home-categories\/single-storey-prefabricated-houses\/\" target=\"_blank\" rel=\"noopener\">Maisons pr\u00e9fabriqu\u00e9es \u00e0 un \u00e9tage<\/a><\/span><\/p><p><span style=\"color: #ffffff;\"><a style=\"color: #ffffff;\" href=\"https:\/\/karmod.com.ng\/fr\/modular-home-categories\/two-storey-prefabricated-houses\/\" target=\"_blank\" rel=\"noopener\">Maisons pr\u00e9fabriqu\u00e9es \u00e0 deux \u00e9tages<\/a><\/span><\/p><\/div>\n\t\t\t\t<\/div>\n\t\t\t\t\t\t\t\t<\/div>\n\t\t\t\t\t\t<\/div>\n\t\t\t\t<\/div>\n\t\t\t\t\t<\/div>\n\t\t<\/div>\n\t\t\t\t\t<\/div>\n\t\t<\/section>\n\t\t\t\t\t<\/div>\n\t\t<\/div>\n\t\t\t\t<div class=\"elementor-column elementor-col-50 elementor-top-column elementor-element elementor-element-da26b05\" data-id=\"da26b05\" data-element_type=\"column\" data-e-type=\"column\">\n\t\t\t<div class=\"elementor-widget-wrap elementor-element-populated\">\n\t\t\t\t\t\t<section class=\"elementor-section elementor-inner-section elementor-element elementor-element-f1b4b2b elementor-section-boxed elementor-section-height-default elementor-section-height-default\" data-id=\"f1b4b2b\" data-element_type=\"section\" data-e-type=\"section\">\n\t\t\t\t\t\t<div class=\"elementor-container elementor-column-gap-no\">\n\t\t\t\t\t<div class=\"elementor-column elementor-col-50 elementor-inner-column elementor-element elementor-element-bf51752\" data-id=\"bf51752\" data-element_type=\"column\" data-e-type=\"column\">\n\t\t\t<div class=\"elementor-widget-wrap elementor-element-populated\">\n\t\t\t\t\t\t<div class=\"elementor-element elementor-element-a335c80 elementor-widget elementor-widget-image\" data-id=\"a335c80\" data-element_type=\"widget\" data-e-type=\"widget\" data-widget_type=\"image.default\">\n\t\t\t\t<div class=\"elementor-widget-container\">\n\t\t\t\t\t\t\t\t\t\t\t\t\t\t\t\t<a href=\"https:\/\/karmod.com.ng\/fr\/karmod-containers\/\" target=\"_blank\">\n\t\t\t\t\t\t\t<img fetchpriority=\"high\" decoding=\"async\" width=\"624\" height=\"416\" src=\"https:\/\/karmod.com.ng\/wp-content\/uploads\/2023\/02\/27-1.jpg\" class=\"attachment-large size-large wp-image-11745\" alt=\"container office\" srcset=\"https:\/\/karmod.com.ng\/wp-content\/uploads\/2023\/02\/27-1.jpg 624w, https:\/\/karmod.com.ng\/wp-content\/uploads\/2023\/02\/27-1-300x200.jpg 300w, https:\/\/karmod.com.ng\/wp-content\/uploads\/2023\/02\/27-1-18x12.jpg 18w\" sizes=\"(max-width: 624px) 100vw, 624px\" \/>\t\t\t\t\t\t\t\t<\/a>\n\t\t\t\t\t\t\t\t\t\t\t\t\t\t\t<\/div>\n\t\t\t\t<\/div>\n\t\t\t\t<div class=\"elementor-element elementor-element-408f42d elementor-widget elementor-widget-heading\" data-id=\"408f42d\" data-element_type=\"widget\" data-e-type=\"widget\" data-widget_type=\"heading.default\">\n\t\t\t\t<div class=\"elementor-widget-container\">\n\t\t\t\t\t<h2 class=\"elementor-heading-title elementor-size-default\"><a href=\"https:\/\/karmod.com.ng\/fr\/karmod-containers\/\" target=\"_blank\">Conteneurs<\/a><\/h2>\t\t\t\t<\/div>\n\t\t\t\t<\/div>\n\t\t\t\t\t<\/div>\n\t\t<\/div>\n\t\t\t\t<div class=\"elementor-column elementor-col-50 elementor-inner-column elementor-element elementor-element-975aeb8\" data-id=\"975aeb8\" data-element_type=\"column\" data-e-type=\"column\">\n\t\t\t<div class=\"elementor-widget-wrap elementor-element-populated\">\n\t\t\t\t\t\t<div class=\"elementor-element elementor-element-87716f1 elementor-widget elementor-widget-image\" data-id=\"87716f1\" data-element_type=\"widget\" data-e-type=\"widget\" data-widget_type=\"image.default\">\n\t\t\t\t<div class=\"elementor-widget-container\">\n\t\t\t\t\t\t\t\t\t\t\t\t\t\t\t\t<a href=\"https:\/\/karmod.com.ng\/fr\/karmod-modular-cabins\/\" target=\"_blank\">\n\t\t\t\t\t\t\t<img decoding=\"async\" width=\"640\" height=\"427\" src=\"https:\/\/karmod.com.ng\/wp-content\/uploads\/2023\/01\/affordable-prefab-cabins-70397-1024x683.jpg\" class=\"attachment-large size-large wp-image-11344\" alt=\"\" srcset=\"https:\/\/karmod.com.ng\/wp-content\/uploads\/2023\/01\/affordable-prefab-cabins-70397-1024x683.jpg 1024w, https:\/\/karmod.com.ng\/wp-content\/uploads\/2023\/01\/affordable-prefab-cabins-70397-300x200.jpg 300w, https:\/\/karmod.com.ng\/wp-content\/uploads\/2023\/01\/affordable-prefab-cabins-70397-768x512.jpg 768w, https:\/\/karmod.com.ng\/wp-content\/uploads\/2023\/01\/affordable-prefab-cabins-70397-18x12.jpg 18w, https:\/\/karmod.com.ng\/wp-content\/uploads\/2023\/01\/affordable-prefab-cabins-70397.jpg 1200w\" sizes=\"(max-width: 640px) 100vw, 640px\" \/>\t\t\t\t\t\t\t\t<\/a>\n\t\t\t\t\t\t\t\t\t\t\t\t\t\t\t<\/div>\n\t\t\t\t<\/div>\n\t\t\t\t<div class=\"elementor-element elementor-element-6f7b22f elementor-widget elementor-widget-heading\" data-id=\"6f7b22f\" data-element_type=\"widget\" data-e-type=\"widget\" data-widget_type=\"heading.default\">\n\t\t\t\t<div class=\"elementor-widget-container\">\n\t\t\t\t\t<h2 class=\"elementor-heading-title elementor-size-default\"><a href=\"https:\/\/karmod.com.ng\/fr\/karmod-modular-cabins\/\" target=\"_blank\">Cabines Modulaires<\/a><\/h2>\t\t\t\t<\/div>\n\t\t\t\t<\/div>\n\t\t\t\t\t<\/div>\n\t\t<\/div>\n\t\t\t\t\t<\/div>\n\t\t<\/section>\n\t\t\t\t<section class=\"elementor-section elementor-inner-section elementor-element elementor-element-b12da1d elementor-section-boxed elementor-section-height-default elementor-section-height-default\" data-id=\"b12da1d\" data-element_type=\"section\" data-e-type=\"section\">\n\t\t\t\t\t\t<div class=\"elementor-container elementor-column-gap-default\">\n\t\t\t\t\t<div class=\"elementor-column elementor-col-50 elementor-inner-column elementor-element elementor-element-05af1c0\" data-id=\"05af1c0\" data-element_type=\"column\" data-e-type=\"column\">\n\t\t\t<div class=\"elementor-widget-wrap elementor-element-populated\">\n\t\t\t\t\t\t<div class=\"elementor-element elementor-element-0e2e0be elementor-widget elementor-widget-image\" data-id=\"0e2e0be\" data-element_type=\"widget\" data-e-type=\"widget\" data-widget_type=\"image.default\">\n\t\t\t\t<div class=\"elementor-widget-container\">\n\t\t\t\t\t\t\t\t\t\t\t\t\t\t\t\t<a href=\"https:\/\/karmod.com.ng\/fr\/prefabricated-building\/\" target=\"_blank\">\n\t\t\t\t\t\t\t<img decoding=\"async\" width=\"640\" height=\"427\" src=\"https:\/\/karmod.com.ng\/wp-content\/uploads\/2023\/02\/prefabrik-buro-56925_1-1024x683.jpg\" class=\"attachment-large size-large wp-image-11805\" alt=\"\" srcset=\"https:\/\/karmod.com.ng\/wp-content\/uploads\/2023\/02\/prefabrik-buro-56925_1-1024x683.jpg 1024w, https:\/\/karmod.com.ng\/wp-content\/uploads\/2023\/02\/prefabrik-buro-56925_1-300x200.jpg 300w, https:\/\/karmod.com.ng\/wp-content\/uploads\/2023\/02\/prefabrik-buro-56925_1-768x512.jpg 768w, https:\/\/karmod.com.ng\/wp-content\/uploads\/2023\/02\/prefabrik-buro-56925_1-18x12.jpg 18w, https:\/\/karmod.com.ng\/wp-content\/uploads\/2023\/02\/prefabrik-buro-56925_1.jpg 1200w\" sizes=\"(max-width: 640px) 100vw, 640px\" \/>\t\t\t\t\t\t\t\t<\/a>\n\t\t\t\t\t\t\t\t\t\t\t\t\t\t\t<\/div>\n\t\t\t\t<\/div>\n\t\t\t\t<div class=\"elementor-element elementor-element-7603e4f elementor-widget elementor-widget-heading\" data-id=\"7603e4f\" data-element_type=\"widget\" data-e-type=\"widget\" data-widget_type=\"heading.default\">\n\t\t\t\t<div class=\"elementor-widget-container\">\n\t\t\t\t\t<h2 class=\"elementor-heading-title elementor-size-default\"><a href=\"https:\/\/karmod.com.ng\/fr\/prefabricated-building\/\" target=\"_blank\">Maisons pr\u00e9fabriqu\u00e9es<\/a><\/h2>\t\t\t\t<\/div>\n\t\t\t\t<\/div>\n\t\t\t\t\t<\/div>\n\t\t<\/div>\n\t\t\t\t<div class=\"elementor-column elementor-col-50 elementor-inner-column elementor-element elementor-element-6f3551c\" data-id=\"6f3551c\" data-element_type=\"column\" data-e-type=\"column\">\n\t\t\t<div class=\"elementor-widget-wrap elementor-element-populated\">\n\t\t\t\t\t\t<div class=\"elementor-element elementor-element-1b6b0e1 elementor-widget elementor-widget-image\" data-id=\"1b6b0e1\" data-element_type=\"widget\" data-e-type=\"widget\" data-widget_type=\"image.default\">\n\t\t\t\t<div class=\"elementor-widget-container\">\n\t\t\t\t\t\t\t\t\t\t\t\t\t\t\t\t<a href=\"https:\/\/karmod.com.ng\/fr\/modular-homes\/\" target=\"_blank\">\n\t\t\t\t\t\t\t<img loading=\"lazy\" decoding=\"async\" width=\"640\" height=\"427\" src=\"https:\/\/karmod.com.ng\/wp-content\/uploads\/2023\/01\/modular-homes-prices-55170-1024x683.jpg\" class=\"attachment-large size-large wp-image-11166\" alt=\"\" srcset=\"https:\/\/karmod.com.ng\/wp-content\/uploads\/2023\/01\/modular-homes-prices-55170-1024x683.jpg 1024w, https:\/\/karmod.com.ng\/wp-content\/uploads\/2023\/01\/modular-homes-prices-55170-300x200.jpg 300w, https:\/\/karmod.com.ng\/wp-content\/uploads\/2023\/01\/modular-homes-prices-55170-768x512.jpg 768w, https:\/\/karmod.com.ng\/wp-content\/uploads\/2023\/01\/modular-homes-prices-55170-18x12.jpg 18w, https:\/\/karmod.com.ng\/wp-content\/uploads\/2023\/01\/modular-homes-prices-55170.jpg 1200w\" sizes=\"(max-width: 640px) 100vw, 640px\" \/>\t\t\t\t\t\t\t\t<\/a>\n\t\t\t\t\t\t\t\t\t\t\t\t\t\t\t<\/div>\n\t\t\t\t<\/div>\n\t\t\t\t<div class=\"elementor-element elementor-element-9ae7dfd elementor-widget elementor-widget-heading\" data-id=\"9ae7dfd\" data-element_type=\"widget\" data-e-type=\"widget\" data-widget_type=\"heading.default\">\n\t\t\t\t<div class=\"elementor-widget-container\">\n\t\t\t\t\t<h2 class=\"elementor-heading-title elementor-size-default\"><a href=\"https:\/\/karmod.com.ng\/fr\/modular-homes\/\" target=\"_blank\">Maisons modulaires<\/a><\/h2>\t\t\t\t<\/div>\n\t\t\t\t<\/div>\n\t\t\t\t\t<\/div>\n\t\t<\/div>\n\t\t\t\t\t<\/div>\n\t\t<\/section>\n\t\t\t\t\t<\/div>\n\t\t<\/div>\n\t\t\t\t\t<\/div>\n\t\t<\/section>\n\t\t\t\t<\/div>","protected":false},"excerpt":{"rendered":"<p>Karmod Nigeria is the leading manufacturer of modular buildings and containers in Nigeria. We Premium modular portable containers for all purposes.Our accumulated experience stems from that of the parent company established since 1986. With production of thousands of containers every year, Karmod affordable containers have spread all over the country. In production of our modular&#8230;<\/p>","protected":false},"author":1,"featured_media":0,"parent":0,"menu_order":0,"comment_status":"closed","ping_status":"closed","template":"","meta":{"footnotes":""},"class_list":["post-11797","page","type-page","status-publish","hentry"],"acf":[],"_links":{"self":[{"href":"https:\/\/karmod.com.ng\/fr\/wp-json\/wp\/v2\/pages\/11797","targetHints":{"allow":["GET"]}}],"collection":[{"href":"https:\/\/karmod.com.ng\/fr\/wp-json\/wp\/v2\/pages"}],"about":[{"href":"https:\/\/karmod.com.ng\/fr\/wp-json\/wp\/v2\/types\/page"}],"author":[{"embeddable":true,"href":"https:\/\/karmod.com.ng\/fr\/wp-json\/wp\/v2\/users\/1"}],"replies":[{"embeddable":true,"href":"https:\/\/karmod.com.ng\/fr\/wp-json\/wp\/v2\/comments?post=11797"}],"version-history":[{"count":6,"href":"https:\/\/karmod.com.ng\/fr\/wp-json\/wp\/v2\/pages\/11797\/revisions"}],"predecessor-version":[{"id":11925,"href":"https:\/\/karmod.com.ng\/fr\/wp-json\/wp\/v2\/pages\/11797\/revisions\/11925"}],"wp:attachment":[{"href":"https:\/\/karmod.com.ng\/fr\/wp-json\/wp\/v2\/media?parent=11797"}],"curies":[{"name":"wp","href":"https:\/\/api.w.org\/{rel}","templated":true}]}}