{"id":2093,"date":"2017-07-20T08:11:32","date_gmt":"2017-07-20T08:11:32","guid":{"rendered":"http:\/\/karmod.com.ng\/?page_id=2093"},"modified":"2017-07-20T08:11:32","modified_gmt":"2017-07-20T08:11:32","slug":"worksite-and-office-containers","status":"publish","type":"page","link":"https:\/\/karmod.com.ng\/fr\/worksite-and-office-containers\/","title":{"rendered":"Conteneurs de chantier et de bureau"},"content":{"rendered":"<section class=\"fw-main-row\"  >\n\t<div class=\"fw-container\">\n\t\t<div class=\"fw-row\">\n\t<div class=\"fw-col-xs-12\">\n\t<p><em><strong>Choix de grandes entreprises avec nos 8 fonctionnalit\u00e9s sup\u00e9rieures<\/strong><\/em><\/p><p>Notre nouvelle g\u00e9n\u00e9ration\u00a0<strong>r\u00e9cipient<\/strong>\u00a0qui sont produits avec un syst\u00e8me de vis et de boulons compl\u00e8tement d\u00e9mont\u00e9 sont le premier choix des grands projets avec ses 8 caract\u00e9ristiques exceptionnelles.<\/p><p>Les conteneurs Karmod New Generation sont 30% moins d&#039;\u00e9missions de carbone, 100% recyclable et respectueux de l&#039;environnement et pr\u00e9sentent \u00e9galement les avantages d&#039;une production rapide, d&#039;une installation pratique, d&#039;un avantage enti\u00e8rement d\u00e9mont\u00e9 qui permet un assemblage-d\u00e9montage r\u00e9p\u00e9t\u00e9. Avec notre syst\u00e8me de panneaux sandwich offrant des tarifs allant jusqu&#039;\u00e0 60% d&#039;\u00e9conomie d&#039;\u00e9nergie en construction modulaire, nos structures de nouvelle g\u00e9n\u00e9ration offrent des solutions pour les camps de travail et les bureaux administratifs.<\/p><p>\u00a0<\/p><\/div>\n<\/div>\n\n<div class=\"fw-row\">\n\t<div class=\"fw-col-xs-12 fw-col-sm-4\">\n\t<div class=\"fw-heading fw-heading-h4\">\n\t\t<h4 class='fw-special-title'>Structures de conteneurs de site de 137 m\u00b2<\/h4>\t<\/div><p><img decoding=\"async\" src=\"http:\/\/karmod.com\/images\/icerik\/kapak\/en\/137-m%C2%B2-site-container-structures.jpg\" alt=\"137 m\u00b2 Site Container Structures\" \/><\/p><\/div>\n<div class=\"fw-col-xs-12 fw-col-sm-4\">\n\t<div class=\"fw-heading fw-heading-h4\">\n\t\t<h4 class='fw-special-title'>Structures de conteneurs de site de 210 m\u00b2<\/h4>\t<\/div><p><img decoding=\"async\" src=\"http:\/\/karmod.com\/images\/icerik\/kapak\/en\/210-m%C2%B2-site-container-structures.jpg\" alt=\"210 m\u00b2 Site Container Structures\" \/><\/p><\/div>\n<div class=\"fw-col-xs-12 fw-col-sm-4\">\n\t<div class=\"fw-heading fw-heading-h4\">\n\t\t<h4 class='fw-special-title'>Structures de conteneurs de site de 467 m\u00b2<\/h4>\t<\/div><p><img decoding=\"async\" src=\"http:\/\/karmod.com\/images\/icerik\/kapak\/en\/467-m%C2%B2-site-container-structures.jpg\" alt=\"467 m\u00b2 Site Container Structures\" \/><\/p><\/div>\n<\/div>\n\n<div class=\"fw-row\">\n\t<div class=\"fw-col-xs-12\">\n\t<\/div>\n<\/div>\n\n\t<\/div>\n<\/section>","protected":false},"excerpt":{"rendered":"<p>Choice of big companies with our 8 superior featuresOur new generation\u00a0container\u00a0that are produced with completely disassembled screw and bolt system are the first choice of major projects with its 8 outstanding features.Karmod New Generation containers are 30% less carbon emissions , 100% recyclable eco-friendly and also have advantages of rapid production, practical installation, fully demounted&#8230;<\/p>","protected":false},"author":1,"featured_media":0,"parent":0,"menu_order":0,"comment_status":"closed","ping_status":"closed","template":"","meta":{"footnotes":""},"class_list":["post-2093","page","type-page","status-publish","hentry"],"acf":[],"_links":{"self":[{"href":"https:\/\/karmod.com.ng\/fr\/wp-json\/wp\/v2\/pages\/2093","targetHints":{"allow":["GET"]}}],"collection":[{"href":"https:\/\/karmod.com.ng\/fr\/wp-json\/wp\/v2\/pages"}],"about":[{"href":"https:\/\/karmod.com.ng\/fr\/wp-json\/wp\/v2\/types\/page"}],"author":[{"embeddable":true,"href":"https:\/\/karmod.com.ng\/fr\/wp-json\/wp\/v2\/users\/1"}],"replies":[{"embeddable":true,"href":"https:\/\/karmod.com.ng\/fr\/wp-json\/wp\/v2\/comments?post=2093"}],"version-history":[{"count":6,"href":"https:\/\/karmod.com.ng\/fr\/wp-json\/wp\/v2\/pages\/2093\/revisions"}],"predecessor-version":[{"id":2099,"href":"https:\/\/karmod.com.ng\/fr\/wp-json\/wp\/v2\/pages\/2093\/revisions\/2099"}],"wp:attachment":[{"href":"https:\/\/karmod.com.ng\/fr\/wp-json\/wp\/v2\/media?parent=2093"}],"curies":[{"name":"wp","href":"https:\/\/api.w.org\/{rel}","templated":true}]}}