{"id":2101,"date":"2017-07-20T08:30:57","date_gmt":"2017-07-20T08:30:57","guid":{"rendered":"http:\/\/karmod.com.ng\/?page_id=2101"},"modified":"2017-07-20T08:41:56","modified_gmt":"2017-07-20T08:41:56","slug":"sandwich-panel-container-types","status":"publish","type":"page","link":"https:\/\/karmod.com.ng\/fr\/sandwich-panel-container-types\/","title":{"rendered":"Types de conteneurs \u00e0 panneaux sandwich"},"content":{"rendered":"<section class=\"fw-main-row\"  >\n\t<div class=\"fw-container\">\n\t\t<div class=\"fw-row\">\n\t<div class=\"fw-col-xs-12\">\n\t<p><em><strong>Le choix de structure modulaire au monde<\/strong><\/em><\/p><p>Notre\u00a0<strong>mod\u00e8les de conteneurs<\/strong>\u00a0ont des avantages de production rapide, facile \u00e0 transporter, mis en place en peu de temps et \u00e0 un prix \u00e9conomique et sont produits avec un syst\u00e8me de vis compl\u00e8tement enfichable avec une production technologique.<\/p><p>Nos produits sont fabriqu\u00e9s en sandwich de 50 mm d&#039;\u00e9paisseur de paroi et de toit de 125 mm qui donnent un taux d&#039;isolation \u00e9lev\u00e9 avec des dimensions de 300x700 cm 230x600 et ont jusqu&#039;\u00e0 20 types diff\u00e9rents. Nos mod\u00e8les 300x700 cm sont des syst\u00e8mes enti\u00e8rement d\u00e9mont\u00e9s qui, premiers au monde, sont faciles \u00e0 installer et \u00e0 transporter conform\u00e9ment aux normes d&#039;exp\u00e9dition internationales.<\/p><p>\u00a0<\/p><\/div>\n<\/div>\n\n<div class=\"fw-row\">\n\t<div class=\"fw-col-xs-12 fw-col-sm-4\">\n\t<div class=\"fw-heading fw-heading-h5\">\n\t\t<h5 class='fw-special-title'>Conteneur \u00e0 panneaux sandwich K 1001<\/h5>\t<\/div><p><img decoding=\"async\" src=\"http:\/\/karmod.com\/images\/icerik\/kapak\/en\/sandwich-panel-container-k-1001.jpg\" alt=\"Sandwich Panel Container K 1001\" \/><\/p><\/div>\n<div class=\"fw-col-xs-12 fw-col-sm-4\">\n\t<div class=\"fw-heading fw-heading-h5\">\n\t\t<h5 class='fw-special-title'>Conteneur \u00e0 panneaux sandwich K 1002<\/h5>\t<\/div><p><img decoding=\"async\" src=\"http:\/\/karmod.com\/images\/icerik\/kapak\/en\/sandwich-panel-container-k-1001.jpg\" alt=\"Sandwich Panel Container K 1001\" \/><\/p><\/div>\n<div class=\"fw-col-xs-12 fw-col-sm-4\">\n\t<div class=\"fw-heading fw-heading-h5\">\n\t\t<h5 class='fw-special-title'>Conteneur \u00e0 panneaux sandwich K 1003<\/h5>\t<\/div><p><img decoding=\"async\" src=\"http:\/\/karmod.com\/images\/icerik\/kapak\/en\/sandwich-panel-container-k-1001.jpg\" alt=\"Sandwich Panel Container K 1001\" \/><\/p><\/div>\n<\/div>\n\n<div class=\"fw-row\">\n\t<div class=\"fw-col-xs-12\">\n\t\n\t<div class=\"fw-divider-space\" style=\"padding-top: 50px;\"><\/div>\n<\/div>\n<\/div>\n\n<div class=\"fw-row\">\n\t<div class=\"fw-col-xs-12 fw-col-sm-4\">\n\t<div class=\"fw-heading fw-heading-h5\">\n\t\t<h5 class='fw-special-title'>Conteneur Panneau Sandwich K 2001<\/h5>\t<\/div><p><img decoding=\"async\" src=\"http:\/\/karmod.com\/images\/icerik\/kapak\/en\/sandwich-panel-container-k-1001.jpg\" alt=\"Sandwich Panel Container K 1001\" \/><\/p><\/div>\n<div class=\"fw-col-xs-12 fw-col-sm-4\">\n\t<div class=\"fw-heading fw-heading-h5\">\n\t\t<h5 class='fw-special-title'>Conteneur Panneau Sandwich K 2002<\/h5>\t<\/div><p><img decoding=\"async\" src=\"http:\/\/karmod.com\/images\/icerik\/kapak\/en\/sandwich-panel-container-k-1001.jpg\" alt=\"Sandwich Panel Container K 1001\" \/><\/p><\/div>\n<div class=\"fw-col-xs-12 fw-col-sm-4\">\n\t<div class=\"fw-heading fw-heading-h5\">\n\t\t<h5 class='fw-special-title'>Conteneur Panneau Sandwich K 2003<\/h5>\t<\/div><p><img decoding=\"async\" src=\"http:\/\/karmod.com\/images\/icerik\/kapak\/en\/sandwich-panel-container-k-1001.jpg\" alt=\"Sandwich Panel Container K 1001\" \/><\/p><\/div>\n<\/div>\n\n<div class=\"fw-row\">\n\t<div class=\"fw-col-xs-12\">\n\t\n\t<div class=\"fw-divider-space\" style=\"padding-top: 50px;\"><\/div>\n<\/div>\n<\/div>\n\n<div class=\"fw-row\">\n\t<div class=\"fw-col-xs-12 fw-col-sm-4\">\n\t<div class=\"fw-heading fw-heading-h5\">\n\t\t<h5 class='fw-special-title'>Conteneur Panneau Sandwich K 2004<\/h5>\t<\/div><p><img decoding=\"async\" src=\"http:\/\/karmod.com\/images\/icerik\/kapak\/en\/sandwich-panel-container-k-1001.jpg\" alt=\"Sandwich Panel Container K 1001\" \/><\/p><\/div>\n<div class=\"fw-col-xs-12 fw-col-sm-4\">\n\t<div class=\"fw-heading fw-heading-h5\">\n\t\t<h5 class='fw-special-title'>Conteneur Panneau Sandwich K 2005<\/h5>\t<\/div><p><img decoding=\"async\" src=\"http:\/\/karmod.com\/images\/icerik\/kapak\/en\/sandwich-panel-container-k-1001.jpg\" alt=\"Sandwich Panel Container K 1001\" \/><\/p><\/div>\n<div class=\"fw-col-xs-12 fw-col-sm-4\">\n\t<div class=\"fw-heading fw-heading-h5\">\n\t\t<h5 class='fw-special-title'>Conteneur Panneau Sandwich K 2006<\/h5>\t<\/div><p><img decoding=\"async\" src=\"http:\/\/karmod.com\/images\/icerik\/kapak\/en\/sandwich-panel-container-k-1001.jpg\" alt=\"Sandwich Panel Container K 1001\" \/><\/p><\/div>\n<\/div>\n\n<div class=\"fw-row\">\n\t<div class=\"fw-col-xs-12\">\n\t\n\t<div class=\"fw-divider-space\" style=\"padding-top: 50px;\"><\/div>\n<\/div>\n<\/div>\n\n<div class=\"fw-row\">\n\t<div class=\"fw-col-xs-12 fw-col-sm-4\">\n\t<div class=\"fw-heading fw-heading-h5\">\n\t\t<h5 class='fw-special-title'>Conteneur panneau sandwich K 3001<\/h5>\t<\/div><p><img decoding=\"async\" src=\"http:\/\/karmod.com\/images\/icerik\/kapak\/en\/sandwich-panel-container-k-1001.jpg\" alt=\"Sandwich Panel Container K 1001\" \/><\/p><\/div>\n<div class=\"fw-col-xs-12 fw-col-sm-4\">\n\t<div class=\"fw-heading fw-heading-h5\">\n\t\t<h5 class='fw-special-title'>Conteneur \u00e0 panneaux sandwich K 3002<\/h5>\t<\/div><p><img decoding=\"async\" src=\"http:\/\/karmod.com\/images\/icerik\/kapak\/en\/sandwich-panel-container-k-1001.jpg\" alt=\"Sandwich Panel Container K 1001\" \/><\/p><\/div>\n<div class=\"fw-col-xs-12 fw-col-sm-4\">\n\t<div class=\"fw-heading fw-heading-h5\">\n\t\t<h5 class='fw-special-title'>Conteneur \u00e0 panneaux sandwich K 3003<\/h5>\t<\/div><p><img decoding=\"async\" src=\"http:\/\/karmod.com\/images\/icerik\/kapak\/en\/sandwich-panel-container-k-1001.jpg\" alt=\"Sandwich Panel Container K 1001\" \/><\/p><\/div>\n<\/div>\n\n<div class=\"fw-row\">\n\t<div class=\"fw-col-xs-12\">\n\t\n<\/div>\n<\/div>\n\n<div class=\"fw-row\">\n\t<div class=\"fw-col-xs-12 fw-col-sm-4\">\n\t<div class=\"fw-heading fw-heading-h5\">\n\t\t<h5 class='fw-special-title'>Conteneur \u00e0 panneaux sandwich K 3004<\/h5>\t<\/div><p><img decoding=\"async\" src=\"http:\/\/karmod.com\/images\/icerik\/kapak\/en\/sandwich-panel-container-k-1001.jpg\" alt=\"Sandwich Panel Container K 1001\" \/><\/p><\/div>\n<div class=\"fw-col-xs-12 fw-col-sm-4\">\n\t<div class=\"fw-heading fw-heading-h5\">\n\t\t<h5 class='fw-special-title'>Conteneur panneau sandwich K 3005<\/h5>\t<\/div><p><img decoding=\"async\" src=\"http:\/\/karmod.com\/images\/icerik\/kapak\/en\/sandwich-panel-container-k-1001.jpg\" alt=\"Sandwich Panel Container K 1001\" \/><\/p><\/div>\n<div class=\"fw-col-xs-12 fw-col-sm-4\">\n\t<div class=\"fw-heading fw-heading-h5\">\n\t\t<h5 class='fw-special-title'>Conteneur panneau sandwich K 3006<\/h5>\t<\/div><p><img decoding=\"async\" src=\"http:\/\/karmod.com\/images\/icerik\/kapak\/en\/sandwich-panel-container-k-1001.jpg\" alt=\"Sandwich Panel Container K 1001\" \/><\/p><\/div>\n<\/div>\n\n<div class=\"fw-row\">\n\t<div class=\"fw-col-xs-12\">\n\t\n\t<div class=\"fw-divider-space\" style=\"padding-top: 50px;\"><\/div>\n<\/div>\n<\/div>\n\n<div class=\"fw-row\">\n\t<div class=\"fw-col-xs-12 fw-col-sm-4\">\n\t<div class=\"fw-heading fw-heading-h5\">\n\t\t<h5 class='fw-special-title'>Conteneur panneau sandwich K 3007<\/h5>\t<\/div><p><img decoding=\"async\" src=\"http:\/\/karmod.com\/images\/icerik\/kapak\/en\/sandwich-panel-container-k-1001.jpg\" alt=\"Sandwich Panel Container K 1001\" \/><\/p><\/div>\n<div class=\"fw-col-xs-12 fw-col-sm-4\">\n\t<div class=\"fw-heading fw-heading-h5\">\n\t\t<h5 class='fw-special-title'>Conteneur \u00e0 panneaux sandwich K 7001<\/h5>\t<\/div><p><img decoding=\"async\" src=\"http:\/\/karmod.com\/images\/icerik\/kapak\/en\/sandwich-panel-container-k-1001.jpg\" alt=\"Sandwich Panel Container K 1001\" \/><\/p><\/div>\n<div class=\"fw-col-xs-12 fw-col-sm-4\">\n\t<div class=\"fw-heading fw-heading-h5\">\n\t\t<h5 class='fw-special-title'>Conteneur \u00e0 panneaux sandwich K 7002<\/h5>\t<\/div><p><img decoding=\"async\" src=\"http:\/\/karmod.com\/images\/icerik\/kapak\/en\/sandwich-panel-container-k-1001.jpg\" alt=\"Sandwich Panel Container K 1001\" \/><\/p><\/div>\n<\/div>\n\n<div class=\"fw-row\">\n\t<div class=\"fw-col-xs-12\">\n\t\n\t<div class=\"fw-divider-space\" style=\"padding-top: 50px;\"><\/div>\n<\/div>\n<\/div>\n\n<div class=\"fw-row\">\n\t<div class=\"fw-col-xs-12 fw-col-sm-4\">\n\t<div class=\"fw-heading fw-heading-h5\">\n\t\t<h5 class='fw-special-title'>Conteneur \u00e0 panneaux sandwich K 7003<\/h5>\t<\/div><p><img decoding=\"async\" src=\"http:\/\/karmod.com\/images\/icerik\/kapak\/en\/sandwich-panel-container-k-1001.jpg\" alt=\"Sandwich Panel Container K 1001\" \/><\/p><\/div>\n<div class=\"fw-col-xs-12 fw-col-sm-4\">\n\t<div class=\"fw-heading fw-heading-h5\">\n\t\t<h5 class='fw-special-title'>Conteneur \u00e0 panneaux sandwich K 8001<\/h5>\t<\/div><p><img decoding=\"async\" src=\"http:\/\/karmod.com\/images\/icerik\/kapak\/en\/sandwich-panel-container-k-1001.jpg\" alt=\"Sandwich Panel Container K 1001\" \/><\/p><\/div>\n<div class=\"fw-col-xs-12 fw-col-sm-4\">\n\t<div class=\"fw-heading fw-heading-h5\">\n\t\t<h5 class='fw-special-title'>Conteneur \u00e0 panneaux sandwich K 8002<\/h5>\t<\/div><p><img decoding=\"async\" src=\"http:\/\/karmod.com\/images\/icerik\/kapak\/en\/sandwich-panel-container-k-1001.jpg\" alt=\"Sandwich Panel Container K 1001\" \/><\/p><\/div>\n<\/div>\n\n\t<\/div>\n<\/section>","protected":false},"excerpt":{"rendered":"<p>World\u2019s modular structure choiceOur\u00a0container models\u00a0have advantages of fast production, easy to transport, set-up in a short time and with economic price and are produced with completely pluggable screw system with technological production.Our products are manufactured by 50 mm wall thickness and 125mm roof sandwich that give high insulation rate with dimensions of 300&#215;700 cm 230&#215;600&#8230;<\/p>","protected":false},"author":1,"featured_media":0,"parent":0,"menu_order":0,"comment_status":"closed","ping_status":"closed","template":"","meta":{"footnotes":""},"class_list":["post-2101","page","type-page","status-publish","hentry"],"acf":[],"_links":{"self":[{"href":"https:\/\/karmod.com.ng\/fr\/wp-json\/wp\/v2\/pages\/2101","targetHints":{"allow":["GET"]}}],"collection":[{"href":"https:\/\/karmod.com.ng\/fr\/wp-json\/wp\/v2\/pages"}],"about":[{"href":"https:\/\/karmod.com.ng\/fr\/wp-json\/wp\/v2\/types\/page"}],"author":[{"embeddable":true,"href":"https:\/\/karmod.com.ng\/fr\/wp-json\/wp\/v2\/users\/1"}],"replies":[{"embeddable":true,"href":"https:\/\/karmod.com.ng\/fr\/wp-json\/wp\/v2\/comments?post=2101"}],"version-history":[{"count":9,"href":"https:\/\/karmod.com.ng\/fr\/wp-json\/wp\/v2\/pages\/2101\/revisions"}],"predecessor-version":[{"id":2110,"href":"https:\/\/karmod.com.ng\/fr\/wp-json\/wp\/v2\/pages\/2101\/revisions\/2110"}],"wp:attachment":[{"href":"https:\/\/karmod.com.ng\/fr\/wp-json\/wp\/v2\/media?parent=2101"}],"curies":[{"name":"wp","href":"https:\/\/api.w.org\/{rel}","templated":true}]}}