{"id":2111,"date":"2017-07-20T08:58:37","date_gmt":"2017-07-20T08:58:37","guid":{"rendered":"http:\/\/karmod.com.ng\/?page_id=2111"},"modified":"2017-07-20T08:58:37","modified_gmt":"2017-07-20T08:58:37","slug":"city-containers-karmod","status":"publish","type":"page","link":"https:\/\/karmod.com.ng\/fr\/city-containers-karmod\/","title":{"rendered":"Conteneurs de ville"},"content":{"rendered":"<section class=\"fw-main-row\"  >\n\t<div class=\"fw-container\">\n\t\t<div class=\"fw-row\">\n\t<div class=\"fw-col-xs-12\">\n\t<p><em><strong>Structure pr\u00e9f\u00e9r\u00e9e de l&#039;architecture urbaine moderne ...<\/strong><\/em><\/p><p>Compatible avec l&#039;architecture urbaine moderne et sp\u00e9cialement con\u00e7u\u00a0<strong>Conteneurs de ville<\/strong>\u00a0ajouter l&#039;esth\u00e9tique et le confort o\u00f9 plac\u00e9 avec son design sp\u00e9cial et son harmonie avec l&#039;architecture urbaine moderne.\u00a0<\/p><p>Nos produits Metropol offrent des solutions pour diff\u00e9rentes utilisations comme les WC et douches, les cabines de s\u00e9curit\u00e9 et les kiosques avec leurs diff\u00e9rents mod\u00e8les et designs.<\/p><p>\u00a0<\/p><\/div>\n<\/div>\n\n<div class=\"fw-row\">\n\t<div class=\"fw-col-xs-12 fw-col-sm-4\">\n\t<div class=\"fw-heading fw-heading-h4\">\n\t\t<h4 class='fw-special-title'>Conteneurs Ville 150x150<\/h4>\t<\/div><p><img decoding=\"async\" src=\"http:\/\/karmod.com\/images\/icerik\/kapak\/en\/metropol-cabin-150x150.jpg\" alt=\"City Containers 150x150\" \/><\/p><\/div>\n<div class=\"fw-col-xs-12 fw-col-sm-4\">\n\t<div class=\"fw-heading fw-heading-h4\">\n\t\t<h4 class='fw-special-title'>Conteneurs Ville 200x200<\/h4>\t<\/div><p><img decoding=\"async\" src=\"http:\/\/karmod.com\/images\/icerik\/kapak\/en\/metropol-cabin-200-x-200.jpg\" alt=\"City Containers 200 x 200\" \/><\/p><\/div>\n<div class=\"fw-col-xs-12 fw-col-sm-4\">\n\t<div class=\"fw-heading fw-heading-h4\">\n\t\t<h4 class='fw-special-title'>Conteneurs Ville 200x300<\/h4>\t<\/div><p><img decoding=\"async\" src=\"http:\/\/karmod.com\/images\/icerik\/kapak\/en\/metropol-cabin-200-x-300.jpg\" alt=\"City Containers 200 x 300\" \/><\/p><\/div>\n<\/div>\n\n<div class=\"fw-row\">\n\t<div class=\"fw-col-xs-12\">\n\t\n\t<div class=\"fw-divider-space\" style=\"padding-top: 50px;\"><\/div>\n<\/div>\n<\/div>\n\n<div class=\"fw-row\">\n\t<div class=\"fw-col-xs-12 fw-col-sm-4\">\n\t<div class=\"fw-heading fw-heading-h4\">\n\t\t<h4 class='fw-special-title'>Conteneurs Ville 300x300<\/h4>\t<\/div><p><img decoding=\"async\" src=\"http:\/\/karmod.com\/images\/icerik\/kapak\/en\/metropol-cabin-300-x-300.jpg\" alt=\"City Containers 300 x 300\" \/><\/p><\/div>\n<div class=\"fw-col-xs-12 fw-col-sm-4\">\n\t<div class=\"fw-heading fw-heading-h4\">\n\t\t<h4 class='fw-special-title'>Conteneurs Ville 300x400<\/h4>\t<\/div><p><img decoding=\"async\" src=\"http:\/\/karmod.com\/images\/icerik\/kapak\/en\/metropol-cabin-300-x-400.jpg\" alt=\"City Containers 300 x 400\" \/><\/p><\/div>\n<div class=\"fw-col-xs-12 fw-col-sm-4\">\n\t<div class=\"fw-heading fw-heading-h4\">\n\t\t<h4 class='fw-special-title'>Conteneurs Ville 300x500<\/h4>\t<\/div><p><img decoding=\"async\" src=\"http:\/\/karmod.com\/images\/icerik\/kapak\/en\/metropol-cabin-300-x-500.jpg\" alt=\"City Containers 300 x 500\" \/><\/p><\/div>\n<\/div>\n\n<div class=\"fw-row\">\n\t<div class=\"fw-col-xs-12\">\n\t\n\t<div class=\"fw-divider-space\" style=\"padding-top: 50px;\"><\/div>\n<\/div>\n<\/div>\n\n<div class=\"fw-row\">\n\t<div class=\"fw-col-xs-12 fw-col-sm-4\">\n\t<div class=\"fw-heading fw-heading-h4\">\n\t\t<h4 class='fw-special-title'>Conteneurs Ville 300x600<\/h4>\t<\/div><p><img decoding=\"async\" src=\"http:\/\/karmod.com\/images\/icerik\/kapak\/en\/metropol-cabin-300-x-600.jpg\" alt=\"City Containers 300 x 600\" \/><\/p><\/div>\n<div class=\"fw-col-xs-12 fw-col-sm-4\">\n\t<div class=\"fw-heading fw-heading-h4\">\n\t\t<h4 class='fw-special-title'>Conteneurs Ville 300x700<\/h4>\t<\/div><p><img decoding=\"async\" src=\"http:\/\/karmod.com\/images\/icerik\/kapak\/en\/metropol-cabin-300-x-700.jpg\" alt=\"City Containers 300 x 700\" \/><\/p><\/div>\n<\/div>\n\n\t<\/div>\n<\/section>","protected":false},"excerpt":{"rendered":"<p>Preferred structure of modern urban architecture &#8230;Compatible with modern urban architecture and specially designs\u00a0City\u00a0Containers\u00a0add aesthetic and comfort where placed with his special design and harmony with modern urban architecture.\u00a0Our\u00a0 Metropol products offer solutions for different uses like WC &amp; shower unit , safety cabins and kiosk with their various models and designs.\u00a0 City Containers 150&#215;150&#8230;<\/p>","protected":false},"author":1,"featured_media":0,"parent":0,"menu_order":0,"comment_status":"closed","ping_status":"closed","template":"","meta":{"footnotes":""},"class_list":["post-2111","page","type-page","status-publish","hentry"],"acf":[],"_links":{"self":[{"href":"https:\/\/karmod.com.ng\/fr\/wp-json\/wp\/v2\/pages\/2111","targetHints":{"allow":["GET"]}}],"collection":[{"href":"https:\/\/karmod.com.ng\/fr\/wp-json\/wp\/v2\/pages"}],"about":[{"href":"https:\/\/karmod.com.ng\/fr\/wp-json\/wp\/v2\/types\/page"}],"author":[{"embeddable":true,"href":"https:\/\/karmod.com.ng\/fr\/wp-json\/wp\/v2\/users\/1"}],"replies":[{"embeddable":true,"href":"https:\/\/karmod.com.ng\/fr\/wp-json\/wp\/v2\/comments?post=2111"}],"version-history":[{"count":4,"href":"https:\/\/karmod.com.ng\/fr\/wp-json\/wp\/v2\/pages\/2111\/revisions"}],"predecessor-version":[{"id":2115,"href":"https:\/\/karmod.com.ng\/fr\/wp-json\/wp\/v2\/pages\/2111\/revisions\/2115"}],"wp:attachment":[{"href":"https:\/\/karmod.com.ng\/fr\/wp-json\/wp\/v2\/media?parent=2111"}],"curies":[{"name":"wp","href":"https:\/\/api.w.org\/{rel}","templated":true}]}}