{"id":2116,"date":"2017-07-20T09:37:29","date_gmt":"2017-07-20T09:37:29","guid":{"rendered":"http:\/\/karmod.com.ng\/?page_id=2116"},"modified":"2017-07-20T09:37:30","modified_gmt":"2017-07-20T09:37:30","slug":"wc-and-shower-sanitary-containers","status":"publish","type":"page","link":"https:\/\/karmod.com.ng\/fr\/wc-and-shower-sanitary-containers\/","title":{"rendered":"WC et Douche \u2013 Conteneurs Sanitaires"},"content":{"rendered":"<section class=\"fw-main-row\"  >\n\t<div class=\"fw-container\">\n\t\t<div class=\"fw-row\">\n\t<div class=\"fw-col-xs-12\">\n\t<p><em><strong>Des solutions de toilettes pratiques pour les diff\u00e9rents besoins<\/strong><\/em><\/p><p>Production de pr\u00eat \u00e0 l&#039;emploi, rapide, durable\u00a0<strong>conteneur wc<\/strong>\u00a0avec WC douche pour utiliser une solution \u00e0 la fois \u00e9conomique et pratique. Nos structures de toilettes d\u00e9montables sont produites en plan simple et multi-unit\u00e9s comme placard, douche, urinoirs, toilettes pour handicap\u00e9s, selon les pr\u00e9f\u00e9rences du client.<\/p><p>Nos structures avec leurs \u00e9quipements int\u00e9rieurs aux normes internationales sont pr\u00e9f\u00e9r\u00e9es pour la solution de toilettes et douches par les camps de travailleurs, les destinations touristiques et de vacances, les organisations internationales.<\/p><\/div>\n<\/div>\n\n<div class=\"fw-row\">\n\t<div class=\"fw-col-xs-12\">\n\t\n\t<div class=\"fw-divider-space\" style=\"padding-top: 50px;\"><\/div>\n<\/div>\n<\/div>\n\n<div class=\"fw-row\">\n\t<div class=\"fw-col-xs-12 fw-col-sm-4\">\n\t<div class=\"fw-heading fw-heading-h5\">\n\t\t<h5 class='fw-special-title'>KW2 230x230 WC - Conteneur de douche<\/h5>\t<\/div><p><img decoding=\"async\" src=\"http:\/\/karmod.com\/images\/icerik\/kapak\/en\/kw2-230x230-wc---shower-container.jpg\" alt=\"KW2 230X230 Wc - Shower Container\" \/><\/p><\/div>\n<div class=\"fw-col-xs-12 fw-col-sm-4\">\n\t<div class=\"fw-heading fw-heading-h5\">\n\t\t<h5 class='fw-special-title'>Conteneur WC 230x230 KW2<\/h5>\t<\/div><p><img decoding=\"async\" src=\"http:\/\/karmod.com\/images\/icerik\/kapak\/en\/kw2-230x230-wc-container.jpg\" alt=\"KW2 230X230 Wc Container\" \/><\/p><\/div>\n<div class=\"fw-col-xs-12 fw-col-sm-4\">\n\t<div class=\"fw-heading fw-heading-h5\">\n\t\t<h5 class='fw-special-title'>Conteneur de douche KW4 230x400<\/h5>\t<\/div><p><strong><img decoding=\"async\" src=\"http:\/\/karmod.com\/images\/icerik\/kapak\/en\/kw4-230x400-shower-container.jpg\" alt=\"KW4 230X400 Shower Container\" \/><\/strong><\/p><\/div>\n<\/div>\n\n<div class=\"fw-row\">\n\t<div class=\"fw-col-xs-12\">\n\t\n\t<div class=\"fw-divider-space\" style=\"padding-top: 50px;\"><\/div>\n<\/div>\n<\/div>\n\n<div class=\"fw-row\">\n\t<div class=\"fw-col-xs-12 fw-col-sm-4\">\n\t<div class=\"fw-heading fw-heading-h5\">\n\t\t<h5 class='fw-special-title'>KW4 230x400 WC - Conteneur de douche<\/h5>\t<\/div><p><img decoding=\"async\" src=\"http:\/\/karmod.com\/images\/icerik\/kapak\/en\/kw4-230x400-wc---shower-container.jpg\" alt=\"KW4 230X400 WC - Shower Container\" \/><\/p><\/div>\n<div class=\"fw-col-xs-12 fw-col-sm-4\">\n\t<div class=\"fw-heading fw-heading-h5\">\n\t\t<h5 class='fw-special-title'>Conteneur WC KW4 230x400<\/h5>\t<\/div><p><img decoding=\"async\" src=\"http:\/\/karmod.com\/images\/icerik\/kapak\/en\/kw4-230x400-wc-container.jpg\" alt=\"KW4 230X400 WC Container\" \/><\/p><\/div>\n<div class=\"fw-col-xs-12 fw-col-sm-4\">\n\t<div class=\"fw-heading fw-heading-h5\">\n\t\t<h5 class='fw-special-title'>KW6 230x500 WC - Conteneur de douche<\/h5>\t<\/div><p><img decoding=\"async\" src=\"http:\/\/karmod.com\/images\/icerik\/kapak\/en\/kw6-230x500-wc---shower-container.jpg\" alt=\"KW6 230X500 Wc - Shower Container\" \/><\/p><\/div>\n<\/div>\n\n<div class=\"fw-row\">\n\t<div class=\"fw-col-xs-12\">\n\t\n\t<div class=\"fw-divider-space\" style=\"padding-top: 50px;\"><\/div>\n<\/div>\n<\/div>\n\n<div class=\"fw-row\">\n\t<div class=\"fw-col-xs-12 fw-col-sm-4\">\n\t<div class=\"fw-heading fw-heading-h5\">\n\t\t<h5 class='fw-special-title'>Conteneur de douche KW6 230x600<\/h5>\t<\/div><p><img decoding=\"async\" src=\"http:\/\/karmod.com\/images\/icerik\/kapak\/en\/kw6-230x600-shower-container.jpg\" alt=\"KW6 230X600 Shower Container\" \/><\/p><\/div>\n<div class=\"fw-col-xs-12 fw-col-sm-4\">\n\t<div class=\"fw-heading fw-heading-h5\">\n\t\t<h5 class='fw-special-title'>KW6 230x600 WC - Conteneur de douche<\/h5>\t<\/div><p><img decoding=\"async\" src=\"http:\/\/karmod.com\/images\/icerik\/kapak\/en\/kw6-230x600-wc---shower-container.jpg\" alt=\"KW6 230X600 Wc - Shower Container\" \/><\/p><\/div>\n<div class=\"fw-col-xs-12 fw-col-sm-4\">\n\t<div class=\"fw-heading fw-heading-h5\">\n\t\t<h5 class='fw-special-title'>Conteneur WC KW6 230x600<\/h5>\t<\/div><p><img decoding=\"async\" src=\"http:\/\/karmod.com\/images\/icerik\/kapak\/en\/kw6-230x600-wc-container.jpg\" alt=\"KW6 230X600 Wc Container\" \/><\/p><\/div>\n<\/div>\n\n<div class=\"fw-row\">\n\t<div class=\"fw-col-xs-12\">\n\t\n\t<div class=\"fw-divider-space\" style=\"padding-top: 50px;\"><\/div>\n<\/div>\n<\/div>\n\n<div class=\"fw-row\">\n\t<div class=\"fw-col-xs-12 fw-col-sm-4\">\n\t<div class=\"fw-heading fw-heading-h5\">\n\t\t<h5 class='fw-special-title'>Conteneur WC KWD 701<\/h5>\t<\/div><p><img decoding=\"async\" src=\"http:\/\/karmod.com\/images\/icerik\/kapak\/en\/kwd-701-wc-container.jpg\" alt=\"KWD 701 Wc Container\" \/><\/p><\/div>\n<div class=\"fw-col-xs-12 fw-col-sm-4\">\n\t<div class=\"fw-heading fw-heading-h5\">\n\t\t<h5 class='fw-special-title'>Conteneur de douche KWD 702<\/h5>\t<\/div><p><img decoding=\"async\" src=\"http:\/\/karmod.com\/images\/icerik\/kapak\/en\/kwd-702-shower-container.jpg\" alt=\"KWD 702 Shower Container\" \/><\/p><\/div>\n<div class=\"fw-col-xs-12 fw-col-sm-4\">\n\t<div class=\"fw-heading fw-heading-h5\">\n\t\t<h5 class='fw-special-title'>Conteneur WC KWD 710<\/h5>\t<\/div><p><img decoding=\"async\" src=\"http:\/\/karmod.com\/images\/icerik\/kapak\/en\/kwd-710-wc-container.jpg\" alt=\"KWD 710 Wc Container\" \/><\/p><\/div>\n<\/div>\n\n<div class=\"fw-row\">\n\t<div class=\"fw-col-xs-12\">\n\t\n\t<div class=\"fw-divider-space\" style=\"padding-top: 50px;\"><\/div>\n<\/div>\n<\/div>\n\n<div class=\"fw-row\">\n\t<div class=\"fw-col-xs-12 fw-col-sm-4\">\n\t<div class=\"fw-heading fw-heading-h5\">\n\t\t<h5 class='fw-special-title'>Conteneur de douche KWD 141<\/h5>\t<\/div><p><img decoding=\"async\" src=\"http:\/\/karmod.com\/images\/icerik\/kapak\/en\/kwd-141-shower-container.jpg\" alt=\"KWD 141 Shower Container\" \/><\/p><\/div>\n<div class=\"fw-col-xs-12 fw-col-sm-4\">\n\t<div class=\"fw-heading fw-heading-h5\">\n\t\t<h5 class='fw-special-title'>Conteneur WC pour personnes handicap\u00e9es K 2001<\/h5>\t<\/div><p><img decoding=\"async\" src=\"http:\/\/karmod.com\/images\/icerik\/kapak\/en\/disabled-wc-container.jpg\" alt=\"K 2001 Disabled WC Container\" \/><\/p><\/div>\n<\/div>\n\n\t<\/div>\n<\/section>","protected":false},"excerpt":{"rendered":"<p>Practical wc solutions for the different needsProduction of ready-to-use, fast, long-lasting\u00a0container wc\u00a0with shower toilet to use both economic and practical solution. Our demountable toilet structure are produced in single and multi-unit plan like closet, shower, urinals, disabled toilet, according to customer preferences.Our structures with their interior equipments at international standards are preferred for toilet and&#8230;<\/p>","protected":false},"author":1,"featured_media":0,"parent":0,"menu_order":0,"comment_status":"closed","ping_status":"closed","template":"","meta":{"footnotes":""},"class_list":["post-2116","page","type-page","status-publish","hentry"],"acf":[],"_links":{"self":[{"href":"https:\/\/karmod.com.ng\/fr\/wp-json\/wp\/v2\/pages\/2116","targetHints":{"allow":["GET"]}}],"collection":[{"href":"https:\/\/karmod.com.ng\/fr\/wp-json\/wp\/v2\/pages"}],"about":[{"href":"https:\/\/karmod.com.ng\/fr\/wp-json\/wp\/v2\/types\/page"}],"author":[{"embeddable":true,"href":"https:\/\/karmod.com.ng\/fr\/wp-json\/wp\/v2\/users\/1"}],"replies":[{"embeddable":true,"href":"https:\/\/karmod.com.ng\/fr\/wp-json\/wp\/v2\/comments?post=2116"}],"version-history":[{"count":6,"href":"https:\/\/karmod.com.ng\/fr\/wp-json\/wp\/v2\/pages\/2116\/revisions"}],"predecessor-version":[{"id":2122,"href":"https:\/\/karmod.com.ng\/fr\/wp-json\/wp\/v2\/pages\/2116\/revisions\/2122"}],"wp:attachment":[{"href":"https:\/\/karmod.com.ng\/fr\/wp-json\/wp\/v2\/media?parent=2116"}],"curies":[{"name":"wp","href":"https:\/\/api.w.org\/{rel}","templated":true}]}}