{"id":2151,"date":"2017-07-20T10:20:27","date_gmt":"2017-07-20T10:20:27","guid":{"rendered":"http:\/\/karmod.com.ng\/?page_id=2151"},"modified":"2017-07-20T10:37:09","modified_gmt":"2017-07-20T10:37:09","slug":"container-technical-specifications","status":"publish","type":"page","link":"https:\/\/karmod.com.ng\/fr\/container-technical-specifications\/","title":{"rendered":"Sp\u00e9cifications techniques du conteneur"},"content":{"rendered":"<section class=\"fw-main-row\"  >\n\t<div class=\"fw-container\">\n\t\t<div class=\"fw-row\">\n\t<div class=\"fw-col-xs-12\">\n\t<img decoding=\"async\" src=\"\/\/karmod.com.ng\/wp-content\/uploads\/2017\/07\/tech-spec.jpg\" alt=\"prefab container tech specifications\" \/><\/div>\n<\/div>\n\n<div class=\"fw-row\">\n\t<div class=\"fw-col-xs-12\">\n\t\n\t<div class=\"fw-divider-space\" style=\"padding-top: 20px;\"><\/div>\n<\/div>\n<\/div>\n\n<div class=\"fw-row\">\n\t<div class=\"fw-col-xs-12\">\n\t<img decoding=\"async\" src=\"\/\/karmod.com.ng\/wp-content\/uploads\/2017\/07\/flatpack-container.jpg\" alt=\"flatpack container\" \/><\/div>\n<\/div>\n\n<div class=\"fw-row\">\n\t<div class=\"fw-col-xs-12\">\n\t\n\t<div class=\"fw-divider-space\" style=\"padding-top: 100px;\"><\/div>\n<\/div>\n<\/div>\n\n<div class=\"fw-row\">\n\t<div class=\"fw-col-xs-12\">\n\t<div class=\"fw-heading fw-heading-h5\">\n\t\t<h5 class='fw-special-title'>Vid\u00e9o d&#039;introduction du conteneur Karmod Flat Pack<\/h5>\t<\/div><\/div>\n<\/div>\n\n<div class=\"fw-row\">\n\t<div class=\"fw-col-xs-12\">\n\t<div class=\"video-wrapper shortcode-container\">\n\t<iframe title=\"We Build Container House in 10 Hours - Demountable Container Karmod\" width=\"300\" height=\"169\" src=\"https:\/\/www.youtube.com\/embed\/EKhzg3isg_M?feature=oembed\" frameborder=\"0\" allow=\"accelerometer; autoplay; clipboard-write; encrypted-media; gyroscope; picture-in-picture; web-share\" allowfullscreen><\/iframe><\/div>\n<\/div>\n<\/div>\n\n<div class=\"fw-row\">\n\t<div class=\"fw-col-xs-12\">\n\t\n\t<div class=\"fw-divider-space\" style=\"padding-top: 100px;\"><\/div>\n<\/div>\n<\/div>\n\n<div class=\"fw-row\">\n\t<div class=\"fw-col-xs-12\">\n\t<div class=\"fw-heading fw-heading-h6\">\n\t\t<h6 class='fw-special-title'>SP\u00c9CIFICATIONS TECHNIQUES DU CONTENANT<\/h6>\t<\/div><\/div>\n<\/div>\n\n<div class=\"fw-row\">\n\t<div class=\"fw-col-xs-12\">\n\t<div class=\"rg-content rg-table\"><table class=\"rg-table zebra\"><tbody><tr><td>PORTE EXTERIEURE<\/td><td>Fabriqu\u00e9 \u00e0 partir d&#039;un cadre de porte en m\u00e9tal et d&#039;un panneau sandwich de 40 mm renforc\u00e9 par un joint m\u00e9tallique et \u00e9tanche et des joints en PVC.<\/td><\/tr><tr><td>PORTE INTERIEURE<\/td><td>Porte en MDF avec cadre en m\u00e9tal galvanis\u00e9 peint \u00e9lectrostatique (1980X755mm)<\/td><\/tr><tr><td colspan=\"2\"><strong>LES FEN\u00caTRES<\/strong><\/td><\/tr><tr><td>LA FEN\u00caTRE<\/td><td>Fen\u00eatre PVC 875x1135 mm. Les fen\u00eatres sont \u00e0 aile unique et s&#039;ouvrent \u00e0 90 degr\u00e9s.<\/td><\/tr><tr><td>SEUIL<\/td><td>Le PVC est utilis\u00e9 sur le rebord de la fen\u00eatre du bord int\u00e9rieur.<\/td><\/tr><tr><td>UN VERRE<\/td><td>Verre double vitrage.<\/td><\/tr><tr><td colspan=\"2\"><strong>LA PEINTURE<\/strong><\/td><\/tr><tr><td>EXT\u00c9RIEUR ET INT\u00c9RIEUR<\/td><td>T\u00f4le d&#039;acier peinte \u00e9lectrostatiquement Ral 9002.<\/td><\/tr><tr><td>PIECES EN METAL<\/td><td>T\u00f4le d&#039;acier peinte \u00e9lectrostatiquement Ral 1019.<\/td><\/tr><tr><td colspan=\"2\"><strong>INSTALLATIONS \u00c9LECTRIQUES<\/strong><\/td><\/tr><tr><td>SYST\u00c8ME<\/td><td>Sur le pl\u00e2tre<\/td><\/tr><tr><td>C\u00c2BLE<\/td><td>Pour prises 3x2,5 et pour \u00e9clairage 2x1,5 c\u00e2bles certifi\u00e9s NYM TSE en cours d&#039;utilisation.<\/td><\/tr><tr><td>\u00c9CLAIRAGE<\/td><td>Mat\u00e9riaux avec des mat\u00e9riaux certifi\u00e9s TSE.<\/td><\/tr><tr><td>PRISES ET COMMUTATEURS<\/td><td>Situ\u00e9 dans chaque pi\u00e8ce.<\/td><\/tr><tr><td colspan=\"2\"><strong>INSTALLATIONS SANITAIRES<\/strong><\/td><\/tr><tr><td>SYST\u00c8ME<\/td><td>Sur le pl\u00e2tre<\/td><\/tr><tr><td>PANIER DE PLACARD<\/td><td>C\u00e9ramique certifi\u00e9e TSE d&#039;occasion.<\/td><\/tr><tr><td>TOILETTES<\/td><td>C\u00e9ramique certifi\u00e9e TSE d&#039;occasion.<\/td><\/tr><tr><td>RECEVEUR DE DOUCHE<\/td><td>Des produits certifi\u00e9s TSE \u00e0 base d&#039;acrylique sont utilis\u00e9s. (Les receveurs de douche ne sont pas utilis\u00e9s dans nos produits WC-Shower Container.)<\/td><\/tr><tr><td>\u00c9VIER<\/td><td>Fabriqu\u00e9 \u00e0 partir de mat\u00e9riaux certifi\u00e9s ABS et TSE en cours d&#039;utilisation.<\/td><\/tr><tr><td>TUYAUTERIE D&#039;EAU DOUCE<\/td><td>PPRC pr\u00e9sentait du mat\u00e9riel utilis\u00e9 avec la certification TSE.<\/td><\/tr><tr><td>TUYAUTERIE DES EAUX US\u00c9ES<\/td><td>Mat\u00e9riaux en PVC utilis\u00e9s avec la certification TSE.<\/td><\/tr><tr><td>ACCESSOIRES<\/td><td>Le miroir, le porte-papier hygi\u00e9nique et les porte-savons, etc. sont des mat\u00e9riaux certifi\u00e9s TSE.<\/td><\/tr><tr><td colspan=\"2\"><strong>WC-DOUCHE<\/strong><\/td><\/tr><tr><td>VENTILATION<\/td><td>Les rideaux de douche sont utilis\u00e9s pour les cabines de douche. Un \u00e9vent de 210 mm x 250 mm est utilis\u00e9 pour les unit\u00e9s de douche et de WC. Pour les couloirs, 2 \u00e9l\u00e9ments de traverses 600 mm x 400 mm sont utilis\u00e9s et plac\u00e9s sur les deux parois lat\u00e9rales.<\/td><\/tr><tr><td>REV\u00caTEMENTS DE SOL ET MUR<\/td><td>Le plancher de la douche est enti\u00e8rement recouvert de vinyle PVC. Les murs sont recouverts de vinyle PVC jusqu&#039;\u00e0 1300 mm de hauteur (sauf cloisons de s\u00e9paration). Dans les unit\u00e9s Wc, les murs et le sol sont recouverts de vinyle PVC jusqu&#039;\u00e0 300 mm minimum. Le plancher de la douche est enti\u00e8rement recouvert de vinyle PVC. Les murs sont recouverts de vinyle PVC jusqu&#039;\u00e0 1300 mm de hauteur (sauf cloisons de s\u00e9paration). Dans les unit\u00e9s Wc, les murs et le sol sont recouverts de vinyle PVC jusqu&#039;\u00e0 300 mm minimum.<\/td><\/tr><tr><td>PORTE<\/td><td>Pour les WC, des portes de 900 mm sont utilis\u00e9es, qui s&#039;ouvrent vers l&#039;ext\u00e9rieur.<\/td><\/tr><tr><td>\u00c9CLAIRAGE<\/td><td>Un luminaire \u00e9tanche \u00e0 l&#039;humidit\u00e9 de taille 2x18 est utilis\u00e9.<\/td><\/tr><tr><td colspan=\"2\"><strong>LIVRAISON<\/strong><\/td><\/tr><tr><td colspan=\"2\">Le levage est fait avec des supports et des colonnes sp\u00e9cialement con\u00e7us.<\/td><\/tr><\/tbody><\/table><\/div><div class=\"rg-source-and-credit\"><pre class=\"rg-source\">Karmod Prefabricated Building Technologies se r\u00e9serve le droit d&#039;apporter des modifications aux sp\u00e9cifications techniques.<\/pre><\/div><\/div>\n<\/div>\n\n\t<\/div>\n<\/section>","protected":false},"excerpt":{"rendered":"<p>Karmod Flat Pack Container Introduction Video CONTAINER TECHNICAL SPECIFICATIONS EXTERNAL DOORMade of Metal door frame and 40 mm sandwich panel that is additionaly reinforced with metal and leakproof gasket and PVC joints.INTERNAL DOORMDF door with electrostatic painted galvanized metal frame (1980X755mm)WINDOWSWINDOW875x1135 mm PVC window. Windows are single wing and opens 90 degree.SILLPVC is used on&#8230;<\/p>","protected":false},"author":1,"featured_media":0,"parent":0,"menu_order":0,"comment_status":"closed","ping_status":"closed","template":"","meta":{"footnotes":""},"class_list":["post-2151","page","type-page","status-publish","hentry"],"acf":[],"_links":{"self":[{"href":"https:\/\/karmod.com.ng\/fr\/wp-json\/wp\/v2\/pages\/2151","targetHints":{"allow":["GET"]}}],"collection":[{"href":"https:\/\/karmod.com.ng\/fr\/wp-json\/wp\/v2\/pages"}],"about":[{"href":"https:\/\/karmod.com.ng\/fr\/wp-json\/wp\/v2\/types\/page"}],"author":[{"embeddable":true,"href":"https:\/\/karmod.com.ng\/fr\/wp-json\/wp\/v2\/users\/1"}],"replies":[{"embeddable":true,"href":"https:\/\/karmod.com.ng\/fr\/wp-json\/wp\/v2\/comments?post=2151"}],"version-history":[{"count":8,"href":"https:\/\/karmod.com.ng\/fr\/wp-json\/wp\/v2\/pages\/2151\/revisions"}],"predecessor-version":[{"id":2161,"href":"https:\/\/karmod.com.ng\/fr\/wp-json\/wp\/v2\/pages\/2151\/revisions\/2161"}],"wp:attachment":[{"href":"https:\/\/karmod.com.ng\/fr\/wp-json\/wp\/v2\/media?parent=2151"}],"curies":[{"name":"wp","href":"https:\/\/api.w.org\/{rel}","templated":true}]}}