{"id":2195,"date":"2017-07-21T15:12:03","date_gmt":"2017-07-21T15:12:03","guid":{"rendered":"http:\/\/karmod.com.ng\/?page_id=2195"},"modified":"2017-07-21T15:12:03","modified_gmt":"2017-07-21T15:12:03","slug":"prefabricated-offices","status":"publish","type":"page","link":"https:\/\/karmod.com.ng\/fr\/prefabricated-offices\/","title":{"rendered":"Bureaux pr\u00e9fabriqu\u00e9s"},"content":{"rendered":"<p><section class=\"fw-main-row\"  >\n\t<div class=\"fw-container\">\n\t\t<div class=\"fw-row\">\n\t<div class=\"fw-col-xs-12\">\n\t<p><em><strong>Nous r\u00e9alisons des postes de travail avec un maximum de confort\u2026<\/strong><\/em><\/p><p>La longue vie\u00a0<strong>immeubles de bureaux pr\u00e9fabriqu\u00e9s modulaires<\/strong>\u00a0Profitez des caract\u00e9ristiques de production et d&#039;installation rapides et des avantages \u00e9conomiques des prix. La conception exceptionnellement esth\u00e9tique de nos immeubles de bureaux portables est pr\u00e9par\u00e9e avec soin pour offrir des lieux ergonomiques et confortables.<\/p><p>Parmi nos produits se trouvent les b\u00e2timents de travail, les salles d&#039;exposition de vente, les b\u00e2timents publics et municipaux, les centres de gestion, les bureaux de repr\u00e9sentation et de nombreux autres mod\u00e8les de b\u00e2timents.<\/p><\/div>\n<\/div>\n\n\t<\/div>\n<\/section>\n<section class=\"fw-main-row\"  >\n\t<div class=\"fw-container\">\n\t\t<div class=\"fw-row\">\n\t<div class=\"fw-col-xs-12 fw-col-sm-4\">\n\t<div class=\"fw-heading fw-heading-h2\">\n\t\t<h2 class='fw-special-title'>IMMEUBLES DE BUREAUX 588m\u00b2<\/h2>\t<\/div><p><img decoding=\"async\" src=\"http:\/\/karmod.com\/images\/icerik\/kapak\/en\/office-buildings-588-m.jpg\" alt=\"Office Buildings 588 m\u00b2\" \/><\/p><\/div>\n<div class=\"fw-col-xs-12 fw-col-sm-4\">\n\t<div class=\"fw-heading fw-heading-h2\">\n\t\t<h2 class='fw-special-title'>IMMEUBLES DE BUREAUX 415m\u00b2<\/h2>\t<\/div><p><img decoding=\"async\" src=\"http:\/\/karmod.com\/images\/icerik\/kapak\/en\/office-buildings-463-m.jpg\" alt=\"Office Buildings 463 m\u00b2\" \/><\/p><\/div>\n<div class=\"fw-col-xs-12 fw-col-sm-4\">\n\t<div class=\"fw-heading fw-heading-h2\">\n\t\t<h2 class='fw-special-title'>IMMEUBLES DE BUREAUX 463m\u00b2<\/h2>\t<\/div><p><img decoding=\"async\" src=\"http:\/\/karmod.com\/images\/icerik\/kapak\/en\/office-buildings-415-m.jpg\" alt=\"Office Buildings 415 m\u00b2\" \/><\/p><\/div>\n<\/div>\n\n\t<\/div>\n<\/section>\n<section class=\"fw-main-row\"  >\n\t<div class=\"fw-container\">\n\t\t<div class=\"fw-row\">\n\t<div class=\"fw-col-xs-12\">\n\t\n\t<div class=\"fw-divider-space\" style=\"padding-top: 50px;\"><\/div>\n<\/div>\n<\/div>\n\n\t<\/div>\n<\/section>\n<section class=\"fw-main-row\"  >\n\t<div class=\"fw-container\">\n\t\t<div class=\"fw-row\">\n\t<div class=\"fw-col-xs-12 fw-col-sm-4\">\n\t<div class=\"fw-heading fw-heading-h2\">\n\t\t<h2 class='fw-special-title'>IMMEUBLES DE BUREAUX 246m\u00b2<\/h2>\t<\/div><p><img decoding=\"async\" src=\"http:\/\/karmod.com\/images\/icerik\/kapak\/en\/office-buildings-340-m.jpg\" alt=\"Office Buildings 340 m\u00b2\" \/><\/p><\/div>\n<div class=\"fw-col-xs-12 fw-col-sm-4\">\n\t<div class=\"fw-heading fw-heading-h2\">\n\t\t<h2 class='fw-special-title'>IMMEUBLES DE BUREAUX 340m\u00b2<\/h2>\t<\/div><p><img decoding=\"async\" src=\"http:\/\/karmod.com\/images\/icerik\/kapak\/en\/office-buildings-246-m.jpg\" alt=\"Office Buildings 246 m\u00b2\" \/><\/p><\/div>\n<div class=\"fw-col-xs-12 fw-col-sm-4\">\n\t<div class=\"fw-heading fw-heading-h2\">\n\t\t<h2 class='fw-special-title'>IMMEUBLES DE BUREAUX 214m\u00b2<\/h2>\t<\/div><p><img decoding=\"async\" src=\"http:\/\/karmod.com\/images\/icerik\/kapak\/en\/office-buildings-214-m.jpg\" alt=\"Office Buildings 214 m\u00b2\" \/><\/p><\/div>\n<\/div>\n\n<div class=\"fw-row\">\n\t<div class=\"fw-col-xs-12\">\n\t\n\t<div class=\"fw-divider-space\" style=\"padding-top: 50px;\"><\/div>\n<\/div>\n<\/div>\n\n\t<\/div>\n<\/section>\n<section class=\"fw-main-row\"  >\n\t<div class=\"fw-container\">\n\t\t<div class=\"fw-row\">\n\t<div class=\"fw-col-xs-12 fw-col-sm-4\">\n\t<div class=\"fw-heading fw-heading-h2\">\n\t\t<h2 class='fw-special-title'>IMMEUBLES DE BUREAUX 146m\u00b2<\/h2>\t<\/div><p><img decoding=\"async\" src=\"http:\/\/karmod.com\/images\/icerik\/kapak\/en\/office-buildings-146-m.jpg\" alt=\"Office Buildings 146 m\u00b2\" \/><\/p><\/div>\n<div class=\"fw-col-xs-12 fw-col-sm-4\">\n\t<div class=\"fw-heading fw-heading-h2\">\n\t\t<h2 class='fw-special-title'>IMMEUBLES DE BUREAUX 125m\u00b2<\/h2>\t<\/div><p><img decoding=\"async\" src=\"http:\/\/karmod.com\/images\/icerik\/kapak\/en\/office-buildings-125-m.jpg\" alt=\"Office Buildings 125 m\u00b2\" \/><\/p><\/div>\n<div class=\"fw-col-xs-12 fw-col-sm-4\">\n\t<div class=\"fw-heading fw-heading-h2\">\n\t\t<h2 class='fw-special-title'>IMMEUBLES DE BUREAUX 136m\u00b2<\/h2>\t<\/div><p><img decoding=\"async\" src=\"http:\/\/karmod.com\/images\/icerik\/kapak\/en\/office-buildings-90-m.jpg\" alt=\"Office Buildings 90 m\u00b2\" \/><\/p><\/div>\n<\/div>\n\n\t<\/div>\n<\/section>\n<section class=\"fw-main-row\"  >\n\t<div class=\"fw-container\">\n\t\t<div class=\"fw-row\">\n\t<div class=\"fw-col-xs-12\">\n\t\n\t<div class=\"fw-divider-space\" style=\"padding-top: 50px;\"><\/div>\n<\/div>\n<\/div>\n\n\t<\/div>\n<\/section>\n<section class=\"fw-main-row\"  >\n\t<div class=\"fw-container\">\n\t\t<div class=\"fw-row\">\n\t<div class=\"fw-col-xs-12 fw-col-sm-4\">\n\t<div class=\"fw-heading fw-heading-h2\">\n\t\t<h2 class='fw-special-title'>IMMEUBLES DE BUREAUX 98m\u00b2<\/h2>\t<\/div><p><img decoding=\"async\" src=\"http:\/\/karmod.com\/images\/icerik\/kapak\/en\/office-buildings-98-m.jpg\" alt=\"Office Buildings 98 m\u00b2\" \/><\/p><\/div>\n<div class=\"fw-col-xs-12 fw-col-sm-4\">\n\t<div class=\"fw-heading fw-heading-h2\">\n\t\t<h2 class='fw-special-title'>IMMEUBLES DE BUREAUX 106m\u00b2<\/h2>\t<\/div><p><img decoding=\"async\" src=\"http:\/\/karmod.com\/images\/icerik\/kapak\/en\/office-buildings-106-m.jpg\" alt=\"Office Buildings 106 m\u00b2\" \/><\/p><\/div>\n<div class=\"fw-col-xs-12 fw-col-sm-4\">\n\t<div class=\"fw-heading fw-heading-h2\">\n\t\t<h2 class='fw-special-title'>IMMEUBLES DE BUREAUX 90m\u00b2<\/h2>\t<\/div><p><img decoding=\"async\" src=\"http:\/\/karmod.com\/images\/icerik\/kapak\/en\/office-buildings-90-m.jpg\" alt=\"Office Buildings 90 m\u00b2\" \/><\/p><\/div>\n<\/div>\n\n\t<\/div>\n<\/section>\n<section class=\"fw-main-row\"  >\n\t<div class=\"fw-container\">\n\t\t<div class=\"fw-row\">\n\t<div class=\"fw-col-xs-12\">\n\t\n\t<div class=\"fw-divider-space\" style=\"padding-top: 50px;\"><\/div>\n<\/div>\n<\/div>\n\n\t<\/div>\n<\/section>\n<section class=\"fw-main-row\"  >\n\t<div class=\"fw-container\">\n\t\t<div class=\"fw-row\">\n\t<div class=\"fw-col-xs-12 fw-col-sm-4\">\n\t<div class=\"fw-heading fw-heading-h2\">\n\t\t<h2 class='fw-special-title'>IMMEUBLES DE BUREAUX 58m\u00b2<\/h2>\t<\/div><p><img decoding=\"async\" src=\"http:\/\/karmod.com\/images\/icerik\/kapak\/en\/office-buildings-58-m.jpg\" alt=\"Office Buildings 58 m\u00b2\" \/><\/p><\/div>\n<div class=\"fw-col-xs-12 fw-col-sm-4\">\n\t<div class=\"fw-heading fw-heading-h2\">\n\t\t<h2 class='fw-special-title'>IMMEUBLES DE BUREAUX 49m\u00b2<\/h2>\t<\/div><p><img decoding=\"async\" src=\"http:\/\/karmod.com\/images\/icerik\/kapak\/en\/office-buildings-49-m.jpg\" alt=\"Office Buildings 49 m\u00b2\" \/><\/p><\/div>\n<div class=\"fw-col-xs-12 fw-col-sm-4\">\n\t<div class=\"fw-heading fw-heading-h2\">\n\t\t<h2 class='fw-special-title'>IMMEUBLES DE BUREAUX 40m\u00b2<\/h2>\t<\/div><p><img decoding=\"async\" src=\"http:\/\/karmod.com\/images\/icerik\/kapak\/en\/office-buildings-40-m.jpg\" alt=\"Office Buildings 40 m\u00b2\" \/><\/p><\/div>\n<\/div>\n\n\t<\/div>\n<\/section>\n<\/p>","protected":false},"excerpt":{"rendered":"<p>We produce work places with maximum comfort\u2026The long-life\u00a0modular prefabricated office buildings\u00a0enjoy the features of quick production and installation and economic prices advantages. The exceptionally aesthetic design of our portable office buildings is prepared carefully to give ergonomic and comfortable places.Among our products are the work buildings, sales showrooms, public and municipality buildings, management centers, representative&#8230;<\/p>","protected":false},"author":1,"featured_media":0,"parent":0,"menu_order":0,"comment_status":"closed","ping_status":"closed","template":"","meta":{"footnotes":""},"class_list":["post-2195","page","type-page","status-publish","hentry"],"acf":[],"_links":{"self":[{"href":"https:\/\/karmod.com.ng\/fr\/wp-json\/wp\/v2\/pages\/2195","targetHints":{"allow":["GET"]}}],"collection":[{"href":"https:\/\/karmod.com.ng\/fr\/wp-json\/wp\/v2\/pages"}],"about":[{"href":"https:\/\/karmod.com.ng\/fr\/wp-json\/wp\/v2\/types\/page"}],"author":[{"embeddable":true,"href":"https:\/\/karmod.com.ng\/fr\/wp-json\/wp\/v2\/users\/1"}],"replies":[{"embeddable":true,"href":"https:\/\/karmod.com.ng\/fr\/wp-json\/wp\/v2\/comments?post=2195"}],"version-history":[{"count":9,"href":"https:\/\/karmod.com.ng\/fr\/wp-json\/wp\/v2\/pages\/2195\/revisions"}],"predecessor-version":[{"id":2204,"href":"https:\/\/karmod.com.ng\/fr\/wp-json\/wp\/v2\/pages\/2195\/revisions\/2204"}],"wp:attachment":[{"href":"https:\/\/karmod.com.ng\/fr\/wp-json\/wp\/v2\/media?parent=2195"}],"curies":[{"name":"wp","href":"https:\/\/api.w.org\/{rel}","templated":true}]}}