{"id":2227,"date":"2017-07-21T16:13:05","date_gmt":"2017-07-21T16:13:05","guid":{"rendered":"http:\/\/karmod.com.ng\/?page_id=2227"},"modified":"2017-07-21T16:15:24","modified_gmt":"2017-07-21T16:15:24","slug":"prefabricated-hospital","status":"publish","type":"page","link":"https:\/\/karmod.com.ng\/fr\/prefabricated-hospital\/","title":{"rendered":"H\u00f4pital pr\u00e9fabriqu\u00e9"},"content":{"rendered":"<section class=\"fw-main-row \"  >\n\t<div class=\"fw-container\">\n\t\t<div class=\"fw-row\">\n\t<div class=\"fw-col-xs-12\">\n\t<p><em><strong>Quickly-assembled educational and medical buildings\u2026<\/strong><\/em><\/p><p><strong>Prefabricated modular hospitals\u00a0<\/strong>are produced with high building safety, taking into consideration the intensive use, in addition to ergonomic area design and hygiene structures. Our modular buildings give an important alternative to conventional structures thanks to their advantages of demountable high-tech quick production system, short time assembling, and economic prices.<\/p><p>Our healthcare buildings are produced according to international standards and can have sections such as management offices, laboratories, doctor and patient rooms, polyclinics, operation rooms, wc and shower units.<\/p><\/div>\n<\/div>\n\n<div class=\"fw-row\">\n\t<div class=\"fw-col-xs-12\">\n\t\n\t<div class=\"fw-divider-space\" style=\"padding-top: 30px;\"><\/div>\n<\/div>\n<\/div>\n\n<div class=\"fw-row\">\n\t<div class=\"fw-col-xs-12 fw-col-sm-4\">\n\t<div class=\"fw-heading fw-heading-h2 \">\n\t\t<h2 class='fw-special-title'>PREFABRICATED HOSPITAL 576sqm<\/h2>\t<\/div><p><img decoding=\"async\" src=\"http:\/\/karmod.com\/images\/icerik\/kapak\/en\/prefabricated-hospital-buildings.jpg\" alt=\"Prefabricated Hospital 576 M\u00b2\" \/><\/p><\/div>\n<div class=\"fw-col-xs-12 fw-col-sm-4\">\n\t<div class=\"fw-heading fw-heading-h2 \">\n\t\t<h2 class='fw-special-title'>PREFABRICATED HOSPITAL 506sqm<\/h2>\t<\/div><p><img decoding=\"async\" src=\"http:\/\/karmod.com\/images\/icerik\/kapak\/en\/prefabricated-modular-hospital.jpg\" alt=\"Prefabricated Hospital 506 M\u00b2\" \/><\/p><\/div>\n<div class=\"fw-col-xs-12 fw-col-sm-4\">\n\t<div class=\"fw-heading fw-heading-h2 \">\n\t\t<h2 class='fw-special-title'>PREFABRICATED HOSPITAL 275sqm<\/h2>\t<\/div><p><img decoding=\"async\" src=\"http:\/\/karmod.com\/images\/icerik\/kapak\/en\/prefabricated-hospital-275-m%C2%B2.jpg\" alt=\"Prefabricated Hospital 275 M\u00b2\" \/><\/p><\/div>\n<\/div>\n\n<div class=\"fw-row\">\n\t<div class=\"fw-col-xs-12\">\n\t\n\t<div class=\"fw-divider-space\" style=\"padding-top: 50px;\"><\/div>\n<\/div>\n<\/div>\n\n<div class=\"fw-row\">\n\t<div class=\"fw-col-xs-12 fw-col-sm-4\">\n\t<div class=\"fw-heading fw-heading-h2 \">\n\t\t<h2 class='fw-special-title'>PREFABRICATED LABORATORY 222sqm<\/h2>\t<\/div><p><img decoding=\"async\" src=\"http:\/\/karmod.com\/images\/icerik\/kapak\/en\/prefab-laboratory.jpg\" alt=\"Prefabricated Laboratory 222 M\u00b2\" \/><\/p><\/div>\n<div class=\"fw-col-xs-12 fw-col-sm-4\">\n\t<div class=\"fw-heading fw-heading-h2 \">\n\t\t<h2 class='fw-special-title'>PREFABRICATED HOSPITAL 129sqm<\/h2>\t<\/div><p><img decoding=\"async\" src=\"http:\/\/karmod.com\/images\/icerik\/kapak\/en\/prefabricated-laboratory-129-m%C2%B2.jpg\" alt=\"Prefabricated Laboratory 129 M\u00b2\" \/><\/p><\/div>\n<div class=\"fw-col-xs-12 fw-col-sm-4\">\n\t<div class=\"fw-heading fw-heading-h2 \">\n\t\t<h2 class='fw-special-title'>PREFABRICATED INFIRMARY 90sqm<\/h2>\t<\/div><p><img decoding=\"async\" src=\"http:\/\/karmod.com\/images\/icerik\/kapak\/en\/prefabricated-infirmary-46-m%C2%B2.jpg\" alt=\"Prefabricated Infirmary 46 M\u00b2\" \/><\/p><\/div>\n<\/div>\n\n<div class=\"fw-row\">\n\t<div class=\"fw-col-xs-12\">\n\t\n\t<div class=\"fw-divider-space\" style=\"padding-top: 25px;\"><\/div>\n<\/div>\n<\/div>\n\n<div class=\"fw-row\">\n\t<div class=\"fw-col-xs-12\">\n\t[media_gallery id=&#8221;e7d2d678fd4b605afbed425698485227&#8243; images=&#8221;&#091;{&quot;attachment_id&quot;:2232,&quot;url&quot;:&quot;&#92;\/&#92;\/karmod.com.ng&#92;\/wp-content&#92;\/uploads&#92;\/2017&#92;\/07&#92;\/low-cost-container-school.jpg&quot;},{&quot;attachment_id&quot;:2233,&quot;url&quot;:&quot;&#92;\/&#92;\/karmod.com.ng&#92;\/wp-content&#92;\/uploads&#92;\/2017&#92;\/07&#92;\/low-cost-moldular-hospital.jpg&quot;},{&quot;attachment_id&quot;:2234,&quot;url&quot;:&quot;&#92;\/&#92;\/karmod.com.ng&#92;\/wp-content&#92;\/uploads&#92;\/2017&#92;\/07&#92;\/low-cost-prefab-preschool.jpg&quot;},{&quot;attachment_id&quot;:2235,&quot;url&quot;:&quot;&#92;\/&#92;\/karmod.com.ng&#92;\/wp-content&#92;\/uploads&#92;\/2017&#92;\/07&#92;\/modular-hospital-rooms.jpg&quot;},{&quot;attachment_id&quot;:2236,&quot;url&quot;:&quot;&#92;\/&#92;\/karmod.com.ng&#92;\/wp-content&#92;\/uploads&#92;\/2017&#92;\/07&#92;\/prefab-hospital.jpg&quot;},{&quot;attachment_id&quot;:2237,&quot;url&quot;:&quot;&#92;\/&#92;\/karmod.com.ng&#92;\/wp-content&#92;\/uploads&#92;\/2017&#92;\/07&#92;\/prefab-hospital-resting-room.jpg&quot;},{&quot;attachment_id&quot;:2238,&quot;url&quot;:&quot;&#92;\/&#92;\/karmod.com.ng&#92;\/wp-content&#92;\/uploads&#92;\/2017&#92;\/07&#92;\/prefabricated-college-buildings.jpg&quot;},{&quot;attachment_id&quot;:2239,&quot;url&quot;:&quot;&#92;\/&#92;\/karmod.com.ng&#92;\/wp-content&#92;\/uploads&#92;\/2017&#92;\/07&#92;\/prefabricated-hospital-buildings.jpg&quot;},{&quot;attachment_id&quot;:2240,&quot;url&quot;:&quot;&#92;\/&#92;\/karmod.com.ng&#92;\/wp-content&#92;\/uploads&#92;\/2017&#92;\/07&#92;\/prefabricated-medikal-buildings.jpg&quot;},{&quot;attachment_id&quot;:2241,&quot;url&quot;:&quot;&#92;\/&#92;\/karmod.com.ng&#92;\/wp-content&#92;\/uploads&#92;\/2017&#92;\/07&#92;\/prefabricated-school-hospital-1.jpg&quot;},{&quot;attachment_id&quot;:2242,&quot;url&quot;:&quot;&#92;\/&#92;\/karmod.com.ng&#92;\/wp-content&#92;\/uploads&#92;\/2017&#92;\/07&#92;\/prefabricated-school-hospital-0769.jpg&quot;},{&quot;attachment_id&quot;:2243,&quot;url&quot;:&quot;&#92;\/&#92;\/karmod.com.ng&#92;\/wp-content&#92;\/uploads&#92;\/2017&#92;\/07&#92;\/prefabricated-schools.jpg&quot;},{&quot;attachment_id&quot;:2244,&quot;url&quot;:&quot;&#92;\/&#92;\/karmod.com.ng&#92;\/wp-content&#92;\/uploads&#92;\/2017&#92;\/07&#92;\/school-buildings.jpg&quot;},{&quot;attachment_id&quot;:2245,&quot;url&quot;:&quot;&#92;\/&#92;\/karmod.com.ng&#92;\/wp-content&#92;\/uploads&#92;\/2017&#92;\/07&#92;\/school-classroom-buildings.jpg&quot;},{&quot;attachment_id&quot;:2246,&quot;url&quot;:&quot;&#92;\/&#92;\/karmod.com.ng&#92;\/wp-content&#92;\/uploads&#92;\/2017&#92;\/07&#92;\/school-inside-buildings.jpg&quot;}&#093;&#8221; columns=&#8221;3&#8243; _array_keys=&#8221;{&quot;images&quot;:&quot;images&quot;}&#8221; _made_with_builder=&#8221;true&#8221;][\/media_gallery]<\/div>\n<\/div>\n\n\t<\/div>\n<\/section>\n\n","protected":false},"excerpt":{"rendered":"<p>Quickly-assembled educational and medical buildings\u2026Prefabricated modular hospitals\u00a0are produced with high building safety, taking into consideration the intensive use, in addition to ergonomic area design and hygiene structures. Our modular buildings give an important alternative to conventional structures thanks to their advantages of demountable high-tech quick production system, short time assembling, and economic prices.Our healthcare buildings&#8230;<\/p>","protected":false},"author":1,"featured_media":0,"parent":0,"menu_order":0,"comment_status":"closed","ping_status":"closed","template":"","meta":{"footnotes":""},"class_list":["post-2227","page","type-page","status-publish","hentry"],"acf":[],"_links":{"self":[{"href":"https:\/\/karmod.com.ng\/fr\/wp-json\/wp\/v2\/pages\/2227","targetHints":{"allow":["GET"]}}],"collection":[{"href":"https:\/\/karmod.com.ng\/fr\/wp-json\/wp\/v2\/pages"}],"about":[{"href":"https:\/\/karmod.com.ng\/fr\/wp-json\/wp\/v2\/types\/page"}],"author":[{"embeddable":true,"href":"https:\/\/karmod.com.ng\/fr\/wp-json\/wp\/v2\/users\/1"}],"replies":[{"embeddable":true,"href":"https:\/\/karmod.com.ng\/fr\/wp-json\/wp\/v2\/comments?post=2227"}],"version-history":[{"count":6,"href":"https:\/\/karmod.com.ng\/fr\/wp-json\/wp\/v2\/pages\/2227\/revisions"}],"predecessor-version":[{"id":2248,"href":"https:\/\/karmod.com.ng\/fr\/wp-json\/wp\/v2\/pages\/2227\/revisions\/2248"}],"wp:attachment":[{"href":"https:\/\/karmod.com.ng\/fr\/wp-json\/wp\/v2\/media?parent=2227"}],"curies":[{"name":"wp","href":"https:\/\/api.w.org\/{rel}","templated":true}]}}