{"id":2251,"date":"2017-07-25T14:02:39","date_gmt":"2017-07-25T14:02:39","guid":{"rendered":"http:\/\/karmod.com.ng\/?page_id=2251"},"modified":"2017-07-25T14:20:47","modified_gmt":"2017-07-25T14:20:47","slug":"prefabricated-schools-2","status":"publish","type":"page","link":"https:\/\/karmod.com.ng\/fr\/prefabricated-schools-2\/","title":{"rendered":"\u00c9coles pr\u00e9fabriqu\u00e9es"},"content":{"rendered":"<section class=\"fw-main-row \"  >\n\t<div class=\"fw-container\">\n\t\t<div class=\"fw-row\">\n\t<div class=\"fw-col-xs-12\">\n\t<h6>Reliable prefabricated schools projects for the future makers<\/h6><p>Karmod is one of the top brands is supplying\u00a0<strong>prefabricated schools<\/strong>\u00a0to public institutions and ministries of education. Karmod provides trusted education prefabricated solutions including Nurseries, Colleges, Universities, Private schools, public schools, modern classrooms and other complexes and\u00a0<strong>school buildings<\/strong>.<\/p><p>Karmod has executed many\u00a0<strong>modular school<\/strong>\u00a0projects especially in Africa, Europe and South America. We produce secure prefabricated schools and classrooms projects with high insulation, ergonomic plans and modular transportable structure.<\/p><p>You can contact our experienced sales representative to inquire about our prefabricated schools models and economic prices.<\/p><p>Karmod\u00a0<strong>prefabricated schools<\/strong>\u00a0advantages:<\/p><ul><li>Easy loading and on time delivery<\/li><li>Customized classrooms designs<\/li><li>High tech production with quality control system<\/li><li>More efficient use of resources<\/li><\/ul><\/div>\n<\/div>\n\n<div class=\"fw-row\">\n\t<div class=\"fw-col-xs-12\">\n\t\n\t<div class=\"fw-divider-space\" style=\"padding-top: 50px;\"><\/div>\n<\/div>\n<\/div>\n\n<div class=\"fw-row\">\n\t<div class=\"fw-col-xs-12 fw-col-sm-4\">\n\t<div class=\"fw-heading fw-heading-h2 \">\n\t\t<h2 class='fw-special-title'>PREFABRICATED SCHOOL 808sqm<\/h2>\t<\/div><p><img decoding=\"async\" src=\"http:\/\/karmod.com\/images\/icerik\/kapak\/en\/modular-classrooms.jpg\" alt=\"Prefabricated School 808 M\u00b2\" \/><\/p><\/div>\n<div class=\"fw-col-xs-12 fw-col-sm-4\">\n\t<div class=\"fw-heading fw-heading-h2 \">\n\t\t<h2 class='fw-special-title'>PREFABRICATED SCHOOL 681sqm<\/h2>\t<\/div><p><img decoding=\"async\" src=\"http:\/\/karmod.com\/images\/icerik\/kapak\/en\/modular-school-buildings.jpg\" alt=\"Prefabricated School 681 M\u00b2\" \/><\/p><\/div>\n<div class=\"fw-col-xs-12 fw-col-sm-4\">\n\t<div class=\"fw-heading fw-heading-h2 \">\n\t\t<h2 class='fw-special-title'>PREFABRICATED SCHOOL 594sqm<\/h2>\t<\/div><p><img decoding=\"async\" src=\"http:\/\/karmod.com\/images\/icerik\/kapak\/en\/school-buildings.jpg\" alt=\"Prefabricated School 594 M\u00b2\" \/><\/p><\/div>\n<\/div>\n\n<div class=\"fw-row\">\n\t<div class=\"fw-col-xs-12\">\n\t\n\t<div class=\"fw-divider-space\" style=\"padding-top: 50px;\"><\/div>\n<\/div>\n<\/div>\n\n<div class=\"fw-row\">\n\t<div class=\"fw-col-xs-12 fw-col-sm-4\">\n\t<div class=\"fw-heading fw-heading-h2 \">\n\t\t<h2 class='fw-special-title'>PREFABRICATED SCHOOL 508sqm<\/h2>\t<\/div><p><img decoding=\"async\" src=\"http:\/\/karmod.com\/images\/icerik\/kapak\/en\/prefabricated-school-508-m%C2%B2.jpg\" alt=\"Prefabricated School 508 M\u00b2\" \/><\/p><\/div>\n<div class=\"fw-col-xs-12 fw-col-sm-4\">\n\t<div class=\"fw-heading fw-heading-h2 \">\n\t\t<h2 class='fw-special-title'>PREFABRICATED SCHOOL 480sqm<\/h2>\t<\/div><p><img decoding=\"async\" src=\"http:\/\/karmod.com\/images\/icerik\/kapak\/en\/prefabricated-school-480-m%C2%B2--modular-school-buildings.jpg\" alt=\"Prefabricated School 480 M\u00b2\" \/><\/p><\/div>\n<div class=\"fw-col-xs-12 fw-col-sm-4\">\n\t<div class=\"fw-heading fw-heading-h2 \">\n\t\t<h2 class='fw-special-title'>PREFABRICATED SCHOOL 308sqm<\/h2>\t<\/div><p><img decoding=\"async\" src=\"http:\/\/karmod.com\/images\/icerik\/kapak\/en\/modular-education-buildings.jpg\" alt=\"Prefabricated School 308 M\u00b2\" \/><\/p><\/div>\n<\/div>\n\n<div class=\"fw-row\">\n\t<div class=\"fw-col-xs-12\">\n\t\n\t<div class=\"fw-divider-space\" style=\"padding-top: 50px;\"><\/div>\n<\/div>\n<\/div>\n\n<div class=\"fw-row\">\n\t<div class=\"fw-col-xs-12 fw-col-sm-4\">\n\t<div class=\"fw-heading fw-heading-h2 \">\n\t\t<h2 class='fw-special-title'>PREFABRICATED SCHOOL 289sqm<\/h2>\t<\/div><p><img decoding=\"async\" src=\"http:\/\/karmod.com\/images\/icerik\/kapak\/en\/modular-classroom-buildings.jpg\" alt=\"Prefabricated School 289 M\u00b2\" \/><\/p><\/div>\n<div class=\"fw-col-xs-12 fw-col-sm-4\">\n\t<div class=\"fw-heading fw-heading-h2 \">\n\t\t<h2 class='fw-special-title'>PREFABRICATED SCHOOL 272sqm<\/h2>\t<\/div><p><img decoding=\"async\" src=\"http:\/\/karmod.com\/images\/icerik\/kapak\/en\/temporary-classrooms-for-sale.jpg\" alt=\"Prefabricated School 272 M\u00b2\" \/><\/p><\/div>\n<div class=\"fw-col-xs-12 fw-col-sm-4\">\n\t<div class=\"fw-heading fw-heading-h2 \">\n\t\t<h2 class='fw-special-title'>PREFABRICATED SCHOOL 117sqm<\/h2>\t<\/div><p><img decoding=\"async\" src=\"http:\/\/karmod.com\/images\/icerik\/kapak\/en\/prefabricated-school-117-m%C2%B2.jpg\" alt=\"Prefabricated School 117 M\u00b2\" \/><\/p><\/div>\n<\/div>\n\n<div class=\"fw-row\">\n\t<div class=\"fw-col-xs-12\">\n\t\n<\/div>\n<\/div>\n\n<div class=\"fw-row\">\n\t<div class=\"fw-col-xs-12\">\n\t[media_gallery id=&#8221;1f5b692eb3096a032e1697db92a2bb32&#8243; images=&#8221;&#091;{&quot;attachment_id&quot;:2263,&quot;url&quot;:&quot;&#92;\/&#92;\/karmod.com.ng&#92;\/wp-content&#92;\/uploads&#92;\/2017&#92;\/07&#92;\/1-4.jpg&quot;},{&quot;attachment_id&quot;:2264,&quot;url&quot;:&quot;&#92;\/&#92;\/karmod.com.ng&#92;\/wp-content&#92;\/uploads&#92;\/2017&#92;\/07&#92;\/2-4.jpg&quot;},{&quot;attachment_id&quot;:2265,&quot;url&quot;:&quot;&#92;\/&#92;\/karmod.com.ng&#92;\/wp-content&#92;\/uploads&#92;\/2017&#92;\/07&#92;\/3-4.jpg&quot;},{&quot;attachment_id&quot;:2266,&quot;url&quot;:&quot;&#92;\/&#92;\/karmod.com.ng&#92;\/wp-content&#92;\/uploads&#92;\/2017&#92;\/07&#92;\/4-4.jpg&quot;},{&quot;attachment_id&quot;:2267,&quot;url&quot;:&quot;&#92;\/&#92;\/karmod.com.ng&#92;\/wp-content&#92;\/uploads&#92;\/2017&#92;\/07&#92;\/5-4.jpg&quot;},{&quot;attachment_id&quot;:2268,&quot;url&quot;:&quot;&#92;\/&#92;\/karmod.com.ng&#92;\/wp-content&#92;\/uploads&#92;\/2017&#92;\/07&#92;\/6-4.jpg&quot;},{&quot;attachment_id&quot;:2269,&quot;url&quot;:&quot;&#92;\/&#92;\/karmod.com.ng&#92;\/wp-content&#92;\/uploads&#92;\/2017&#92;\/07&#92;\/7-4.jpg&quot;},{&quot;attachment_id&quot;:2270,&quot;url&quot;:&quot;&#92;\/&#92;\/karmod.com.ng&#92;\/wp-content&#92;\/uploads&#92;\/2017&#92;\/07&#92;\/8-4.jpg&quot;},{&quot;attachment_id&quot;:2271,&quot;url&quot;:&quot;&#92;\/&#92;\/karmod.com.ng&#92;\/wp-content&#92;\/uploads&#92;\/2017&#92;\/07&#92;\/9-4.jpg&quot;},{&quot;attachment_id&quot;:2272,&quot;url&quot;:&quot;&#92;\/&#92;\/karmod.com.ng&#92;\/wp-content&#92;\/uploads&#92;\/2017&#92;\/07&#92;\/10-3.jpg&quot;},{&quot;attachment_id&quot;:2273,&quot;url&quot;:&quot;&#92;\/&#92;\/karmod.com.ng&#92;\/wp-content&#92;\/uploads&#92;\/2017&#92;\/07&#92;\/11-3.jpg&quot;},{&quot;attachment_id&quot;:2274,&quot;url&quot;:&quot;&#92;\/&#92;\/karmod.com.ng&#92;\/wp-content&#92;\/uploads&#92;\/2017&#92;\/07&#92;\/12-3.jpg&quot;},{&quot;attachment_id&quot;:2275,&quot;url&quot;:&quot;&#92;\/&#92;\/karmod.com.ng&#92;\/wp-content&#92;\/uploads&#92;\/2017&#92;\/07&#92;\/13-2.jpg&quot;},{&quot;attachment_id&quot;:2276,&quot;url&quot;:&quot;&#92;\/&#92;\/karmod.com.ng&#92;\/wp-content&#92;\/uploads&#92;\/2017&#92;\/07&#92;\/14-2.jpg&quot;},{&quot;attachment_id&quot;:2277,&quot;url&quot;:&quot;&#92;\/&#92;\/karmod.com.ng&#92;\/wp-content&#92;\/uploads&#92;\/2017&#92;\/07&#92;\/15-2.jpg&quot;},{&quot;attachment_id&quot;:2278,&quot;url&quot;:&quot;&#92;\/&#92;\/karmod.com.ng&#92;\/wp-content&#92;\/uploads&#92;\/2017&#92;\/07&#92;\/16-1.jpg&quot;},{&quot;attachment_id&quot;:2279,&quot;url&quot;:&quot;&#92;\/&#92;\/karmod.com.ng&#92;\/wp-content&#92;\/uploads&#92;\/2017&#92;\/07&#92;\/17-1.jpg&quot;},{&quot;attachment_id&quot;:2280,&quot;url&quot;:&quot;&#92;\/&#92;\/karmod.com.ng&#92;\/wp-content&#92;\/uploads&#92;\/2017&#92;\/07&#92;\/18-1.jpg&quot;}&#093;&#8221; columns=&#8221;3&#8243; _array_keys=&#8221;{&quot;images&quot;:&quot;images&quot;}&#8221; _made_with_builder=&#8221;true&#8221;][\/media_gallery]<\/div>\n<\/div>\n\n\t<\/div>\n<\/section>\n\n","protected":false},"excerpt":{"rendered":"<p>Reliable prefabricated schools projects for the future makersKarmod is one of the top brands is supplying\u00a0prefabricated schools\u00a0to public institutions and ministries of education. Karmod provides trusted education prefabricated solutions including Nurseries, Colleges, Universities, Private schools, public schools, modern classrooms and other complexes and\u00a0school buildings.Karmod has executed many\u00a0modular school\u00a0projects especially in Africa, Europe and South America&#8230;.<\/p>","protected":false},"author":1,"featured_media":0,"parent":0,"menu_order":0,"comment_status":"closed","ping_status":"closed","template":"","meta":{"footnotes":""},"class_list":["post-2251","page","type-page","status-publish","hentry"],"acf":[],"_links":{"self":[{"href":"https:\/\/karmod.com.ng\/fr\/wp-json\/wp\/v2\/pages\/2251","targetHints":{"allow":["GET"]}}],"collection":[{"href":"https:\/\/karmod.com.ng\/fr\/wp-json\/wp\/v2\/pages"}],"about":[{"href":"https:\/\/karmod.com.ng\/fr\/wp-json\/wp\/v2\/types\/page"}],"author":[{"embeddable":true,"href":"https:\/\/karmod.com.ng\/fr\/wp-json\/wp\/v2\/users\/1"}],"replies":[{"embeddable":true,"href":"https:\/\/karmod.com.ng\/fr\/wp-json\/wp\/v2\/comments?post=2251"}],"version-history":[{"count":12,"href":"https:\/\/karmod.com.ng\/fr\/wp-json\/wp\/v2\/pages\/2251\/revisions"}],"predecessor-version":[{"id":2281,"href":"https:\/\/karmod.com.ng\/fr\/wp-json\/wp\/v2\/pages\/2251\/revisions\/2281"}],"wp:attachment":[{"href":"https:\/\/karmod.com.ng\/fr\/wp-json\/wp\/v2\/media?parent=2251"}],"curies":[{"name":"wp","href":"https:\/\/api.w.org\/{rel}","templated":true}]}}