{"id":2303,"date":"2017-07-25T15:26:51","date_gmt":"2017-07-25T15:26:51","guid":{"rendered":"http:\/\/karmod.com.ng\/?page_id=2303"},"modified":"2017-07-25T15:26:51","modified_gmt":"2017-07-25T15:26:51","slug":"prefabricated-military-buildings-2","status":"publish","type":"page","link":"https:\/\/karmod.com.ng\/fr\/prefabricated-military-buildings-2\/","title":{"rendered":"B\u00e2timents militaires pr\u00e9fabriqu\u00e9s"},"content":{"rendered":"<section class=\"fw-main-row\"  >\n\t<div class=\"fw-container\">\n\t\t<div class=\"fw-row\">\n\t<div class=\"fw-col-xs-12\">\n\t<h6>Nous r\u00e9alisons des b\u00e2timents s\u00e9curis\u00e9s pour la s\u00e9curit\u00e9 de vos collaborateurs\u2026<\/h6><p>Nous proposons des solutions de construction pour\u00a0<strong>b\u00e2timents militaires pr\u00e9fabriqu\u00e9s<\/strong>\u00a0avec les avantages d&#039;une production \u00e0 court terme et d&#039;une installation rapide. Nos b\u00e2timents peuvent \u00eatre facilement stock\u00e9s ou d\u00e9mont\u00e9s et d\u00e9plac\u00e9s vers d&#039;autres emplacements gr\u00e2ce \u00e0 son syst\u00e8me d\u00e9montable. Nos b\u00e2timents modulaires offrent des solutions sp\u00e9ciales pour d\u00e9placer les troupes m\u00e9canis\u00e9es, les forces de maintien de la paix des Nations Unies, l&#039;OTAN et d&#039;autres associations similaires.\u00a0<\/p><p>En tenant compte des normes internationales lors de la pr\u00e9paration de nos b\u00e2timents pr\u00e9fabriqu\u00e9s, nous consid\u00e9rons \u00e9galement des options et des applications sp\u00e9ciales selon les normes des arm\u00e9es nationales.<\/p><\/div>\n<\/div>\n\n<div class=\"fw-row\">\n\t<div class=\"fw-col-xs-12\">\n\t\n<\/div>\n<\/div>\n\n<div class=\"fw-row\">\n\t<div class=\"fw-col-xs-12\">\n\t[media_gallery id=&#8221;6d7703a135bef17cef05717a81551cc9&#8243; images=&#8221;&#091;{&quot;attachment_id&quot;:2306,&quot;url&quot;:&quot;&#92;\/&#92;\/karmod.com.ng&#92;\/wp-content&#92;\/uploads&#92;\/2017&#92;\/07&#92;\/military2.jpg&quot;},{&quot;attachment_id&quot;:2307,&quot;url&quot;:&quot;&#92;\/&#92;\/karmod.com.ng&#92;\/wp-content&#92;\/uploads&#92;\/2017&#92;\/07&#92;\/military3.jpg&quot;},{&quot;attachment_id&quot;:2308,&quot;url&quot;:&quot;&#92;\/&#92;\/karmod.com.ng&#92;\/wp-content&#92;\/uploads&#92;\/2017&#92;\/07&#92;\/military4.jpg&quot;},{&quot;attachment_id&quot;:2309,&quot;url&quot;:&quot;&#92;\/&#92;\/karmod.com.ng&#92;\/wp-content&#92;\/uploads&#92;\/2017&#92;\/07&#92;\/military5.jpg&quot;},{&quot;attachment_id&quot;:2310,&quot;url&quot;:&quot;&#92;\/&#92;\/karmod.com.ng&#92;\/wp-content&#92;\/uploads&#92;\/2017&#92;\/07&#92;\/military6.jpg&quot;},{&quot;attachment_id&quot;:2311,&quot;url&quot;:&quot;&#92;\/&#92;\/karmod.com.ng&#92;\/wp-content&#92;\/uploads&#92;\/2017&#92;\/07&#92;\/military7.jpg&quot;}&#093;&#8221; columns=&#8221;3&#8243; _array_keys=&#8221;{&quot;images&quot;:&quot;images&quot;}&#8221; _made_with_builder=&#8221;true&#8221;][\/media_gallery]<\/div>\n<\/div>\n\n\t<\/div>\n<\/section>","protected":false},"excerpt":{"rendered":"<p>We produce secure buildings for the safety of your employees\u2026We offer building solutions for\u00a0prefabricated military buildings\u00a0with advantages of short time production and quick installation. Our buildings can be easily stocked or disassembled and moved to other locations thanks to its demountable system. Our modular buildings give special solutions to moving mechanized troops, UN peacekeeping forces,&#8230;<\/p>","protected":false},"author":1,"featured_media":0,"parent":0,"menu_order":0,"comment_status":"closed","ping_status":"closed","template":"","meta":{"footnotes":""},"class_list":["post-2303","page","type-page","status-publish","hentry"],"acf":[],"_links":{"self":[{"href":"https:\/\/karmod.com.ng\/fr\/wp-json\/wp\/v2\/pages\/2303","targetHints":{"allow":["GET"]}}],"collection":[{"href":"https:\/\/karmod.com.ng\/fr\/wp-json\/wp\/v2\/pages"}],"about":[{"href":"https:\/\/karmod.com.ng\/fr\/wp-json\/wp\/v2\/types\/page"}],"author":[{"embeddable":true,"href":"https:\/\/karmod.com.ng\/fr\/wp-json\/wp\/v2\/users\/1"}],"replies":[{"embeddable":true,"href":"https:\/\/karmod.com.ng\/fr\/wp-json\/wp\/v2\/comments?post=2303"}],"version-history":[{"count":3,"href":"https:\/\/karmod.com.ng\/fr\/wp-json\/wp\/v2\/pages\/2303\/revisions"}],"predecessor-version":[{"id":2313,"href":"https:\/\/karmod.com.ng\/fr\/wp-json\/wp\/v2\/pages\/2303\/revisions\/2313"}],"wp:attachment":[{"href":"https:\/\/karmod.com.ng\/fr\/wp-json\/wp\/v2\/media?parent=2303"}],"curies":[{"name":"wp","href":"https:\/\/api.w.org\/{rel}","templated":true}]}}