{"id":2314,"date":"2017-07-25T15:31:09","date_gmt":"2017-07-25T15:31:09","guid":{"rendered":"http:\/\/karmod.com.ng\/?page_id=2314"},"modified":"2017-07-25T15:31:09","modified_gmt":"2017-07-25T15:31:09","slug":"prefabricated-building-technical-specifications","status":"publish","type":"page","link":"https:\/\/karmod.com.ng\/fr\/prefabricated-building-technical-specifications\/","title":{"rendered":"Sp\u00e9cifications techniques des b\u00e2timents pr\u00e9fabriqu\u00e9s"},"content":{"rendered":"<div class=\"gallery gallery-list col-md-12\">\n<div class=\"row\">\n<div class=\"row\">\n<div class=\"col-md-12\">\n<h6>Les meilleurs b\u00e2timents pr\u00e9fabriqu\u00e9s au Nigeria<\/h6>\n<p>Karmod est l&#039;un des principaux fabricants de b\u00e2timents pr\u00e9fabriqu\u00e9s au Nigeria. Il fournit des solutions aux camps de chantier pr\u00e9fabriqu\u00e9s en syst\u00e8me de panneaux, aux b\u00e2timents administratifs, aux \u00e9coles, aux h\u00f4pitaux, aux camps militaires, aux installations sociales, etc. Nous proposons des solutions \u00e9conomiques int\u00e9gr\u00e9es en produisant la plupart des composants utilis\u00e9s dans la construction de b\u00e2timents pr\u00e9fabriqu\u00e9s dans nos propres installations.<\/p>\n<\/div>\n<\/div>\n<p>&nbsp;<\/p>\n<\/div>\n<\/div>\n<div class=\"rg-container\">\n<div class=\"rg-content rg-table\">\n<table class=\"rg-table zebra\">\n<thead>\n<tr>\n<th colspan=\"2\">CARACT\u00c9RISTIQUES TECHNIQUES DES B\u00c2TIMENTS PR\u00c9FABRIQU\u00c9S<\/th>\n<\/tr>\n<\/thead>\n<tbody>\n<tr>\n<td colspan=\"2\"><strong>DONN\u00c9ES TECHNIQUES<\/strong><\/td>\n<\/tr>\n<tr>\n<td>CONDITIONS DE TREMBLEMENT DE TERRE<\/td>\n<td>(zone sismique du 1er degr\u00e9) coefficient d&#039;acc\u00e9l\u00e9ration effectif du sol : A0=0,4<\/td>\n<\/tr>\n<tr>\n<td>CONDITIONS CLIMATIQUES<\/td>\n<td>La production est bas\u00e9e sur la 3\u00e8me zone climatique<\/td>\n<\/tr>\n<tr>\n<td>VALEUR DE CHARGE DE NEIGE<\/td>\n<td>75 kg\/m2<\/td>\n<\/tr>\n<tr>\n<td>VALEUR DE LA VITESSE DU VENT<\/td>\n<td>80 km\/h (Doit \u00eatre fix\u00e9 au sol)<\/td>\n<\/tr>\n<tr>\n<td>COEFFICIENT D&#039;ISOLATION DES MUR EXT\u00c9RIEUR<\/td>\n<td>K : 0,45 Kcal\/m\u00b2hC ( K : 0,53 W\/m\u00b2 K )<\/td>\n<\/tr>\n<tr>\n<td>COEFFICIENT D&#039;ISOLATION DU MUR INTERNE<\/td>\n<td>K : 0,44 Kcal\/m\u00b2hC ( K : 0,51 W\/m\u00b2 K )<\/td>\n<\/tr>\n<tr>\n<td>MAT\u00c9RIAU EN ACIER L\u00c9GER<\/td>\n<td>Erdemir 1311 ,(ST-37 ) Norme DIN EN 10147-00, une structure en acier galvanis\u00e9 zingu\u00e9 est utilis\u00e9e.<\/td>\n<\/tr>\n<tr>\n<td>PLAQUE DE CIMENT<\/td>\n<td>Densit\u00e9 : ~ 1300 kg\/m\u00b3 ignifuge (B1 \u00e0 DIN 4102 partie 1) Coefficient de conductivit\u00e9 thermique (\u03bb10 \u02da C sec)<\/td>\n<\/tr>\n<tr>\n<td>EPS (mousse de polystyr\u00e8ne expans\u00e9)<\/td>\n<td>TS EN 13163<\/td>\n<\/tr>\n<tr>\n<td>CAPACIT\u00c9 DE CHARGE DU CH\u00c2SSIS<\/td>\n<td>200 kg\/m\u00b2 (pour les b\u00e2timents \u00e0 deux \u00e9tages) (Calcul\u00e9 selon T.S 498 e.)<\/td>\n<\/tr>\n<tr>\n<td>COEFFICIENT D&#039;ISOLATION DE TOITURE<\/td>\n<td>K : 0,39 Kcal\/m\u00b2hC ( K : 0,43 W\/m\u00b2 K )<\/td>\n<\/tr>\n<tr>\n<td colspan=\"2\"><strong>PANNEAUX INT\u00c9RIEURS ET EXT\u00c9RIEURS<\/strong><\/td>\n<\/tr>\n<tr>\n<td colspan=\"2\">Les panneaux ext\u00e9rieurs et int\u00e9rieurs sont fabriqu\u00e9s en panneau de ciment recto-verso 8X1250X2500 mm. Mousse rigide de polystyr\u00e8ne de 84 mm \u00e0 12 densit\u00e9s utilis\u00e9e entre les panneaux de ciment pour l&#039;isolation. L&#039;\u00e9paisseur du panneau ext\u00e9rieur est de 10 cm et les panneaux int\u00e9rieurs sont de 6 cm et la hauteur du panneau est de 250 cm. Le panneau mural le plus lourd parmi le panneau complet, panneau de fen\u00eatre, panneau de porte, panneau de traverse \u00e0 partir duquel les maisons pr\u00e9fabriqu\u00e9es sont fabriqu\u00e9es (panneau de porte ext\u00e9rieur 125 \u00d7 250 cm) est de 114 kg.<\/td>\n<\/tr>\n<tr>\n<td colspan=\"2\"><strong>JOINTS DE PANNEAUX<\/strong><\/td>\n<\/tr>\n<tr>\n<td colspan=\"2\">Comme \u00e9l\u00e9ments de jonction, des profil\u00e9s sp\u00e9ciaux en acier galvanis\u00e9 U et H sont utilis\u00e9s, qui sont pli\u00e9s et combin\u00e9s au moyen d&#039;un syst\u00e8me de connexion sp\u00e9cial. La rouille ne se produira pas en raison de la transpiration en raison des bords incurv\u00e9s.<\/td>\n<\/tr>\n<tr>\n<td colspan=\"2\"><strong>CONSTRUCTIONS DE TRANSPORTEUR<\/strong><\/td>\n<\/tr>\n<tr>\n<td colspan=\"2\">Les fermes de toit, les poutres et les colonnes sont constitu\u00e9es de profil\u00e9s en acier galvanis\u00e9 de forme sp\u00e9ciale. Le long du b\u00e2timent, tous les 1250 mm, une ferme en acier de forme sp\u00e9ciale est plac\u00e9e et sur la ferme une panne en acier galvanis\u00e9 de forme sp\u00e9ciale est mont\u00e9e. Des boulons et des \u00e9crous sont utilis\u00e9s dans l&#039;assemblage afin que le b\u00e2timent puisse \u00eatre remont\u00e9 plusieurs fois. La production est effectu\u00e9e dans nos installations de production modernes avec un syst\u00e8me de connexion transparent et audacieux.<\/td>\n<\/tr>\n<tr>\n<td colspan=\"2\"><strong>CONSTRUCTION MEZZANINE<\/strong><\/td>\n<\/tr>\n<tr>\n<td colspan=\"2\">Le cadre porteur de la mezzanine est compos\u00e9 de profil\u00e9s en acier galvanis\u00e9 de forme sp\u00e9ciale. Le plancher de la mezzanine est recouvert de panneaux de ciment de 16 mm (panneaux de particules li\u00e9s au ciment). Sur le plafond suspendu du rez-de-chauss\u00e9e, une couche de laine de verre de 80 mm d&#039;\u00e9paisseur (14 kg\/m\u00b3) est plac\u00e9e pour l&#039;isolation phonique et thermique. La charge mezzanine est de 200 kg\/m\u00b2<\/td>\n<\/tr>\n<tr>\n<td colspan=\"2\"><strong>TOIT<\/strong><\/td>\n<\/tr>\n<tr>\n<td>SYST\u00c8ME DE TOIT<\/td>\n<td>La valeur de pente pour les syst\u00e8mes de toit \u00e0 pignon et de toit en pente est 30%<\/td>\n<\/tr>\n<tr>\n<td>REV\u00caTEMENT ET ISOLATION DE TOITURE<\/td>\n<td>Sur la panne m\u00e9tallique, des t\u00f4les d&#039;acier trap\u00e9zo\u00efdales peintes sont plac\u00e9es comme rev\u00eatement de toit. Des t\u00f4les trap\u00e9zo\u00efdales peintes \u00e0 motif de tuiles peuvent \u00eatre appliqu\u00e9es en option. Le rev\u00eatement du pignon est en lambris PVC. Les porte-\u00e0-faux sont de 20 cm. De larges franges en t\u00f4le d&#039;acier galvanis\u00e9 avec \u00e9vents sont utilis\u00e9es. Pour le toit, des t\u00f4les d&#039;acier galvanis\u00e9 de forme sp\u00e9ciale en forme de diagonale sont utilis\u00e9es. Des goutti\u00e8res de forme carr\u00e9e en PVC et des tuyaux de descente cylindriques avec accessoires mont\u00e9s sont utilis\u00e9s. Les goutti\u00e8res et ses accessoires peuvent \u00eatre r\u00e9alis\u00e9s en t\u00f4le d&#039;acier sur demande.<\/td>\n<\/tr>\n<tr>\n<td colspan=\"2\"><strong>PLAFOND<\/strong><\/td>\n<\/tr>\n<tr>\n<td colspan=\"2\">Pour le rev\u00eatement du plafond, des plaques de pl\u00e2tre de 12 mm sont utilis\u00e9es. Pour l&#039;isolation du plafond au-dessus de la plaque de pl\u00e2tre du plafond suspendu, une laine de verre de 80 mm est pos\u00e9e. Sous le ch\u00e2ssis de toit combin\u00e9, des profil\u00e9s om\u00e9ga en acier galvanis\u00e9 sont fix\u00e9s. La rouille ne se produira pas en raison de la transpiration qui se produit sur les bords de la t\u00f4le d&#039;acier en raison de la forme incurv\u00e9e. La couverture en PVC est utilis\u00e9e sur les profil\u00e9s de plafond Omega pour leur donner un aspect esth\u00e9tique. Les \u00e9l\u00e9ments de jonction des plaques de pl\u00e2tre sont en aluminium peint \u00e9lectrostatiquement. Pour les endroits humides, le panneau de ciment est utilis\u00e9 comme rev\u00eatement de plafond.<\/td>\n<\/tr>\n<tr>\n<td colspan=\"2\"><strong>PORTE<\/strong><\/td>\n<\/tr>\n<tr>\n<td>PORTE EXT.<\/td>\n<td>90\u00d7200 cm Porte en acier avec cadre en m\u00e9tal. Pour les portes ext\u00e9rieures, des serrures cylindriques sp\u00e9ciales de premi\u00e8re classe certifi\u00e9es TSE sont utilis\u00e9es.<\/td>\n<\/tr>\n<tr>\n<td>PORTE INT.<\/td>\n<td>Portes int\u00e9rieures : dimensions 80\u00d7200, cadre en acier galvanis\u00e9, porte am\u00e9ricaine en bois blanc cass\u00e9. Les portes en aluminium et en PVC sont \u00e9galement en option. Des serrures int\u00e9gr\u00e9es certifi\u00e9es TSE sont utilis\u00e9es.<\/td>\n<\/tr>\n<tr>\n<td colspan=\"2\"><strong>LES FEN\u00caTRES<\/strong><\/td>\n<\/tr>\n<tr>\n<td>LA FEN\u00caTRE<\/td>\n<td>120X100, 120\u00d7160 cm et 60\u00d740 cm (fen\u00eatre \u00e0 traverse) en mat\u00e9riaux \u00e0 base de PVC et certifi\u00e9s TSE et \u00e9galement s\u00e9rie 60. (En option, des cadres en panneaux de ciment peuvent \u00eatre appliqu\u00e9s autour des fen\u00eatres et des impostes).<\/td>\n<\/tr>\n<tr>\n<td>DOUBLE VITRAGE<\/td>\n<td>Tout le verre utilis\u00e9 pour les fen\u00eatres est en double vitrage 4 + 16 + 4, et pour l&#039;imposte du verre d\u00e9poli est utilis\u00e9.<\/td>\n<\/tr>\n<tr>\n<td colspan=\"2\">Lors de la commande, toutes les dimensions des portes et fen\u00eatres doivent \u00eatre mentionn\u00e9es.<\/td>\n<\/tr>\n<tr>\n<td colspan=\"2\"><strong>ESCALIERS<\/strong><\/td>\n<\/tr>\n<tr>\n<td colspan=\"2\">Fabriqu\u00e9 \u00e0 partir de profil\u00e9s en acier galvanis\u00e9, sp\u00e9cialement fa\u00e7onn\u00e9s par des machines de formage \u00e0 rouleaux. Les escaliers sont assembl\u00e9s \u00e0 l&#039;aide d&#039;un syst\u00e8me de vis sans soudure. Les marches sont recouvertes de bois et les contremarches sont ouvertes. Les mains courantes sont fabriqu\u00e9es en fer forg\u00e9 d\u00e9coratif. Les pi\u00e8ces m\u00e9talliques sont peintes avec de la peinture \u00e9lectrostatique. En option, les escaliers peuvent \u00eatre enti\u00e8rement fabriqu\u00e9s en bois.<\/td>\n<\/tr>\n<tr>\n<td colspan=\"2\"><strong>PEINTURES<\/strong><\/td>\n<\/tr>\n<tr>\n<td>PEINTURE EXTERIEURE<\/td>\n<td>Les pi\u00e8ces m\u00e9talliques externes sont peintes avec un rev\u00eatement double couche et une peinture \u00e0 l&#039;huile synth\u00e9tique double couche. Les surfaces ext\u00e9rieures des panneaux de panneaux de ciment sont peintes avec de la peinture acrylique. Pour les murs ext\u00e9rieurs, du mastic est appliqu\u00e9 sur les zones de jointoiement. Des produits de peinture certifi\u00e9s TSE sont utilis\u00e9s dans nos b\u00e2timents.<\/td>\n<\/tr>\n<tr>\n<td>PEINTURE INT\u00c9RIEUR<\/td>\n<td>Les surfaces int\u00e9rieures des panneaux de ciment et les plaques de pl\u00e2tre du plafond sont peintes avec de la peinture plastique. Des produits de peinture certifi\u00e9s TSE sont utilis\u00e9s dans nos b\u00e2timents.<\/td>\n<\/tr>\n<tr>\n<td>AUTRE<\/td>\n<td>Les fermes galvanis\u00e9es form\u00e9es \u00e0 froid, les pannes et les cadres de panneaux ne sont pas rev\u00eatus car ils sont produits au moyen d&#039;une technologie sans soudure.<\/td>\n<\/tr>\n<tr>\n<td colspan=\"2\"><strong>INSTALLATION \u00c9LECTRIQUE<\/strong><\/td>\n<\/tr>\n<tr>\n<td>INSTALLATIONS<\/td>\n<td>L&#039;installation \u00e9lectrique est appliqu\u00e9e sur du pl\u00e2tre \u00e0 l&#039;aide de c\u00e2bles certifi\u00e9s TSE.<\/td>\n<\/tr>\n<tr>\n<td>C\u00c2BLES<\/td>\n<td>L&#039;installation est appliqu\u00e9e sur du pl\u00e2tre et peut \u00eatre encastr\u00e9e en option.<\/td>\n<\/tr>\n<tr>\n<td>FUSIBLES<\/td>\n<td>Des fusibles certifi\u00e9s TSE sont utilis\u00e9s.<\/td>\n<\/tr>\n<tr>\n<td>APPAREILS D&#039;\u00c9CLAIRAGE<\/td>\n<td>Des mat\u00e9riaux certifi\u00e9s TSE sont utilis\u00e9s.<\/td>\n<\/tr>\n<tr>\n<td>COMMUTATEUR ET PRISE<\/td>\n<td>Un interrupteur et des prises certifi\u00e9s TSE sont utilis\u00e9s.<\/td>\n<\/tr>\n<tr>\n<td>CONNEXION EXT\u00c9RIEURE<\/td>\n<td>Compteur \u00e9lectrique, piquets de terre et branchements ext\u00e9rieurs sont \u00e0 charge de l&#039;acqu\u00e9reur.<\/td>\n<\/tr>\n<tr>\n<td colspan=\"2\"><strong>INSTALLATION SANITAIRE<\/strong><\/td>\n<\/tr>\n<tr>\n<td>INSTALLATION<\/td>\n<td>L&#039;installation est appliqu\u00e9e sur du pl\u00e2tre et peut \u00eatre encastr\u00e9e en option.<\/td>\n<\/tr>\n<tr>\n<td>PRODUITS SANITAIRES<\/td>\n<td>Des mat\u00e9riaux certifi\u00e9s TSE sont utilis\u00e9s.<\/td>\n<\/tr>\n<tr>\n<td>EQUIPEMENT ROBINET ET DOUCHE<\/td>\n<td>Des mat\u00e9riaux certifi\u00e9s TSE sont utilis\u00e9s.<\/td>\n<\/tr>\n<tr>\n<td>TUYAUX<\/td>\n<td>Les conduites d&#039;eau propre sont en PPRC et les conduites d&#039;eaux us\u00e9es sont en PVC et tous les mat\u00e9riaux sont certifi\u00e9s TSE.<\/td>\n<\/tr>\n<tr>\n<td>CONNEXION EXT\u00c9RIEURE<\/td>\n<td>Compteur d&#039;eau et raccordements ext\u00e9rieurs sont \u00e0 charge de l&#039;acqu\u00e9reur.<\/td>\n<\/tr>\n<tr>\n<td colspan=\"2\"><strong>FONDATION ET B\u00c9TON<\/strong><\/td>\n<\/tr>\n<tr>\n<td colspan=\"2\">La dalle de b\u00e9ton (fondation) doit \u00eatre r\u00e9alis\u00e9e selon le plan de b\u00e9ton (dimensions de base) fourni par Karmod. La dalle de b\u00e9ton et l&#039;\u00e9tude du sol sont \u00e0 la charge du client. Le b\u00e2timent est fix\u00e9 au sol avec des ancrages et des chevilles en acier. Un radier ancr\u00e9 ou une fondation en treillis m\u00e9tallique doit \u00eatre pr\u00e9par\u00e9. Le client est responsable de toutes les op\u00e9rations d&#039;excavation.<\/td>\n<\/tr>\n<\/tbody>\n<\/table>\n<\/div>\n<\/div>","protected":false},"excerpt":{"rendered":"<p>The best prefabricated buildings in Nigeria Karmod is a leading manufacturer of prefabricated buildings in Nigeria. Its providing solutions to panel system prefabricated worksite camps, administrative buildings, schools, hospitals, military camps, social facilities and etc. We are offering\u00a0 integrated economic solutions by producing most of the components used in constrcution of prefabricated building in our&#8230;<\/p>","protected":false},"author":1,"featured_media":0,"parent":0,"menu_order":0,"comment_status":"closed","ping_status":"closed","template":"","meta":{"footnotes":""},"class_list":["post-2314","page","type-page","status-publish","hentry"],"acf":[],"_links":{"self":[{"href":"https:\/\/karmod.com.ng\/fr\/wp-json\/wp\/v2\/pages\/2314","targetHints":{"allow":["GET"]}}],"collection":[{"href":"https:\/\/karmod.com.ng\/fr\/wp-json\/wp\/v2\/pages"}],"about":[{"href":"https:\/\/karmod.com.ng\/fr\/wp-json\/wp\/v2\/types\/page"}],"author":[{"embeddable":true,"href":"https:\/\/karmod.com.ng\/fr\/wp-json\/wp\/v2\/users\/1"}],"replies":[{"embeddable":true,"href":"https:\/\/karmod.com.ng\/fr\/wp-json\/wp\/v2\/comments?post=2314"}],"version-history":[{"count":2,"href":"https:\/\/karmod.com.ng\/fr\/wp-json\/wp\/v2\/pages\/2314\/revisions"}],"predecessor-version":[{"id":2316,"href":"https:\/\/karmod.com.ng\/fr\/wp-json\/wp\/v2\/pages\/2314\/revisions\/2316"}],"wp:attachment":[{"href":"https:\/\/karmod.com.ng\/fr\/wp-json\/wp\/v2\/media?parent=2314"}],"curies":[{"name":"wp","href":"https:\/\/api.w.org\/{rel}","templated":true}]}}