{"id":2335,"date":"2017-07-25T16:25:01","date_gmt":"2017-07-25T16:25:01","guid":{"rendered":"http:\/\/karmod.com.ng\/?page_id=2335"},"modified":"2017-07-25T16:25:01","modified_gmt":"2017-07-25T16:25:01","slug":"modular-kiosks","status":"publish","type":"page","link":"https:\/\/karmod.com.ng\/fr\/modular-kiosks\/","title":{"rendered":"Kiosques modulaires"},"content":{"rendered":"<section class=\"fw-main-row\"  >\n\t<div class=\"fw-container\">\n\t\t<div class=\"fw-row\">\n\t<div class=\"fw-col-xs-12\">\n\t<h6>Une marque de classe mondiale pour les cabines modulaires.<\/h6><p>Karmod est fier de vous pr\u00e9senter sa large collection de\u00a0<strong>kiosques modulaires<\/strong>\u00a0qui conviennent \u00e0 une utilisation en tous lieux et \u00e0 toutes fins. Ce n&#039;est pas un hasard si vous trouvez des kiosques Karmod pendant que vous vous promenez dans les rues d&#039;Istanbul, Londres, Abuja, Riyad, Kowe\u00eft, Doha, Paris et des dizaines d&#039;autres villes \u00e0 travers le monde.<\/p><p>Les cabines Karmod sont produites au moyen de la technologie moderne et sous un contr\u00f4le de qualit\u00e9 strict. Les panneaux de mur et de toit sont inject\u00e9s de mousse de polyur\u00e9thane pour une isolation maximale. La structure d\u00e9montable facilite le transport des cabines vers n&#039;importe quelle destination. Avec leurs caract\u00e9ristiques exceptionnelles, leurs solutions d\u00e9taill\u00e9es, leurs prix \u00e9conomiques et leur haute qualit\u00e9, les cabines modulaires Karmod sont choisies pour \u00eatre utilis\u00e9es comme guichets, bureaux de chantier, postes de s\u00e9curit\u00e9, kiosques de restauration, points d&#039;information, postes de contr\u00f4le, postes de p\u00e9age, bureaux de chantier, march\u00e9 kiosques d&#039;unit\u00e9, toilettes et douches portatives.<\/p><p>Karmod a la solution de kiosque modulaire dont vous avez besoin pour n&#039;importe quel endroit !<\/p><\/div>\n<\/div>\n\n<div class=\"fw-row\">\n\t<div class=\"fw-col-xs-12\">\n\t\n<\/div>\n<\/div>\n\n<div class=\"fw-row\">\n\t<div class=\"fw-col-xs-12 fw-col-sm-4\">\n\t<div class=\"fw-heading fw-heading-h2\">\n\t\t<h2 class='fw-special-title'>CABINE EN FIBRE DE VERRE 150x150<\/h2>\t<\/div><p><img decoding=\"async\" src=\"http:\/\/karmod.com\/images\/icerik\/kapak\/en\/fiberglass-cabin-150-x-150.jpg\" alt=\"Fiberglass Cabin 150 x 150\" \/><\/p><\/div>\n<div class=\"fw-col-xs-12 fw-col-sm-4\">\n\t<div class=\"fw-heading fw-heading-h2\">\n\t\t<h2 class='fw-special-title'>CABINE EN FIBRE DE VERRE 150x215<\/h2>\t<\/div><p><img decoding=\"async\" src=\"http:\/\/karmod.com\/images\/icerik\/kapak\/en\/fiberglass-cabin-150-x-215.jpg\" alt=\"Fiberglass Cabin 150 x 215\" \/><\/p><\/div>\n<div class=\"fw-col-xs-12 fw-col-sm-4\">\n\t<div class=\"fw-heading fw-heading-h2\">\n\t\t<h2 class='fw-special-title'>CABINE EN FIBRE DE VERRE 150x270<\/h2>\t<\/div><p><img decoding=\"async\" src=\"http:\/\/karmod.com\/images\/icerik\/kapak\/en\/fiberglass-cabin-150-x-270.jpg\" alt=\"Fiberglass Cabin 150 x 270\" \/><\/p><\/div>\n<\/div>\n\n<div class=\"fw-row\">\n\t<div class=\"fw-col-xs-12\">\n\t\n\t<div class=\"fw-divider-space\" style=\"padding-top: 50px;\"><\/div>\n<\/div>\n<\/div>\n\n<div class=\"fw-row\">\n\t<div class=\"fw-col-xs-12 fw-col-sm-4\">\n\t<div class=\"fw-heading fw-heading-h2\">\n\t\t<h2 class='fw-special-title'>CABINE EN FIBRE DE VERRE 215x215<\/h2>\t<\/div><p><img decoding=\"async\" src=\"http:\/\/karmod.com\/images\/icerik\/kapak\/en\/fiberglass-cabin-215-x-215.jpg\" alt=\"Fiberglass Cabin 215 x 215\" \/><\/p><\/div>\n<div class=\"fw-col-xs-12 fw-col-sm-4\">\n\t<div class=\"fw-heading fw-heading-h2\">\n\t\t<h2 class='fw-special-title'>CABINE EN FIBRE DE VERRE 215x270<\/h2>\t<\/div><p><img decoding=\"async\" src=\"http:\/\/karmod.com\/images\/icerik\/kapak\/en\/fiberglass-cabin-215-x-270.jpg\" alt=\"Fiberglass Cabin 215 x 270\" \/><\/p><\/div>\n<div class=\"fw-col-xs-12 fw-col-sm-4\">\n\t<div class=\"fw-heading fw-heading-h2\">\n\t\t<h2 class='fw-special-title'>CABINE EN FIBRE DE VERRE 215x390<\/h2>\t<\/div><p><img decoding=\"async\" src=\"http:\/\/karmod.com\/images\/icerik\/kapak\/en\/fiberglass-cabin-215-x-390.jpg\" alt=\"Fiberglass Cabin 215 x 390\" \/><\/p><\/div>\n<\/div>\n\n<div class=\"fw-row\">\n\t<div class=\"fw-col-xs-12\">\n\t\n\t<div class=\"fw-divider-space\" style=\"padding-top: 50px;\"><\/div>\n<\/div>\n<\/div>\n\n<div class=\"fw-row\">\n\t<div class=\"fw-col-xs-12 fw-col-sm-4\">\n\t<div class=\"fw-heading fw-heading-h2\">\n\t\t<h2 class='fw-special-title'>CABINE EN FIBRE DE VERRE 270x270<\/h2>\t<\/div><p><img decoding=\"async\" src=\"http:\/\/karmod.com\/images\/icerik\/kapak\/en\/fiberglass-cabin-270-x-270.jpg\" alt=\"Fiberglass Cabin 270 x 270\" \/><\/p><\/div>\n<div class=\"fw-col-xs-12 fw-col-sm-4\">\n\t<div class=\"fw-heading fw-heading-h2\">\n\t\t<h2 class='fw-special-title'>CABINE EN FIBRE DE VERRE 270x390<\/h2>\t<\/div><p><img decoding=\"async\" src=\"http:\/\/karmod.com\/images\/icerik\/kapak\/en\/fiberglass-cabin-270-x-390.jpg\" alt=\"Fiberglass Cabin 270 x 390\" \/><\/p><\/div>\n<div class=\"fw-col-xs-12 fw-col-sm-4\">\n\t<div class=\"fw-heading fw-heading-h2\">\n\t\t<h2 class='fw-special-title'>CABINE EN FIBRE DE VERRE 270x510<\/h2>\t<\/div><p><img decoding=\"async\" src=\"http:\/\/karmod.com\/images\/icerik\/kapak\/en\/fiberglass-cabin-270-x-510.jpg\" alt=\"Fiberglass Cabin 270 x 510\" \/><\/p><\/div>\n<\/div>\n\n<div class=\"fw-row\">\n\t<div class=\"fw-col-xs-12\">\n\t\n\t<div class=\"fw-divider-space\" style=\"padding-top: 50px;\"><\/div>\n<\/div>\n<\/div>\n\n<div class=\"fw-row\">\n\t<div class=\"fw-col-xs-12 fw-col-sm-4\">\n\t<div class=\"fw-heading fw-heading-h2\">\n\t\t<h2 class='fw-special-title'>CABINE EN FIBRE DE VERRE 270x630<\/h2>\t<\/div><p><img decoding=\"async\" src=\"http:\/\/karmod.com\/images\/icerik\/kapak\/en\/fiberglass-cabin-270-x-630.jpg\" alt=\"Fiberglass Cabin 270 x 630\" \/><\/p><\/div>\n<div class=\"fw-col-xs-12 fw-col-sm-4\">\n\t<div class=\"fw-heading fw-heading-h2\">\n\t\t<h2 class='fw-special-title'>CABINE EN FIBRE DE VERRE 270x750<\/h2>\t<\/div><p><img decoding=\"async\" src=\"http:\/\/karmod.com\/images\/icerik\/kapak\/en\/polyester-kabin-270-x-750.jpg\" alt=\"Fiberglass Cabin 270 x 750\" \/><\/p><\/div>\n<\/div>\n\n\t<\/div>\n<\/section>","protected":false},"excerpt":{"rendered":"<p>A World class brand for modular cabins.Karmod is proud to introduce its wide collection of\u00a0modular kiosks\u00a0that are suitable for use at all locations and for all purposes. It is not a coincidence that you find Karmod kiosks while you are wandering in streets of Istanbul, London, Abuja, Riyadh, Kuwait, Doha, Paris, and tens of other&#8230;<\/p>","protected":false},"author":1,"featured_media":0,"parent":0,"menu_order":0,"comment_status":"closed","ping_status":"closed","template":"","meta":{"footnotes":""},"class_list":["post-2335","page","type-page","status-publish","hentry"],"acf":[],"_links":{"self":[{"href":"https:\/\/karmod.com.ng\/fr\/wp-json\/wp\/v2\/pages\/2335","targetHints":{"allow":["GET"]}}],"collection":[{"href":"https:\/\/karmod.com.ng\/fr\/wp-json\/wp\/v2\/pages"}],"about":[{"href":"https:\/\/karmod.com.ng\/fr\/wp-json\/wp\/v2\/types\/page"}],"author":[{"embeddable":true,"href":"https:\/\/karmod.com.ng\/fr\/wp-json\/wp\/v2\/users\/1"}],"replies":[{"embeddable":true,"href":"https:\/\/karmod.com.ng\/fr\/wp-json\/wp\/v2\/comments?post=2335"}],"version-history":[{"count":9,"href":"https:\/\/karmod.com.ng\/fr\/wp-json\/wp\/v2\/pages\/2335\/revisions"}],"predecessor-version":[{"id":2346,"href":"https:\/\/karmod.com.ng\/fr\/wp-json\/wp\/v2\/pages\/2335\/revisions\/2346"}],"wp:attachment":[{"href":"https:\/\/karmod.com.ng\/fr\/wp-json\/wp\/v2\/media?parent=2335"}],"curies":[{"name":"wp","href":"https:\/\/api.w.org\/{rel}","templated":true}]}}