{"id":2583,"date":"2017-07-26T19:28:42","date_gmt":"2017-07-26T19:28:42","guid":{"rendered":"http:\/\/karmod.com.ng\/?page_id=2583"},"modified":"2017-07-26T19:28:42","modified_gmt":"2017-07-26T19:28:42","slug":"steel-house-technical-specifications","status":"publish","type":"page","link":"https:\/\/karmod.com.ng\/fr\/steel-house-technical-specifications\/","title":{"rendered":"Sp\u00e9cifications techniques de la maison en acier"},"content":{"rendered":"<section class=\"fw-main-row\"  >\n\t<div class=\"fw-container\">\n\t\t<div class=\"fw-row\">\n\t<div class=\"fw-col-xs-12\">\n\t<p><a href=\"http:\/\/karmod.com.ng\/wp-content\/uploads\/2017\/07\/tech-house-specification.jpg\"><img fetchpriority=\"high\" decoding=\"async\" class=\"alignnone size-full wp-image-2584\" src=\"http:\/\/karmod.com.ng\/wp-content\/uploads\/2017\/07\/tech-house-specification.jpg\" alt=\"tech house specification\" width=\"960\" height=\"640\" srcset=\"https:\/\/karmod.com.ng\/wp-content\/uploads\/2017\/07\/tech-house-specification.jpg 960w, https:\/\/karmod.com.ng\/wp-content\/uploads\/2017\/07\/tech-house-specification-600x400.jpg 600w, https:\/\/karmod.com.ng\/wp-content\/uploads\/2017\/07\/tech-house-specification-300x200.jpg 300w, https:\/\/karmod.com.ng\/wp-content\/uploads\/2017\/07\/tech-house-specification-768x512.jpg 768w\" sizes=\"(max-width: 960px) 100vw, 960px\" \/><\/a><\/p><\/div>\n<\/div>\n\n<div class=\"fw-row\">\n\t<div class=\"fw-col-xs-12\">\n\t\n\t<div class=\"fw-divider-space\" style=\"padding-top: 50px;\"><\/div>\n<\/div>\n<\/div>\n\n<div class=\"fw-row\">\n\t<div class=\"fw-col-xs-12\">\n\t<h6>CARACT\u00c9RISTIQUES TECHNIQUES DES STRUCTURES L\u00c9G\u00c8RES EN ACIER<\/h6><div class=\"rg-content rg-table\"><table class=\"rg-table zebra\"><tbody><tr><td colspan=\"2\"><strong>DONN\u00c9ES TECHNIQUES<\/strong><\/td><\/tr><tr><td>CONDITIONS DE TREMBLEMENT DE TERRE<\/td><td>(zone sismique de 3e degr\u00e9) coefficient d&#039;acc\u00e9l\u00e9ration du sol effectif A0=0,4<\/td><\/tr><tr><td>CONDITIONS CLIMATIQUES<\/td><td>La production est bas\u00e9e sur la 3\u00e8me zone climatique.<\/td><\/tr><tr><td>CHARGE DE NEIGE<\/td><td>80 Kg\/m2 (varie selon l&#039;endroit o\u00f9 assembler)<\/td><\/tr><tr><td>VITESSE DU VENT<\/td><td>80 km\/h (doit \u00eatre fix\u00e9 au sol)<\/td><\/tr><tr><td>COEFFICIENT D&#039;ISOLATION DES MUR EXT\u00c9RIEUR<\/td><td>K : 0,45 Kcal\/m\u00b2hC ( K : 0,53 W\/m\u00b2 K )<\/td><\/tr><tr><td>COEFFICIENT D&#039;ISOLATION DES MUR INT\u00c9RIEUR<\/td><td>K : 0,44 Kcal\/m\u00b2hC ( K : 0,51 W\/m\u00b2 K )<\/td><\/tr><tr><td>MAT\u00c9RIAU EN ACIER L\u00c9GER<\/td><td>Erdemir 1311 ,(ST-37 ) Norme DIN EN 10147-00, une structure en acier galvanis\u00e9 zingu\u00e9 est utilis\u00e9e.<\/td><\/tr><tr><td>PLAQUE DE CIMENT<\/td><td>Densit\u00e9 : ~ 1300 kg\/m\u00b3 ignifuge (B1 \u00e0 DIN 4102 partie 1) Coefficient de conductivit\u00e9 thermique (\u03bb10 \u02da C sec)<\/td><\/tr><tr><td>LAINE DE ROCHE<\/td><td>Selon la norme TS 13500-1, mat\u00e9riau de protection contre le feu de classe A1 ou de classe de feu A2 qui ne divise pas le feu.<\/td><\/tr><tr><td>CAPACIT\u00c9 DE CHARGE DU CH\u00c2SSIS<\/td><td>200 kg\/m\u00b2 (pour les b\u00e2timents \u00e0 deux \u00e9tages) (Calcul\u00e9 selon T.S 498 e.)<\/td><\/tr><tr><td>COEFFICIENT D&#039;ISOLATION DE TOITURE<\/td><td>K : 0,39 Kcal\/m\u00b2hC ( K : 0,43 W\/m\u00b2 K )<\/td><\/tr><tr><td colspan=\"2\"><strong>MUR<\/strong><\/td><\/tr><tr><td>CADRES MURAUX<\/td><td>L&#039;ossature murale en acier avec poteaux et solives est produite \u00e0 84 mm d&#039;\u00e9paisseur selon le projet et les calculs statistiques. Avec des piliers et des barres de vitrage d&#039;une \u00e9paisseur de 84 mm. L&#039;\u00e9paisseur du mur peut \u00eatre augment\u00e9e sur demande. Pour les b\u00e2timents de 2 ou 3 \u00e9tages, l&#039;\u00e9paisseur sera de 104 mm.<\/td><\/tr><tr><td>SYST\u00c8ME DE RACCORDEMENT<\/td><td>Toutes les pi\u00e8ces en acier sont produites au moyen d&#039;un syst\u00e8me sans soudure. Ils sont connect\u00e9s \u00e0 l&#039;aide de boulons et de vis avec la m\u00e9thode imbus. Les profil\u00e9s en acier galvanis\u00e9 form\u00e9 \u00e0 froid (U, C, L Omega\u2026etc) en acier galvanis\u00e9 form\u00e9 \u00e0 froid forment le syst\u00e8me porteur de la structure.<\/td><\/tr><tr><td>ISOLATION<\/td><td>Une \u00e9paisseur de 80 mm de laine de roche ou d&#039;eps est appliqu\u00e9e.<\/td><\/tr><tr><td>REV\u00caTEMENT EXT\u00c9RIEUR ET PEINTURE<\/td><td>Une barri\u00e8re contre l&#039;humidit\u00e9 et un rev\u00eatement OSB de 11 mm d&#039;\u00e9paisseur peuvent \u00eatre ajout\u00e9s sur l&#039;ossature en acier sur demande. (C&#039;est un must dans les maisons \u00e0 2 \u00e9tages. ). Lorsqu&#039;il est enduit d&#039;OSB, une application de profil &quot;M&quot; est utilis\u00e9e. Un rev\u00eatement en pierre peut \u00eatre appliqu\u00e9 sur demande. Une peinture ext\u00e9rieure \u00e0 base d&#039;acrylique est utilis\u00e9e. L&#039;\u00e9paisseur du mur ext\u00e9rieur est de 116 mm sans OSB et de 152 mm avec OSB. L&#039;\u00e9paisseur du mur ext\u00e9rieur est de 172 dans les b\u00e2timents \u00e0 deux et trois \u00e9tages. Un rev\u00eatement ext\u00e9rieur peut \u00eatre appliqu\u00e9 sur demande.<\/td><\/tr><tr><td>REV\u00caTEMENT INT\u00c9RIEUR ET PEINTURE<\/td><td>Filet et pl\u00e2tre de gypse appliqu\u00e9s entre les plaques de pl\u00e2tre pour donner un aspect esth\u00e9tique. avant d&#039;appliquer le gymsum naylon est appliqu\u00e9 au-dessus des profils des murs int\u00e9rieurs afin d&#039;\u00e9viter la transpiration et d&#039;augmenter l&#039;isolation. Pour le rev\u00eatement mural des plaques de pl\u00e2tre de 12,5 mm d&#039;\u00e9paisseur (des plaques de pl\u00e2tre roses \u00e0 haute r\u00e9sistance au feu peuvent \u00eatre utilis\u00e9es sur demande) des plaques sont utilis\u00e9es. Pour les zones humides, des plaques de pl\u00e2tre vertes de 12,5 mm sont utilis\u00e9es. Les planches de gym sont peintes avec de la peinture plastique. La largeur du panneau int\u00e9rieur est de 110 mm. Pour les murs int\u00e9rieurs, des plaques de pl\u00e2tre doubles peuvent \u00eatre utilis\u00e9es sur demande.<\/td><\/tr><tr><td colspan=\"2\"><strong>TOIT<\/strong><\/td><\/tr><tr><td>SYST\u00c8ME<\/td><td>Sloping values for gable roof and pitched roof systems are %20-%30.Roof slope can be increased in the regions whith high snow load.<\/td><\/tr><tr><td>Treillis du toit<\/td><td>Les fermes de toit, les poutres et les colonnes sont fabriqu\u00e9es \u00e0 partir de profil\u00e9s en acier inoxydable galvanis\u00e9 de forme sp\u00e9ciale. Le syst\u00e8me de toiture est install\u00e9 selon le projet et les calculs statiques. Des pannes galvanis\u00e9es de forme sp\u00e9ciale sont install\u00e9es sur le dessus de la ferme de toit. Le syst\u00e8me de connexion sans soudure et boulonn\u00e9 est produit dans nos installations de production modernes. Le toit \u00e0 pignon d&#039;extr\u00e9mit\u00e9 est recouvert du m\u00eame mat\u00e9riau de rev\u00eatement ext\u00e9rieur. Autour du toit, des avant-toits ventil\u00e9s de 20 cm de largeur en t\u00f4le d&#039;acier inoxydable galvanis\u00e9 sont install\u00e9s.<\/td><\/tr><tr><td>Rev\u00eatement de toit<\/td><td>Des t\u00f4les galvanis\u00e9es peintes en acier inoxydable sont appliqu\u00e9es sur des pannes m\u00e9talliques pour le rev\u00eatement de toit. De plus, des t\u00f4les trap\u00e9zo\u00efdales peintes \u00e0 motifs de tuiles que nous produisons dans nos installations peuvent \u00eatre appliqu\u00e9es sur demande. .Les bris caus\u00e9s par la charge de neige ne sont plus sous garantie.<\/td><\/tr><tr><td colspan=\"2\"><strong>REV\u00caTEMENTS DE PLAFOND<\/strong><\/td><\/tr><tr><td>ISOLATION<\/td><td>Au-dessus de la plaque de pl\u00e2tre du faux plafond, une laine de verre de 80 mm d&#039;\u00e9paisseur (14kg\/m3) est appliqu\u00e9e. (La laine de roche peut \u00e9galement \u00eatre appliqu\u00e9e sur demande). Dans les zones froides, une double couche de laine de verre peut \u00eatre appliqu\u00e9e sur demande.<\/td><\/tr><tr><td>REV\u00caTEMENT<\/td><td>Filet et pl\u00e2tre de gypse appliqu\u00e9s entre les plaques de pl\u00e2tre recouvrant le plafond pour donner un aspect esth\u00e9tique. Pour le rev\u00eatement de plafond, il est possible d&#039;appliquer des plaques de pl\u00e2tre de 12,5 mm d&#039;\u00e9paisseur (des plaques de pl\u00e2tre roses \u00e0 haute r\u00e9sistance au feu peuvent \u00eatre appliqu\u00e9es sur demande). Pour les zones humides, des plaques de pl\u00e2tre vertes de 12,5 mm d&#039;\u00e9paisseur sont appliqu\u00e9es.<\/td><\/tr><tr><td colspan=\"2\"><strong>DES PORTES<\/strong><\/td><\/tr><tr><td>PORTE EXTERIEURE<\/td><td>Porte en acier 90x200 cm avec serrures cylindriques certifi\u00e9es TSE.<\/td><\/tr><tr><td>PORTES INT\u00c9RIEURES<\/td><td>Cadre en t\u00f4le d&#039;acier galvanis\u00e9 80x200 cm, coloris blanc cass\u00e9, porte am\u00e9ricaine en bois. Portes en aluminium et PVC disponibles sur demande. Serrures int\u00e9gr\u00e9es avec certification TSE. Un cadre de porte en bois peut \u00e9galement \u00eatre appliqu\u00e9 sur demande.<\/td><\/tr><tr><td colspan=\"2\"><strong>LES FEN\u00caTRES<\/strong><\/td><\/tr><tr><td>PROFIL DE FEN\u00caTRE<\/td><td>Traverses 160x160, 115x110, 115x160 cm et 60x40, base PVC, certification TSE et s\u00e9rie 60. Possibilit\u00e9 d&#039;appliquer sur demande du PVC \u00e0 motifs en aluminium ou en bois. Les cadres des fen\u00eatres et des traverses peuvent \u00eatre recouverts de panneaux de ciment.<\/td><\/tr><tr><td>DOUBLE VITRAGE<\/td><td>Tous les verres utilis\u00e9s sont en double vitrage ; Double vitrage 4 + 12 + 4 mm et traverses en verre d\u00e9poli.<\/td><\/tr><tr><td colspan=\"2\">Au cours du processus de commande, les dimensions et les emplacements des portes et des fen\u00eatres doivent \u00eatre indiqu\u00e9s sur le projet. Le d\u00e9lai de livraison pour les fen\u00eatres en aluminium et color\u00e9es est plus long que la normale.<\/td><\/tr><tr><td colspan=\"2\"><strong>ESCALIERS<\/strong><\/td><\/tr><tr><td colspan=\"2\">Fabriqu\u00e9 avec des machines Roll-form \u00e0 partir de t\u00f4le galvanis\u00e9e en tant que structure en acier de forme sp\u00e9ciale avec un syst\u00e8me de vis sans soudure. Les marches sont recouvertes de bois. Les \u00e9l\u00e9vateurs sont ouverts. Les parties m\u00e9talliques sont peintes avec de la peinture \u00e9lectrostatique. En option, peuvent \u00eatre recouvertes de bois sur demande.<\/td><\/tr><tr><td colspan=\"2\"><strong>RAIL D&#039;ESCALIER<\/strong><\/td><\/tr><tr><td colspan=\"2\">Les mains courantes sont fabriqu\u00e9es en fer forg\u00e9 d\u00e9coratif. Des mains courantes en aluminium ou en bois (pour les escaliers en bois) peuvent \u00eatre fabriqu\u00e9es sur demande.<\/td><\/tr><tr><td colspan=\"2\"><strong>PEINTURES<\/strong><\/td><\/tr><tr><td>PEINTURE EXTERIEURE<\/td><td>Le c\u00f4t\u00e9 ext\u00e9rieur des pi\u00e8ces m\u00e9talliques est peint avec une double couche d&#039;appr\u00eat, puis une double couche de peinture \u00e0 l&#039;huile synth\u00e9tique. Le c\u00f4t\u00e9 ext\u00e9rieur du panneau mural est peint avec de la peinture acrylique. Le mastic est appliqu\u00e9 sur les connexions des murs ext\u00e9rieurs. Une peinture certifi\u00e9e TSE de premi\u00e8re classe est utilis\u00e9e dans tous nos b\u00e2timents. Un rev\u00eatement ext\u00e9rieur en pl\u00e2tre min\u00e9ral peut \u00eatre appliqu\u00e9 sur demande.<\/td><\/tr><tr><td>PEINTURE INTERIEURE<\/td><td>La surface int\u00e9rieure du panneau mural et la surface des plaques de pl\u00e2tre du plafond sont peintes avec de la peinture plastique. Une peinture certifi\u00e9e TSE de premi\u00e8re classe est utilis\u00e9e dans tous nos b\u00e2timents. De la peinture satin\u00e9e, du papier peint peut \u00eatre appliqu\u00e9 sur demande.<\/td><\/tr><tr><td>AUTRE<\/td><td>Les profil\u00e9s des fermes de toit, des pannes et des cadres de panneaux sont fabriqu\u00e9s en t\u00f4le d&#039;acier inoxydable galvanis\u00e9e et ne sont ni rev\u00eatus ni peints.<\/td><\/tr><tr><td colspan=\"2\"><strong>INSTALLATION \u00c9LECTRIQUE (ENCASTR\u00c9E)<\/strong><\/td><\/tr><tr><td>SYST\u00c8ME<\/td><td>Pour une installation \u00e9lectrique de premi\u00e8re classe, des c\u00e2bles certifi\u00e9s TSE sont utilis\u00e9s et pos\u00e9s sous pl\u00e2tre. Les interrupteurs et les prises sont choisis parmi des produits certifi\u00e9s TSE de premi\u00e8re classe. Le compteur d&#039;\u00e9lectricit\u00e9 et les connexions ext\u00e9rieures doivent \u00eatre organis\u00e9s par l&#039;ACHETEUR<\/td><\/tr><tr><td colspan=\"2\"><strong>INSTALLATION SANITAIRE (ENCASTR\u00c9E)<\/strong><\/td><\/tr><tr><td>SYST\u00c8ME<\/td><td>Syst\u00e8me d&#039;encastrement. Les mat\u00e9riaux sanitaires, les lavabos et les accessoires de douche ne sont pas inclus et sont laiss\u00e9s aux pr\u00e9f\u00e9rences du client. Les conduites d&#039;eau propre sont en PPRC et les conduites d&#039;eaux us\u00e9es sont en PVC et ont un certificat TSE. Le compteur d&#039;eau et les raccordements ext\u00e9rieurs sont \u00e0 la charge de l&#039;ACHETEUR.<\/td><\/tr><tr><td colspan=\"2\"><strong>BASE ET B\u00c9TON<\/strong><\/td><\/tr><tr><td colspan=\"2\">La dalle de b\u00e9ton (fondation) doit \u00eatre r\u00e9alis\u00e9e selon le plan de b\u00e9ton (dimensions de base) fourni par Karmod. La dalle de b\u00e9ton et l&#039;\u00e9tude du sol sont \u00e0 la charge du client. Le b\u00e2timent est fix\u00e9 au sol avec des ancrages et des chevilles en acier. Un radier ancr\u00e9 ou une fondation en treillis m\u00e9tallique doit \u00eatre pr\u00e9par\u00e9. Le client est responsable de toutes les op\u00e9rations d&#039;excavation.<\/td><\/tr><tr><td colspan=\"2\"><strong>COUVERTURE DE LA GARANTIE<\/strong><\/td><\/tr><tr><td colspan=\"2\">Les produits Karmod sont fabriqu\u00e9s avec une technologie de pointe. Une garantie de 1 an est fournie contre les d\u00e9fauts de fabrication. Si les \u00e9tiquettes en aluminium et adh\u00e9sives de marque Karmod ont \u00e9t\u00e9 retir\u00e9es, la garantie sera interrompue. En cas de panne, la d\u00e9tection des d\u00e9fauts doit \u00eatre effectu\u00e9e correctement. Afin de r\u00e9soudre le probl\u00e8me, les documents demand\u00e9s doivent \u00eatre envoy\u00e9s \u00e0 Karmod et les photographies doivent \u00eatre prises \u00e0 des distances de 30 cm, 2 m et 10 m afin d&#039;envoyer le mat\u00e9riel et l&#039;\u00e9quipe appropri\u00e9s. Sinon, m\u00eame le produit est couvert par la garantie, la livraison du service ne sera pas effectu\u00e9e<\/td><\/tr><\/tbody><\/table><\/div><div class=\"rg-source-and-credit\"><div class=\"rg-source\">Karmod Prefabricated Building Technologies a le droit d&#039;apporter des modifications aux sp\u00e9cifications techniques<\/div><\/div><\/div>\n<\/div>\n\n\t<\/div>\n<\/section>","protected":false},"excerpt":{"rendered":"<p>LIGHT STEEL STRUCTURES TECHNICAL SPECIFICATIONSTECHNICAL DATAEARTHQUAKE CONDITIONS(3rd degree earthquake zone) effective ground acceleration coefficient A0=0,4CLIMATE CONDITIONSProduction is made based on 3rd climate zone.SNOW LOAD80 Kg\/m2 ( varies depending on where assemble )WIND SPEED80 km\/h (must be fixed to the ground)EXTERIOR WALL INSULATION COEFFICIENTK: 0.45 Kcal\/m\u00b2hC ( K: 0,53 W\/m\u00b2 K )INTERIOR WALL INSULATION COEFFICIENTK: 0.44&#8230;<\/p>","protected":false},"author":1,"featured_media":0,"parent":0,"menu_order":0,"comment_status":"closed","ping_status":"closed","template":"","meta":{"footnotes":""},"class_list":["post-2583","page","type-page","status-publish","hentry"],"acf":[],"_links":{"self":[{"href":"https:\/\/karmod.com.ng\/fr\/wp-json\/wp\/v2\/pages\/2583","targetHints":{"allow":["GET"]}}],"collection":[{"href":"https:\/\/karmod.com.ng\/fr\/wp-json\/wp\/v2\/pages"}],"about":[{"href":"https:\/\/karmod.com.ng\/fr\/wp-json\/wp\/v2\/types\/page"}],"author":[{"embeddable":true,"href":"https:\/\/karmod.com.ng\/fr\/wp-json\/wp\/v2\/users\/1"}],"replies":[{"embeddable":true,"href":"https:\/\/karmod.com.ng\/fr\/wp-json\/wp\/v2\/comments?post=2583"}],"version-history":[{"count":2,"href":"https:\/\/karmod.com.ng\/fr\/wp-json\/wp\/v2\/pages\/2583\/revisions"}],"predecessor-version":[{"id":2586,"href":"https:\/\/karmod.com.ng\/fr\/wp-json\/wp\/v2\/pages\/2583\/revisions\/2586"}],"wp:attachment":[{"href":"https:\/\/karmod.com.ng\/fr\/wp-json\/wp\/v2\/media?parent=2583"}],"curies":[{"name":"wp","href":"https:\/\/api.w.org\/{rel}","templated":true}]}}