{"id":2588,"date":"2017-08-01T07:23:44","date_gmt":"2017-08-01T07:23:44","guid":{"rendered":"http:\/\/karmod.com.ng\/?page_id=2588"},"modified":"2017-08-01T07:23:44","modified_gmt":"2017-08-01T07:23:44","slug":"single-storey-prefabricated-houses","status":"publish","type":"page","link":"https:\/\/karmod.com.ng\/fr\/single-storey-prefabricated-houses\/","title":{"rendered":"Maisons pr\u00e9fabriqu\u00e9es \u00e0 un \u00e9tage"},"content":{"rendered":"<section class=\"fw-main-row\"  >\n\t<div class=\"fw-container\">\n\t\t<div class=\"fw-row\">\n\t<div class=\"fw-col-xs-12\">\n\t<h6>Maisons modulaires pr\u00e9fabriqu\u00e9es \u00e9conomiques durables<\/h6><p>Chacun de notre vaste choix de plans de maisons modulaires pr\u00e9fabriqu\u00e9es \u00e0 un \u00e9tage peut \u00eatre personnalis\u00e9 pour correspondre \u00e0 vos go\u00fbts et \u00e0 votre style de vie. Nos ing\u00e9nieurs experts vous aideront \u00e9galement \u00e0 concevoir et \u00e0 construire le plan de maison modulaire personnalis\u00e9 de vos r\u00eaves. Les maisons pr\u00e9fabriqu\u00e9es Karmod int\u00e8grent les derni\u00e8res technologies, des composants de haute qualit\u00e9 et des prix \u00e9conomiques. Nos maisons pr\u00e9fabriqu\u00e9es varient en style, en taille et en options afin de convenir \u00e0 tous les go\u00fbts et \u00e0 tous les budgets. Les maisons modulaires Karmod sont construites dans un environnement d&#039;usine contr\u00f4l\u00e9 sous un contr\u00f4le qualit\u00e9 strict, puis transport\u00e9es sur le site, o\u00f9 elles sont install\u00e9es par nos \u00e9quipes professionnelles sur des fondations permanentes.<\/p><p>Commandez la maison de vos r\u00eaves d\u00e8s aujourd&#039;hui et profitez des avantages des maisons pr\u00e9fabriqu\u00e9es.<\/p><\/div>\n<\/div>\n\n<div class=\"fw-row\">\n\t<div class=\"fw-col-xs-12\">\n\t\n\t<div class=\"fw-divider-space\" style=\"padding-top: 50px;\"><\/div>\n<\/div>\n<\/div>\n\n<div class=\"fw-row\">\n\t<div class=\"fw-col-xs-12 fw-col-sm-4\">\n\t<div class=\"fw-heading fw-heading-h2\">\n\t\t<h2 class='fw-special-title'>MAISON PREFABRIQUE 49m\u00b2<\/h2>\t<\/div><p><img decoding=\"async\" src=\"http:\/\/karmod.com\/images\/icerik\/kapak\/en\/affordable-houses.jpg\" alt=\"49 m2 Prefabricated House\" \/><\/p><\/div>\n<div class=\"fw-col-xs-12 fw-col-sm-4\">\n\t<div class=\"fw-heading fw-heading-h2\">\n\t\t<h2 class='fw-special-title'>MAISON PR\u00c9FABRIQU\u00c9E 52m\u00b2<\/h2>\t<\/div><p><strong><img decoding=\"async\" src=\"http:\/\/karmod.com\/images\/icerik\/kapak\/en\/prefabricated-houses.jpg\" alt=\"51 m2  Prefabricated House\" \/><\/strong><\/p><\/div>\n<div class=\"fw-col-xs-12 fw-col-sm-4\">\n\t<div class=\"fw-heading fw-heading-h2\">\n\t\t<h2 class='fw-special-title'>MAISON PREFABRIQUE 61m\u00b2<\/h2>\t<\/div><p><img decoding=\"async\" src=\"http:\/\/karmod.com\/images\/icerik\/kapak\/en\/modular-homes.jpg\" alt=\"61 m2  Prefabricated House\" \/><\/p><\/div>\n<\/div>\n\n<div class=\"fw-row\">\n\t<div class=\"fw-col-xs-12\">\n\t\n\t<div class=\"fw-divider-space\" style=\"padding-top: 50px;\"><\/div>\n<\/div>\n<\/div>\n\n<div class=\"fw-row\">\n\t<div class=\"fw-col-xs-12 fw-col-sm-4\">\n\t<div class=\"fw-heading fw-heading-h2\">\n\t\t<h2 class='fw-special-title'>MAISON PREFABRIQUE 71m\u00b2<\/h2>\t<\/div><p><img decoding=\"async\" src=\"http:\/\/karmod.com\/images\/icerik\/kapak\/en\/affordable-housing.jpg\" alt=\"71 m2  Prefabricated House\" \/><\/p><\/div>\n<div class=\"fw-col-xs-12 fw-col-sm-4\">\n\t<div class=\"fw-heading fw-heading-h2\">\n\t\t<h2 class='fw-special-title'>MAISON PREFABRIQUE 73m\u00b2<\/h2>\t<\/div><p><img decoding=\"async\" src=\"http:\/\/karmod.com\/images\/icerik\/kapak\/en\/prefabricated-homes.jpg\" alt=\"73 m2  Prefabricated House\" \/><\/p><\/div>\n<div class=\"fw-col-xs-12 fw-col-sm-4\">\n\t<div class=\"fw-heading fw-heading-h2\">\n\t\t<h2 class='fw-special-title'>MAISON PR\u00c9FABRIQU\u00c9E 75m\u00b2<\/h2>\t<\/div><p><img decoding=\"async\" src=\"http:\/\/karmod.com\/images\/icerik\/kapak\/en\/prefab-housing.jpg\" alt=\"75 m2  Prefabricated House\" \/><\/p><\/div>\n<\/div>\n\n<div class=\"fw-row\">\n\t<div class=\"fw-col-xs-12\">\n\t\n\t<div class=\"fw-divider-space\" style=\"padding-top: 50px;\"><\/div>\n<\/div>\n<\/div>\n\n<div class=\"fw-row\">\n\t<div class=\"fw-col-xs-12 fw-col-sm-4\">\n\t<div class=\"fw-heading fw-heading-h2\">\n\t\t<h2 class='fw-special-title'>MAISON PR\u00c9FABRIQU\u00c9E 82m\u00b2<\/h2>\t<\/div><p><img decoding=\"async\" src=\"http:\/\/karmod.com\/images\/icerik\/kapak\/en\/low-cost-housing.jpg\" alt=\"82 m2  Prefabricated House\" \/><\/p><\/div>\n<div class=\"fw-col-xs-12 fw-col-sm-4\">\n\t<div class=\"fw-heading fw-heading-h2\">\n\t\t<h2 class='fw-special-title'>MAISON PREFABRIQUEE 86m\u00b2<\/h2>\t<\/div><p><strong><img decoding=\"async\" src=\"http:\/\/karmod.com\/images\/icerik\/kapak\/en\/prefabricated.jpg\" alt=\"86 m2  Prefabricated House\" \/><\/strong><\/p><\/div>\n<div class=\"fw-col-xs-12 fw-col-sm-4\">\n\t<div class=\"fw-heading fw-heading-h2\">\n\t\t<h2 class='fw-special-title'>MAISON PREFABRIQUEE 87m\u00b2<\/h2>\t<\/div><p><img decoding=\"async\" src=\"http:\/\/karmod.com\/images\/icerik\/kapak\/en\/prefab-house.jpg\" alt=\"87 m2  Prefabricated House\" \/><\/p><\/div>\n<\/div>\n\n<div class=\"fw-row\">\n\t<div class=\"fw-col-xs-12\">\n\t\n\t<div class=\"fw-divider-space\" style=\"padding-top: 50px;\"><\/div>\n<\/div>\n<\/div>\n\n<div class=\"fw-row\">\n\t<div class=\"fw-col-xs-12 fw-col-sm-4\">\n\t<div class=\"fw-heading fw-heading-h2\">\n\t\t<h2 class='fw-special-title'>MAISON PR\u00c9FABRIQU\u00c9E 88m\u00b2<\/h2>\t<\/div><p><img decoding=\"async\" src=\"http:\/\/karmod.com\/images\/icerik\/kapak\/en\/prefab-houses.jpg\" alt=\"88 m2  Prefabricated House\" \/><\/p><\/div>\n<div class=\"fw-col-xs-12 fw-col-sm-4\">\n\t<div class=\"fw-heading fw-heading-h2\">\n\t\t<h2 class='fw-special-title'>MAISON PR\u00c9FABRIQU\u00c9E 94m\u00b2<\/h2>\t<\/div><p><img decoding=\"async\" src=\"http:\/\/karmod.com\/images\/icerik\/kapak\/en\/prefabricated-housing.jpg\" alt=\"94 m2  Prefabricated House\" \/><\/p><\/div>\n<div class=\"fw-col-xs-12 fw-col-sm-4\">\n\t<div class=\"fw-heading fw-heading-h2\">\n\t\t<h2 class='fw-special-title'>MAISON PREFABRIQUE 96m\u00b2<\/h2>\t<\/div><p><img decoding=\"async\" src=\"http:\/\/karmod.com\/images\/icerik\/kapak\/en\/economic-socialized-housing.jpg\" alt=\"96 m2  Prefabricated House\" \/><\/p><\/div>\n<\/div>\n\n<div class=\"fw-row\">\n\t<div class=\"fw-col-xs-12\">\n\t\n\t<div class=\"fw-divider-space\" style=\"padding-top: 50px;\"><\/div>\n<\/div>\n<\/div>\n\n<div class=\"fw-row\">\n\t<div class=\"fw-col-xs-12 fw-col-sm-4\">\n\t<div class=\"fw-heading fw-heading-h2\">\n\t\t<h2 class='fw-special-title'>MAISON PREFABRIQUE 97m\u00b2<\/h2>\t<\/div><p><img decoding=\"async\" src=\"http:\/\/karmod.com\/images\/icerik\/kapak\/en\/prefab-house-south-africa.jpg\" alt=\"97 m2  Prefabricated House\" \/><\/p><\/div>\n<div class=\"fw-col-xs-12 fw-col-sm-4\">\n\t<div class=\"fw-heading fw-heading-h2\">\n\t\t<h2 class='fw-special-title'>MAISON PREFABRIQUE 98m\u00b2<\/h2>\t<\/div><p><img decoding=\"async\" src=\"http:\/\/karmod.com\/images\/icerik\/kapak\/en\/low-cost-prefab-housing.jpg\" alt=\"98 m2  Prefabricated House\" \/><\/p><\/div>\n<div class=\"fw-col-xs-12 fw-col-sm-4\">\n\t<div class=\"fw-heading fw-heading-h2\">\n\t\t<h2 class='fw-special-title'>MAISON PR\u00c9FABRIQU\u00c9E 102m\u00b2<\/h2>\t<\/div><p><img decoding=\"async\" src=\"http:\/\/karmod.com\/images\/icerik\/kapak\/en\/modular-prefab-homes.jpg\" alt=\"102 m2 Prefabricated House\" \/><\/p><\/div>\n<\/div>\n\n<div class=\"fw-row\">\n\t<div class=\"fw-col-xs-12\">\n\t\n<\/div>\n<\/div>\n\n<div class=\"fw-row\">\n\t<div class=\"fw-col-xs-12 fw-col-sm-4\">\n\t<div class=\"fw-heading fw-heading-h2\">\n\t\t<h2 class='fw-special-title'>MAISON PREFABRIQUE 105m\u00b2<\/h2>\t<\/div><p><img decoding=\"async\" src=\"http:\/\/karmod.com\/images\/icerik\/kapak\/en\/prefab-panelized-homes.jpg\" alt=\"105 m2  Prefabricated House\" \/><\/p><\/div>\n<div class=\"fw-col-xs-12 fw-col-sm-4\">\n\t<div class=\"fw-heading fw-heading-h2\">\n\t\t<h2 class='fw-special-title'>MAISON PREFABRIQUE 107m\u00b2<\/h2>\t<\/div><p><img decoding=\"async\" src=\"http:\/\/karmod.com\/images\/icerik\/kapak\/en\/prefab-steel-homes.jpg\" alt=\"107 m2  Prefabricated House\" \/><\/p><\/div>\n<div class=\"fw-col-xs-12 fw-col-sm-4\">\n\t<div class=\"fw-heading fw-heading-h2\">\n\t\t<h2 class='fw-special-title'>MAISON PREFABRIQUEE 126m\u00b2<\/h2>\t<\/div><p><img decoding=\"async\" src=\"http:\/\/karmod.com\/images\/icerik\/kapak\/en\/prefabricated-steel-houses.jpg\" alt=\"126 m2 Prefabricated House\" \/><\/p><\/div>\n<\/div>\n\n<div class=\"fw-row\">\n\t<div class=\"fw-col-xs-12\">\n\t\n\t<div class=\"fw-divider-space\" style=\"padding-top: 50px;\"><\/div>\n<\/div>\n<\/div>\n\n<div class=\"fw-row\">\n\t<div class=\"fw-col-xs-12 fw-col-sm-4\">\n\t<div class=\"fw-heading fw-heading-h2\">\n\t\t<h2 class='fw-special-title'>MAISON PREFABRIQUEE 149m\u00b2<\/h2>\t<\/div><p><img decoding=\"async\" src=\"http:\/\/karmod.com\/images\/icerik\/kapak\/en\/prefabricated-houses-construction.jpg\" alt=\"149 m2  Prefabricated House\" \/><\/p><\/div>\n<\/div>\n\n\t<\/div>\n<\/section>","protected":false},"excerpt":{"rendered":"<p>Long-lasting economic prefab modular housesEach of our wide selection of one story prefabricated modular home plans may be customized to match your taste and lifestyle. Our expert engineers will help you also design and build the custom modular home plan of your dreams. Karmod prefabricated homes incorporate the latest technology, high quality components and economical&#8230;<\/p>","protected":false},"author":1,"featured_media":0,"parent":0,"menu_order":0,"comment_status":"closed","ping_status":"closed","template":"","meta":{"footnotes":""},"class_list":["post-2588","page","type-page","status-publish","hentry"],"acf":[],"_links":{"self":[{"href":"https:\/\/karmod.com.ng\/fr\/wp-json\/wp\/v2\/pages\/2588","targetHints":{"allow":["GET"]}}],"collection":[{"href":"https:\/\/karmod.com.ng\/fr\/wp-json\/wp\/v2\/pages"}],"about":[{"href":"https:\/\/karmod.com.ng\/fr\/wp-json\/wp\/v2\/types\/page"}],"author":[{"embeddable":true,"href":"https:\/\/karmod.com.ng\/fr\/wp-json\/wp\/v2\/users\/1"}],"replies":[{"embeddable":true,"href":"https:\/\/karmod.com.ng\/fr\/wp-json\/wp\/v2\/comments?post=2588"}],"version-history":[{"count":4,"href":"https:\/\/karmod.com.ng\/fr\/wp-json\/wp\/v2\/pages\/2588\/revisions"}],"predecessor-version":[{"id":2592,"href":"https:\/\/karmod.com.ng\/fr\/wp-json\/wp\/v2\/pages\/2588\/revisions\/2592"}],"wp:attachment":[{"href":"https:\/\/karmod.com.ng\/fr\/wp-json\/wp\/v2\/media?parent=2588"}],"curies":[{"name":"wp","href":"https:\/\/api.w.org\/{rel}","templated":true}]}}