{"id":2593,"date":"2017-08-01T07:37:55","date_gmt":"2017-08-01T07:37:55","guid":{"rendered":"http:\/\/karmod.com.ng\/?page_id=2593"},"modified":"2017-08-01T07:37:55","modified_gmt":"2017-08-01T07:37:55","slug":"two-storey-prefabricated-houses","status":"publish","type":"page","link":"https:\/\/karmod.com.ng\/fr\/two-storey-prefabricated-houses\/","title":{"rendered":"Maisons pr\u00e9fabriqu\u00e9es \u00e0 deux \u00e9tages"},"content":{"rendered":"<section class=\"fw-main-row\"  >\n\t<div class=\"fw-container\">\n\t\t<div class=\"fw-row\">\n\t<div class=\"fw-col-xs-12\">\n\t<h6>De nouvelles maisons modulaires pr\u00e9fabriqu\u00e9es pour tous les budgets<\/h6><p>Nos maisons pr\u00e9fabriqu\u00e9es en duplex ont un design accrocheur qui refl\u00e8te les lignes modernes et offrent un confort avec leurs int\u00e9rieurs spacieux. Les maisons modulaires pr\u00e9fabriqu\u00e9es \u00e0 deux \u00e9tages Karmod sont disponibles dans une large gamme de plans et de conceptions qui conviennent aux go\u00fbts et aux modes de vie des diff\u00e9rents clients. Les maisons modulaires con\u00e7ues en usine offrent des solutions fiables, rapides et \u00e9conomiques qui r\u00e9pondent \u00e0 diverses conditions climatiques. Nos maisons et villas modulaires pr\u00e9fabriqu\u00e9es durables sont pr\u00e9f\u00e9r\u00e9es dans le monde entier en tant que maisons urbaines, en centre-ville, maisons de plage et maisons rurales.<\/p><p>Les villas pr\u00e9fabriqu\u00e9es Karmod int\u00e8grent une architecture contemporaine \u00e9l\u00e9gante, des int\u00e9rieurs spacieux et des prix \u00e9conomiques<\/p><\/div>\n<\/div>\n\n<div class=\"fw-row\">\n\t<div class=\"fw-col-xs-12\">\n\t\n\t<div class=\"fw-divider-space\" style=\"padding-top: 50px;\"><\/div>\n<\/div>\n<\/div>\n\n<div class=\"fw-row\">\n\t<div class=\"fw-col-xs-12 fw-col-sm-4\">\n\t<div class=\"fw-heading fw-heading-h2\">\n\t\t<h2 class='fw-special-title'>MAISON PREFABRIQUE 91m\u00b2<\/h2>\t<\/div><p><img decoding=\"async\" src=\"http:\/\/karmod.com\/images\/icerik\/kapak\/en\/prefab-villas.jpg\" alt=\"91 m2  Prefabricated House\" \/><\/p><\/div>\n<div class=\"fw-col-xs-12 fw-col-sm-4\">\n\t<div class=\"fw-heading fw-heading-h2\">\n\t\t<h2 class='fw-special-title'>MAISON PR\u00c9FABRIQU\u00c9E 112m\u00b2<\/h2>\t<\/div><p><img decoding=\"async\" src=\"http:\/\/karmod.com\/images\/icerik\/kapak\/en\/prefabricated-villas.jpg\" alt=\"112 m2 Prefabricated House\" \/><\/p><\/div>\n<div class=\"fw-col-xs-12 fw-col-sm-4\">\n\t<div class=\"fw-heading fw-heading-h2\">\n\t\t<h2 class='fw-special-title'>MAISON PREFABRIQUEE 114m\u00b2<\/h2>\t<\/div><p><img decoding=\"async\" src=\"http:\/\/karmod.com\/images\/icerik\/kapak\/en\/double-storey-houses.jpg\" alt=\"114 m2 Prefabricated House\" \/><\/p><\/div>\n<\/div>\n\n<div class=\"fw-row\">\n\t<div class=\"fw-col-xs-12\">\n\t\n\t<div class=\"fw-divider-space\" style=\"padding-top: 50px;\"><\/div>\n<\/div>\n<\/div>\n\n<div class=\"fw-row\">\n\t<div class=\"fw-col-xs-12 fw-col-sm-4\">\n\t<div class=\"fw-heading fw-heading-h2\">\n\t\t<h2 class='fw-special-title'>MAISON PR\u00c9FABRIQU\u00c9E 124m\u00b2<\/h2>\t<\/div><p><img decoding=\"async\" src=\"http:\/\/karmod.com\/images\/icerik\/kapak\/en\/two-story-prefab-homes.jpg\" alt=\"124 m2 Prefabricated House\" \/><\/p><\/div>\n<div class=\"fw-col-xs-12 fw-col-sm-4\">\n\t<div class=\"fw-heading fw-heading-h2\">\n\t\t<h2 class='fw-special-title'>MAISON PR\u00c9FABRIQU\u00c9E 125m\u00b2<\/h2>\t<\/div><p><img decoding=\"async\" src=\"http:\/\/karmod.com\/images\/icerik\/kapak\/en\/two-storey-modular-homes.jpg\" alt=\"125 m2 Prefabricated House\" \/><\/p><\/div>\n<div class=\"fw-col-xs-12 fw-col-sm-4\">\n\t<div class=\"fw-heading fw-heading-h2\">\n\t\t<h2 class='fw-special-title'>MAISON PREFABRIQUEE 127m\u00b2<\/h2>\t<\/div><p><img decoding=\"async\" src=\"http:\/\/karmod.com\/images\/icerik\/kapak\/en\/affordable-social-housing.jpg\" alt=\"127 m2  Prefabricated House\" \/><\/p><\/div>\n<\/div>\n\n<div class=\"fw-row\">\n\t<div class=\"fw-col-xs-12\">\n\t\n\t<div class=\"fw-divider-space\" style=\"padding-top: 50px;\"><\/div>\n<\/div>\n<\/div>\n\n<div class=\"fw-row\">\n\t<div class=\"fw-col-xs-12 fw-col-sm-4\">\n\t<div class=\"fw-heading fw-heading-h2\">\n\t\t<h2 class='fw-special-title'>MAISON PREFABRIQUE 130m\u00b2<\/h2>\t<\/div><p><img decoding=\"async\" src=\"http:\/\/karmod.com\/images\/icerik\/kapak\/en\/double-storey-prefab-houses.jpg\" alt=\"130 m2 Prefabricated House\" \/><\/p><\/div>\n<div class=\"fw-col-xs-12 fw-col-sm-4\">\n\t<div class=\"fw-heading fw-heading-h2\">\n\t\t<h2 class='fw-special-title'>MAISON PR\u00c9FABRIQU\u00c9E 132m\u00b2<\/h2>\t<\/div><p><img decoding=\"async\" src=\"http:\/\/karmod.com\/images\/icerik\/kapak\/en\/double-storey-housing.jpg\" alt=\"132 m2 Prefabricated House\" \/><\/p><\/div>\n<div class=\"fw-col-xs-12 fw-col-sm-4\">\n\t<div class=\"fw-heading fw-heading-h2\">\n\t\t<h2 class='fw-special-title'>MAISON PREFABRIQUEE 147m\u00b2<\/h2>\t<\/div><p><img decoding=\"async\" src=\"http:\/\/karmod.com\/images\/icerik\/kapak\/en\/two-storey-prefab-homes.jpg\" alt=\"147 m2 Prefabricated House\" \/><\/p><\/div>\n<\/div>\n\n<div class=\"fw-row\">\n\t<div class=\"fw-col-xs-12\">\n\t\n\t<div class=\"fw-divider-space\" style=\"padding-top: 50px;\"><\/div>\n<\/div>\n<\/div>\n\n<div class=\"fw-row\">\n\t<div class=\"fw-col-xs-12 fw-col-sm-4\">\n\t<div class=\"fw-heading fw-heading-h2\">\n\t\t<h2 class='fw-special-title'>MAISON PREFABRIQUEE 148m\u00b2<\/h2>\t<\/div><p><img decoding=\"async\" src=\"http:\/\/karmod.com\/images\/icerik\/kapak\/en\/affordable-mass-housing.jpg\" alt=\"148 m2 Prefabricated House\" \/><\/p><\/div>\n<\/div>\n\n\t<\/div>\n<\/section>","protected":false},"excerpt":{"rendered":"<p>New Prefabricated Modular Homes for Every BudgetOur duplex prefabricated houses have the eye-catching design that reflects modern lines and offer comfort with their spacious interiors. Karmod prefabricated two storey modular houses come in wide range of plans and designs that suit different customers\u2019 tastes and lifestyles.The factory engineered modular homes provide reliable, rapid and economical&#8230;<\/p>","protected":false},"author":1,"featured_media":0,"parent":0,"menu_order":0,"comment_status":"closed","ping_status":"closed","template":"","meta":{"footnotes":""},"class_list":["post-2593","page","type-page","status-publish","hentry"],"acf":[],"_links":{"self":[{"href":"https:\/\/karmod.com.ng\/fr\/wp-json\/wp\/v2\/pages\/2593","targetHints":{"allow":["GET"]}}],"collection":[{"href":"https:\/\/karmod.com.ng\/fr\/wp-json\/wp\/v2\/pages"}],"about":[{"href":"https:\/\/karmod.com.ng\/fr\/wp-json\/wp\/v2\/types\/page"}],"author":[{"embeddable":true,"href":"https:\/\/karmod.com.ng\/fr\/wp-json\/wp\/v2\/users\/1"}],"replies":[{"embeddable":true,"href":"https:\/\/karmod.com.ng\/fr\/wp-json\/wp\/v2\/comments?post=2593"}],"version-history":[{"count":3,"href":"https:\/\/karmod.com.ng\/fr\/wp-json\/wp\/v2\/pages\/2593\/revisions"}],"predecessor-version":[{"id":2596,"href":"https:\/\/karmod.com.ng\/fr\/wp-json\/wp\/v2\/pages\/2593\/revisions\/2596"}],"wp:attachment":[{"href":"https:\/\/karmod.com.ng\/fr\/wp-json\/wp\/v2\/media?parent=2593"}],"curies":[{"name":"wp","href":"https:\/\/api.w.org\/{rel}","templated":true}]}}